{"id":6774,"date":"2024-08-05T10:58:55","date_gmt":"2024-08-05T10:58:55","guid":{"rendered":"https:\/\/miligram50.miligram.pt\/versand-umtausch-e-ruecksendungen\/"},"modified":"2025-10-27T12:12:50","modified_gmt":"2025-10-27T12:12:50","slug":"versand-umtausch-e-ruecksendungen","status":"publish","type":"page","link":"https:\/\/chesterboots.pt\/de\/versand-umtausch-e-ruecksendungen\/","title":{"rendered":"Versand, Umtausch e R\u00fccksendungen"},"content":{"rendered":"\t\t<div data-elementor-type=\"wp-page\" data-elementor-id=\"6774\" class=\"elementor elementor-6774 elementor-13\" data-elementor-post-type=\"page\">\n\t\t\t\t<div class=\"elementor-element elementor-element-56471ad e-flex e-con-boxed e-con e-parent\" data-id=\"56471ad\" data-element_type=\"container\" data-e-type=\"container\" data-settings=\"{&quot;jet_parallax_layout_list&quot;:[]}\">\n\t\t\t\t\t<div class=\"e-con-inner\">\n\t\t\t\t<div class=\"elementor-element elementor-element-d2acaaf elementor-widget elementor-widget-heading\" data-id=\"d2acaaf\" data-element_type=\"widget\" data-e-type=\"widget\" data-widget_type=\"heading.default\">\n\t\t\t\t<div class=\"elementor-widget-container\">\n\t\t\t\t\t<h2 class=\"elementor-heading-title elementor-size-default\">Versand, Umtausch e R\u00fccksendungen<\/h2>\t\t\t\t<\/div>\n\t\t\t\t<\/div>\n\t\t<div class=\"elementor-element elementor-element-7fbbebf e-con-full texts-content e-flex e-con e-child\" data-id=\"7fbbebf\" data-element_type=\"container\" data-e-type=\"container\" data-settings=\"{&quot;jet_parallax_layout_list&quot;:[]}\">\n\t\t\t\t<div class=\"elementor-element elementor-element-80cd565 elementor-widget elementor-widget-accordion\" data-id=\"80cd565\" data-element_type=\"widget\" data-e-type=\"widget\" data-widget_type=\"accordion.default\">\n\t\t\t\t<div class=\"elementor-widget-container\">\n\t\t\t\t\t\t\t<div class=\"elementor-accordion\">\n\t\t\t\t\t\t\t<div class=\"elementor-accordion-item\">\n\t\t\t\t\t<div id=\"elementor-tab-title-1351\" class=\"elementor-tab-title\" data-tab=\"1\" role=\"button\" aria-controls=\"elementor-tab-content-1351\" aria-expanded=\"false\">\n\t\t\t\t\t\t\t\t\t\t\t\t\t<span class=\"elementor-accordion-icon elementor-accordion-icon-right\" aria-hidden=\"true\">\n\t\t\t\t\t\t\t\t\t\t\t\t\t\t\t<span class=\"elementor-accordion-icon-closed\"><svg xmlns=\"http:\/\/www.w3.org\/2000\/svg\" xmlns:xlink=\"http:\/\/www.w3.org\/1999\/xlink\" xmlns:serif=\"http:\/\/www.serif.com\/\" width=\"100%\" height=\"100%\" viewBox=\"0 0 21 12\" xml:space=\"preserve\" style=\"fill-rule:evenodd;clip-rule:evenodd;stroke-linejoin:round;stroke-miterlimit:2;\">    <g transform=\"matrix(1,0,0,1,-0.646447,-0.646447)\">        <path d=\"M0.646,1.354L11,11.707L21.354,1.354L20.646,0.646L11,10.293C11,10.293 1.354,0.646 1.354,0.646L0.646,1.354Z\"><\/path>    <\/g><\/svg><\/span>\n\t\t\t\t\t\t\t\t<span class=\"elementor-accordion-icon-opened\"><svg xmlns=\"http:\/\/www.w3.org\/2000\/svg\" xmlns:xlink=\"http:\/\/www.w3.org\/1999\/xlink\" xmlns:serif=\"http:\/\/www.serif.com\/\" width=\"100%\" height=\"100%\" viewBox=\"0 0 21 12\" xml:space=\"preserve\" style=\"fill-rule:evenodd;clip-rule:evenodd;stroke-linejoin:round;stroke-miterlimit:2;\">    <g transform=\"matrix(1,0,0,1,-0.646447,-0.646447)\">        <path d=\"M0.646,1.354L11,11.707L21.354,1.354L20.646,0.646L11,10.293C11,10.293 1.354,0.646 1.354,0.646L0.646,1.354Z\"><\/path>    <\/g><\/svg><\/span>\n\t\t\t\t\t\t\t\t\t\t\t\t\t\t<\/span>\n\t\t\t\t\t\t\t\t\t\t\t\t<a class=\"elementor-accordion-title\" tabindex=\"0\">1 - Welche Versandkosten und Lieferzeiten gelten f\u00fcr mein Land?<\/a>\n\t\t\t\t\t<\/div>\n\t\t\t\t\t<div id=\"elementor-tab-content-1351\" class=\"elementor-tab-content elementor-clearfix\" data-tab=\"1\" role=\"region\" aria-labelledby=\"elementor-tab-title-1351\"><p><strong>Versand<\/strong><\/p>\n<p>Wir liefern nach Portugal (Festland und Inseln), Spanien (Festland und Balearen), die Niederlande, Frankreich (Festland), Belgien, Luxemburg, Italien (Festland), die Schweiz, Polen, D\u00e4nemark, Finnland, Estland, Norwegen, Litauen und Ungarn.<\/p>\n<p>Falls das bestellte Produkt nicht auf Lager ist, kann die Bestellung erst innerhalb von 1 bis 10 Werktagen nach Zahlungseingang versendet werden. Sollte diese Frist zu lang sein, kontaktieren Sie bitte unseren Kundenservice (<a href=\"mailto:support@chesterboots.pt\">support@chesterboots.pt<\/a> oder WhatsApp: <a href=\"tel:+351 912 189 829\">+351 912 189 829<\/a>), und wir werden versuchen, Ihrem Wunsch nachzukommen.<br \/>Lieferungen und Abholungen in Portugal (Festland) sowie Spanien (Festland und Balearen) erfolgen durch Nacex an Werktagen bis 19:00 Uhr. Falls Sie zum Zeitpunkt der Lieferung nicht zu Hause sind, werden Sie kontaktiert, um einen neuen Liefertermin zu vereinbaren. Wenn der Kunde die Bestellung nicht entgegennimmt und eine erneute Lieferung w\u00fcnscht, werden Versandkosten berechnet.<\/p>\n<p>In den Niederlanden, Frankreich (Festland), Belgien, Luxemburg, Italien (Festland), Polen, D\u00e4nemark, Estland, Norwegen, Litauen, Ungarn und Finnland erfolgen Lieferungen und Abholungen durch DHL und DPD. Der Kunde kann den Versandstatus online verfolgen. Eine Terminvereinbarung f\u00fcr die Lieferung ist nicht m\u00f6glich; die Zustellung erfolgt ohne vorherige Kontaktaufnahme durch den Zusteller. Daher ist es wichtig, dass jemand zur Annahme der Lieferung anwesend ist.<\/p>\n<p>Lieferungen und Abholungen in die Schweiz erfolgen ebenfalls durch DHL. Da es sich um ein Nicht-EU-Land handelt, k\u00f6nnen zus\u00e4tzliche Geb\u00fchren oder Steuern anfallen.<br \/>Je nach Zielland enthalten die Produktpreise die Mehrwertsteuer oder andere anwendbare Steuern, jedoch keine Versandkosten oder Einfuhrgeb\u00fchren.<\/p>\n<p>An Feiertagen erfolgt kein Versand.<\/p>\n<p><strong>Versandkosten und Lieferzeiten nach dem Versand<\/strong><\/p>\n<table cellspacing=\"0\" cellpadding=\"0\">\n<tbody>\n<tr>\n<td valign=\"top\"><b>LAND<\/b><\/td>\n<p><\/p>\n<td valign=\"top\"><b>VERSANDKOSTEN<\/b><\/td>\n<p><\/p>\n<td valign=\"top\"><b>GESCH\u00c4TZTE LIEFERZEIT NACH VERSAND<\/b><\/td>\n<p><\/tr>\n<p><\/p>\n<tr>\n<td valign=\"top\">Portugal \u2013 Festland<\/td>\n<td valign=\"top\">7,95\u20ac<\/td>\n<td valign=\"top\">N\u00e4chster Werktag bis 19:00 Uhr<\/td>\n<\/tr>\n<p><\/p>\n<tr>\n<td valign=\"top\">Portugal \u2013 Inseln<\/td>\n<td valign=\"top\">55,95\u20ac<\/td>\n<td valign=\"top\">2 bis 5 Werktage<\/td>\n<\/tr>\n<p><\/p>\n<tr>\n<td valign=\"top\">Spanien \u2013 Festland<\/td>\n<td valign=\"top\">15,95\u20ac<\/td>\n<td valign=\"top\">N\u00e4chster Werktag bis 19:00 Uhr<\/td>\n<\/tr>\n<p><\/p>\n<tr>\n<td valign=\"top\">Spanien \u2013 Balearen<\/td>\n<td valign=\"top\">30,95\u20ac<\/td>\n<td valign=\"top\">N\u00e4chster Werktag bis 19:00 Uhr<\/td>\n<\/tr>\n<p><\/p>\n<tr>\n<td valign=\"top\">Niederlande<\/td>\n<td valign=\"top\">39,95\u20ac<\/td>\n<td valign=\"top\">3 bis 4 Werktage<\/td>\n<\/tr>\n<p><\/p>\n<tr>\n<td valign=\"top\">Frankreich \u2013 Festland<\/td>\n<td valign=\"top\">39,95\u20ac<\/td>\n<td valign=\"top\">2 bis 4 Werktage<\/td>\n<\/tr>\n<p><\/p>\n<tr>\n<td valign=\"top\">Belgien<\/td>\n<td valign=\"top\">39,95\u20ac<\/td>\n<td valign=\"top\">3 Werktage<\/td>\n<\/tr>\n<p><\/p>\n<tr>\n<td valign=\"top\">Luxemburg<\/td>\n<td valign=\"top\">39,95\u20ac<\/td>\n<td valign=\"top\">3 Werktage<\/td>\n<\/tr>\n<p><\/p>\n<tr>\n<td valign=\"top\">Italien \u2013 Festland<\/td>\n<td valign=\"top\">39,95\u20ac<\/td>\n<td valign=\"top\">3 Werktage<\/td>\n<\/tr>\n<p><\/p>\n<tr>\n<td valign=\"top\">Schweiz<\/td>\n<td valign=\"top\">39,95\u20ac<\/td>\n<td valign=\"top\">4 Werktage<\/td>\n<\/tr>\n<p><\/p>\n<tr>\n<td valign=\"top\">Polen<\/td>\n<td valign=\"top\">39,95\u20ac<\/td>\n<td valign=\"top\">4 Werktage<\/td>\n<\/tr>\n<p><\/p>\n<tr>\n<td valign=\"top\">D\u00e4nemark<\/td>\n<td valign=\"top\">39,95\u20ac<\/td>\n<td valign=\"top\">4 Werktage<\/td>\n<\/tr>\n<p><\/p>\n<tr>\n<td valign=\"top\">Estland<\/td>\n<td valign=\"top\">39,95\u20ac<\/td>\n<td valign=\"top\">6 bis 8 Werktage<\/td>\n<\/tr>\n<p><\/p>\n<tr>\n<td valign=\"top\">Norwegen<\/td>\n<td valign=\"top\">50,95\u20ac<\/td>\n<td valign=\"top\">5 bis 6 Werktage<\/td>\n<\/tr>\n<p><\/p>\n<tr>\n<td valign=\"top\">Litauen<\/td>\n<td valign=\"top\">39,95\u20ac<\/td>\n<td valign=\"top\">5 Werktage<\/td>\n<\/tr>\n<p><\/p>\n<tr>\n<td valign=\"top\">Ungarn<\/td>\n<td valign=\"top\">39,95\u20ac<\/td>\n<td valign=\"top\">4 bis 5 Werktage<\/td>\n<\/tr>\n<p><\/p>\n<tr>\n<td valign=\"top\">Finnland<\/td>\n<td valign=\"top\">50,95\u20ac<\/td>\n<td valign=\"top\">5 Werktage<\/td>\n<\/tr>\n<p><\/tbody>\n<p><\/table>\n<\/div>\n\t\t\t\t<\/div>\n\t\t\t\t\t\t\t<div class=\"elementor-accordion-item\">\n\t\t\t\t\t<div id=\"elementor-tab-title-1352\" class=\"elementor-tab-title\" data-tab=\"2\" role=\"button\" aria-controls=\"elementor-tab-content-1352\" aria-expanded=\"false\">\n\t\t\t\t\t\t\t\t\t\t\t\t\t<span class=\"elementor-accordion-icon elementor-accordion-icon-right\" aria-hidden=\"true\">\n\t\t\t\t\t\t\t\t\t\t\t\t\t\t\t<span class=\"elementor-accordion-icon-closed\"><svg xmlns=\"http:\/\/www.w3.org\/2000\/svg\" xmlns:xlink=\"http:\/\/www.w3.org\/1999\/xlink\" xmlns:serif=\"http:\/\/www.serif.com\/\" width=\"100%\" height=\"100%\" viewBox=\"0 0 21 12\" xml:space=\"preserve\" style=\"fill-rule:evenodd;clip-rule:evenodd;stroke-linejoin:round;stroke-miterlimit:2;\">    <g transform=\"matrix(1,0,0,1,-0.646447,-0.646447)\">        <path d=\"M0.646,1.354L11,11.707L21.354,1.354L20.646,0.646L11,10.293C11,10.293 1.354,0.646 1.354,0.646L0.646,1.354Z\"><\/path>    <\/g><\/svg><\/span>\n\t\t\t\t\t\t\t\t<span class=\"elementor-accordion-icon-opened\"><svg xmlns=\"http:\/\/www.w3.org\/2000\/svg\" xmlns:xlink=\"http:\/\/www.w3.org\/1999\/xlink\" xmlns:serif=\"http:\/\/www.serif.com\/\" width=\"100%\" height=\"100%\" viewBox=\"0 0 21 12\" xml:space=\"preserve\" style=\"fill-rule:evenodd;clip-rule:evenodd;stroke-linejoin:round;stroke-miterlimit:2;\">    <g transform=\"matrix(1,0,0,1,-0.646447,-0.646447)\">        <path d=\"M0.646,1.354L11,11.707L21.354,1.354L20.646,0.646L11,10.293C11,10.293 1.354,0.646 1.354,0.646L0.646,1.354Z\"><\/path>    <\/g><\/svg><\/span>\n\t\t\t\t\t\t\t\t\t\t\t\t\t\t<\/span>\n\t\t\t\t\t\t\t\t\t\t\t\t<a class=\"elementor-accordion-title\" tabindex=\"0\">2 - Wie kann ich einen Artikel umtauschen?<\/a>\n\t\t\t\t\t<\/div>\n\t\t\t\t\t<div id=\"elementor-tab-content-1352\" class=\"elementor-tab-content elementor-clearfix\" data-tab=\"2\" role=\"region\" aria-labelledby=\"elementor-tab-title-1352\"><p>Wir m\u00f6chten, dass unsere Kunden mit ihrem Einkauf zufrieden sind. Sie haben 14 Tage ab dem Datum des Erhalts Ihrer Bestellung Zeit, um einen kostenlosen Umtausch des\/der Artikel(s) zu beantragen. Wir akzeptieren nur Umtausche von Gr\u00f6\u00dfen bei Artikeln, die auf Lager sind.<\/p>\n<p>Um einen Umtausch zu beantragen, muss der Kunde das Formular in seinem Kundenbereich ausf\u00fcllen und alle Informationen zu dem Produkt angeben, das er umtauschen m\u00f6chte.<\/p>\n<\/div>\n\t\t\t\t<\/div>\n\t\t\t\t\t\t\t<div class=\"elementor-accordion-item\">\n\t\t\t\t\t<div id=\"elementor-tab-title-1353\" class=\"elementor-tab-title\" data-tab=\"3\" role=\"button\" aria-controls=\"elementor-tab-content-1353\" aria-expanded=\"false\">\n\t\t\t\t\t\t\t\t\t\t\t\t\t<span class=\"elementor-accordion-icon elementor-accordion-icon-right\" aria-hidden=\"true\">\n\t\t\t\t\t\t\t\t\t\t\t\t\t\t\t<span class=\"elementor-accordion-icon-closed\"><svg xmlns=\"http:\/\/www.w3.org\/2000\/svg\" xmlns:xlink=\"http:\/\/www.w3.org\/1999\/xlink\" xmlns:serif=\"http:\/\/www.serif.com\/\" width=\"100%\" height=\"100%\" viewBox=\"0 0 21 12\" xml:space=\"preserve\" style=\"fill-rule:evenodd;clip-rule:evenodd;stroke-linejoin:round;stroke-miterlimit:2;\">    <g transform=\"matrix(1,0,0,1,-0.646447,-0.646447)\">        <path d=\"M0.646,1.354L11,11.707L21.354,1.354L20.646,0.646L11,10.293C11,10.293 1.354,0.646 1.354,0.646L0.646,1.354Z\"><\/path>    <\/g><\/svg><\/span>\n\t\t\t\t\t\t\t\t<span class=\"elementor-accordion-icon-opened\"><svg xmlns=\"http:\/\/www.w3.org\/2000\/svg\" xmlns:xlink=\"http:\/\/www.w3.org\/1999\/xlink\" xmlns:serif=\"http:\/\/www.serif.com\/\" width=\"100%\" height=\"100%\" viewBox=\"0 0 21 12\" xml:space=\"preserve\" style=\"fill-rule:evenodd;clip-rule:evenodd;stroke-linejoin:round;stroke-miterlimit:2;\">    <g transform=\"matrix(1,0,0,1,-0.646447,-0.646447)\">        <path d=\"M0.646,1.354L11,11.707L21.354,1.354L20.646,0.646L11,10.293C11,10.293 1.354,0.646 1.354,0.646L0.646,1.354Z\"><\/path>    <\/g><\/svg><\/span>\n\t\t\t\t\t\t\t\t\t\t\t\t\t\t<\/span>\n\t\t\t\t\t\t\t\t\t\t\t\t<a class=\"elementor-accordion-title\" tabindex=\"0\">3 - Wie kann ich einen Artikel zur\u00fcckgeben?<\/a>\n\t\t\t\t\t<\/div>\n\t\t\t\t\t<div id=\"elementor-tab-content-1353\" class=\"elementor-tab-content elementor-clearfix\" data-tab=\"3\" role=\"region\" aria-labelledby=\"elementor-tab-title-1353\"><p>CHESTER Boots m\u00f6chte, dass seine Kunden mit ihrem Einkauf zufrieden sind. Sie haben 14 Tage ab dem Erhalt der Artikel Zeit, um eine kostenlose R\u00fcckgabe zu beantragen, sofern die R\u00fcckgabebedingungen erf\u00fcllt sind.<\/p>\n<p>Um eine R\u00fccksendung zu beantragen, muss der Kunde das Formular in seinem Kundenbereich ausf\u00fcllen und alle Informationen zu dem Produkt angeben, das zur\u00fcckgesendet werden soll.<\/p>\n<\/div>\n\t\t\t\t<\/div>\n\t\t\t\t\t\t\t<div class=\"elementor-accordion-item\">\n\t\t\t\t\t<div id=\"elementor-tab-title-1354\" class=\"elementor-tab-title\" data-tab=\"4\" role=\"button\" aria-controls=\"elementor-tab-content-1354\" aria-expanded=\"false\">\n\t\t\t\t\t\t\t\t\t\t\t\t\t<span class=\"elementor-accordion-icon elementor-accordion-icon-right\" aria-hidden=\"true\">\n\t\t\t\t\t\t\t\t\t\t\t\t\t\t\t<span class=\"elementor-accordion-icon-closed\"><svg xmlns=\"http:\/\/www.w3.org\/2000\/svg\" xmlns:xlink=\"http:\/\/www.w3.org\/1999\/xlink\" xmlns:serif=\"http:\/\/www.serif.com\/\" width=\"100%\" height=\"100%\" viewBox=\"0 0 21 12\" xml:space=\"preserve\" style=\"fill-rule:evenodd;clip-rule:evenodd;stroke-linejoin:round;stroke-miterlimit:2;\">    <g transform=\"matrix(1,0,0,1,-0.646447,-0.646447)\">        <path d=\"M0.646,1.354L11,11.707L21.354,1.354L20.646,0.646L11,10.293C11,10.293 1.354,0.646 1.354,0.646L0.646,1.354Z\"><\/path>    <\/g><\/svg><\/span>\n\t\t\t\t\t\t\t\t<span class=\"elementor-accordion-icon-opened\"><svg xmlns=\"http:\/\/www.w3.org\/2000\/svg\" xmlns:xlink=\"http:\/\/www.w3.org\/1999\/xlink\" xmlns:serif=\"http:\/\/www.serif.com\/\" width=\"100%\" height=\"100%\" viewBox=\"0 0 21 12\" xml:space=\"preserve\" style=\"fill-rule:evenodd;clip-rule:evenodd;stroke-linejoin:round;stroke-miterlimit:2;\">    <g transform=\"matrix(1,0,0,1,-0.646447,-0.646447)\">        <path d=\"M0.646,1.354L11,11.707L21.354,1.354L20.646,0.646L11,10.293C11,10.293 1.354,0.646 1.354,0.646L0.646,1.354Z\"><\/path>    <\/g><\/svg><\/span>\n\t\t\t\t\t\t\t\t\t\t\t\t\t\t<\/span>\n\t\t\t\t\t\t\t\t\t\t\t\t<a class=\"elementor-accordion-title\" tabindex=\"0\">4 - Wann und wie erhalte ich meine R\u00fcckerstattung?<\/a>\n\t\t\t\t\t<\/div>\n\t\t\t\t\t<div id=\"elementor-tab-content-1354\" class=\"elementor-tab-content elementor-clearfix\" data-tab=\"4\" role=\"region\" aria-labelledby=\"elementor-tab-title-1354\"><p>Im Falle einer R\u00fccksendung wird die R\u00fcckerstattung in den darauffolgenden Tagen \u00fcber dieselbe Zahlungsmethode abgewickelt, die beim Kauf verwendet wurde.\u2028Bei Zahlungen per MbWay erfolgt die R\u00fcckerstattung per Bank\u00fcberweisung.\u2028Bitte beachten Sie, dass die Bearbeitungszeit einer R\u00fcckerstattung vom jeweiligen Zahlungsmittel abh\u00e4ngt.<\/p>\n<\/div>\n\t\t\t\t<\/div>\n\t\t\t\t\t\t\t<div class=\"elementor-accordion-item\">\n\t\t\t\t\t<div id=\"elementor-tab-title-1355\" class=\"elementor-tab-title\" data-tab=\"5\" role=\"button\" aria-controls=\"elementor-tab-content-1355\" aria-expanded=\"false\">\n\t\t\t\t\t\t\t\t\t\t\t\t\t<span class=\"elementor-accordion-icon elementor-accordion-icon-right\" aria-hidden=\"true\">\n\t\t\t\t\t\t\t\t\t\t\t\t\t\t\t<span class=\"elementor-accordion-icon-closed\"><svg xmlns=\"http:\/\/www.w3.org\/2000\/svg\" xmlns:xlink=\"http:\/\/www.w3.org\/1999\/xlink\" xmlns:serif=\"http:\/\/www.serif.com\/\" width=\"100%\" height=\"100%\" viewBox=\"0 0 21 12\" xml:space=\"preserve\" style=\"fill-rule:evenodd;clip-rule:evenodd;stroke-linejoin:round;stroke-miterlimit:2;\">    <g transform=\"matrix(1,0,0,1,-0.646447,-0.646447)\">        <path d=\"M0.646,1.354L11,11.707L21.354,1.354L20.646,0.646L11,10.293C11,10.293 1.354,0.646 1.354,0.646L0.646,1.354Z\"><\/path>    <\/g><\/svg><\/span>\n\t\t\t\t\t\t\t\t<span class=\"elementor-accordion-icon-opened\"><svg xmlns=\"http:\/\/www.w3.org\/2000\/svg\" xmlns:xlink=\"http:\/\/www.w3.org\/1999\/xlink\" xmlns:serif=\"http:\/\/www.serif.com\/\" width=\"100%\" height=\"100%\" viewBox=\"0 0 21 12\" xml:space=\"preserve\" style=\"fill-rule:evenodd;clip-rule:evenodd;stroke-linejoin:round;stroke-miterlimit:2;\">    <g transform=\"matrix(1,0,0,1,-0.646447,-0.646447)\">        <path d=\"M0.646,1.354L11,11.707L21.354,1.354L20.646,0.646L11,10.293C11,10.293 1.354,0.646 1.354,0.646L0.646,1.354Z\"><\/path>    <\/g><\/svg><\/span>\n\t\t\t\t\t\t\t\t\t\t\t\t\t\t<\/span>\n\t\t\t\t\t\t\t\t\t\t\t\t<a class=\"elementor-accordion-title\" tabindex=\"0\">5 - Welche R\u00fccksendekosten fallen an?<\/a>\n\t\t\t\t\t<\/div>\n\t\t\t\t\t<div id=\"elementor-tab-content-1355\" class=\"elementor-tab-content elementor-clearfix\" data-tab=\"5\" role=\"region\" aria-labelledby=\"elementor-tab-title-1355\"><p>Bei einer R\u00fccksendung entstehen dem Kunden keine Kosten.<\/p>\n<\/div>\n\t\t\t\t<\/div>\n\t\t\t\t\t\t\t\t<\/div>\n\t\t\t\t\t\t<\/div>\n\t\t\t\t<\/div>\n\t\t\t\t<\/div>\n\t\t\t\t\t<\/div>\n\t\t\t\t<\/div>\n\t\t\t\t<\/div>\n\t\t","protected":false},"excerpt":{"rendered":"<p>1 &#8211; Welche Versandkosten und Lieferzeiten gelten f\u00fcr mein Land? Versand Wir liefern nach Portugal (Festland und Inseln), Spanien (Festland und Balearen), die Niederlande, Frankreich (Festland), Belgien, Luxemburg, Italien (Festland), die Schweiz, Polen, D\u00e4nemark, Finnland, Estland, Norwegen, Litauen und Ungarn. Falls das bestellte Produkt nicht auf Lager ist, kann die Bestellung erst innerhalb von 1 [&hellip;]<\/p>\n","protected":false},"author":1,"featured_media":0,"parent":0,"menu_order":0,"comment_status":"closed","ping_status":"closed","template":"","meta":{"_acf_changed":false,"footnotes":""},"class_list":["post-6774","page","type-page","status-publish","hentry"],"acf":[],"_links":{"self":[{"href":"https:\/\/chesterboots.pt\/de\/wp-json\/wp\/v2\/pages\/6774","targetHints":{"allow":["GET"]}}],"collection":[{"href":"https:\/\/chesterboots.pt\/de\/wp-json\/wp\/v2\/pages"}],"about":[{"href":"https:\/\/chesterboots.pt\/de\/wp-json\/wp\/v2\/types\/page"}],"author":[{"embeddable":true,"href":"https:\/\/chesterboots.pt\/de\/wp-json\/wp\/v2\/users\/1"}],"replies":[{"embeddable":true,"href":"https:\/\/chesterboots.pt\/de\/wp-json\/wp\/v2\/comments?post=6774"}],"version-history":[{"count":0,"href":"https:\/\/chesterboots.pt\/de\/wp-json\/wp\/v2\/pages\/6774\/revisions"}],"wp:attachment":[{"href":"https:\/\/chesterboots.pt\/de\/wp-json\/wp\/v2\/media?parent=6774"}],"curies":[{"name":"wp","href":"https:\/\/api.w.org\/{rel}","templated":true}]}}