{"id":2993,"date":"2024-08-30T10:53:32","date_gmt":"2024-08-30T10:53:32","guid":{"rendered":"https:\/\/miligram50.miligram.pt\/produto\/kit-de-limpeza\/"},"modified":"2025-11-05T09:54:01","modified_gmt":"2025-11-05T09:54:01","slug":"reinigungsset","status":"publish","type":"product","link":"https:\/\/chesterboots.pt\/de\/produkt\/reinigungsset\/","title":{"rendered":"Reinigungsset"},"content":{"rendered":"<p>Das perfekte Reinigungsset, um Ihre Reitstiefel zu pflegen und ihre Haltbarkeit zu gew\u00e4hrleisten<\/p>\n<ul>\n<li>Griffb\u00fcrste<\/li>\n<li>Tuch<\/li>\n<li>Lederpaste<\/li>\n<li>Polierb\u00fcrste<\/li>\n<li>Schmiermittel f\u00fcr Verschl\u00fcsse<\/li>\n<\/ul>\n","protected":false},"excerpt":{"rendered":"<p>Das perfekte Reinigungsset, um Ihre Reitstiefel zu pflegen und ihre Haltbarkeit zu gew\u00e4hrleisten Griffb\u00fcrste Tuch Lederpaste Polierb\u00fcrste Schmiermittel f\u00fcr Verschl\u00fcsse<\/p>\n","protected":false},"featured_media":4619,"template":"","meta":{"_acf_changed":false},"product_brand":[],"product_cat":[234],"product_tag":[],"class_list":{"0":"post-2993","1":"product","2":"type-product","3":"status-publish","4":"has-post-thumbnail","6":"product_cat-reitsportzubehor","8":"first","9":"instock","10":"shipping-taxable","11":"purchasable","12":"product-type-simple"},"acf":[],"_links":{"self":[{"href":"https:\/\/chesterboots.pt\/de\/wp-json\/wp\/v2\/product\/2993","targetHints":{"allow":["GET"]}}],"collection":[{"href":"https:\/\/chesterboots.pt\/de\/wp-json\/wp\/v2\/product"}],"about":[{"href":"https:\/\/chesterboots.pt\/de\/wp-json\/wp\/v2\/types\/product"}],"wp:featuredmedia":[{"embeddable":true,"href":"https:\/\/chesterboots.pt\/de\/wp-json\/wp\/v2\/media\/4619"}],"wp:attachment":[{"href":"https:\/\/chesterboots.pt\/de\/wp-json\/wp\/v2\/media?parent=2993"}],"wp:term":[{"taxonomy":"product_brand","embeddable":true,"href":"https:\/\/chesterboots.pt\/de\/wp-json\/wp\/v2\/product_brand?post=2993"},{"taxonomy":"product_cat","embeddable":true,"href":"https:\/\/chesterboots.pt\/de\/wp-json\/wp\/v2\/product_cat?post=2993"},{"taxonomy":"product_tag","embeddable":true,"href":"https:\/\/chesterboots.pt\/de\/wp-json\/wp\/v2\/product_tag?post=2993"}],"curies":[{"name":"wp","href":"https:\/\/api.w.org\/{rel}","templated":true}]}}