{"id":3007,"date":"2024-08-30T10:39:40","date_gmt":"2024-08-30T10:39:40","guid":{"rendered":"https:\/\/miligram50.miligram.pt\/produto\/palmilha-de-conforto\/"},"modified":"2025-08-28T10:54:41","modified_gmt":"2025-08-28T10:54:41","slug":"fussbett","status":"publish","type":"product","link":"https:\/\/chesterboots.pt\/de\/produkt\/fussbett\/","title":{"rendered":"Fu\u00dfbett"},"content":{"rendered":"<p>Die X-comfort Einlegesohlen bieten Stabilit\u00e4t und Unterst\u00fctzung sowie mehr Komfort bei jedem Schritt. Sie sind vollst\u00e4ndig atmungsaktiv und halten Ihre F\u00fc\u00dfe trocken und geruchsfrei. Sie sind die ideale L\u00f6sung, um starke St\u00f6\u00dfe zu verhindern.<\/p>\n","protected":false},"excerpt":{"rendered":"<p>Die X-comfort Einlegesohlen bieten Stabilit\u00e4t und Unterst\u00fctzung sowie mehr Komfort bei jedem Schritt. Sie sind vollst\u00e4ndig atmungsaktiv und halten Ihre F\u00fc\u00dfe trocken und geruchsfrei. Sie sind die ideale L\u00f6sung, um starke St\u00f6\u00dfe zu verhindern.<\/p>\n","protected":false},"featured_media":4634,"template":"","meta":{"_acf_changed":false},"product_brand":[],"product_cat":[234],"product_tag":[],"class_list":{"0":"post-3007","1":"product","2":"type-product","3":"status-publish","4":"has-post-thumbnail","6":"product_cat-reitsportzubehor","8":"first","9":"instock","10":"shipping-taxable","11":"purchasable","12":"product-type-variable"},"acf":[],"_links":{"self":[{"href":"https:\/\/chesterboots.pt\/de\/wp-json\/wp\/v2\/product\/3007","targetHints":{"allow":["GET"]}}],"collection":[{"href":"https:\/\/chesterboots.pt\/de\/wp-json\/wp\/v2\/product"}],"about":[{"href":"https:\/\/chesterboots.pt\/de\/wp-json\/wp\/v2\/types\/product"}],"wp:featuredmedia":[{"embeddable":true,"href":"https:\/\/chesterboots.pt\/de\/wp-json\/wp\/v2\/media\/4634"}],"wp:attachment":[{"href":"https:\/\/chesterboots.pt\/de\/wp-json\/wp\/v2\/media?parent=3007"}],"wp:term":[{"taxonomy":"product_brand","embeddable":true,"href":"https:\/\/chesterboots.pt\/de\/wp-json\/wp\/v2\/product_brand?post=3007"},{"taxonomy":"product_cat","embeddable":true,"href":"https:\/\/chesterboots.pt\/de\/wp-json\/wp\/v2\/product_cat?post=3007"},{"taxonomy":"product_tag","embeddable":true,"href":"https:\/\/chesterboots.pt\/de\/wp-json\/wp\/v2\/product_tag?post=3007"}],"curies":[{"name":"wp","href":"https:\/\/api.w.org\/{rel}","templated":true}]}}