{"id":3019,"date":"2024-08-30T10:25:58","date_gmt":"2024-08-30T10:25:58","guid":{"rendered":"https:\/\/miligram50.miligram.pt\/produto\/cunha\/"},"modified":"2025-09-12T13:42:41","modified_gmt":"2025-09-12T13:42:41","slug":"fersenkeile-fuer-reitstiefel","status":"publish","type":"product","link":"https:\/\/chesterboots.pt\/de\/produkt\/fersenkeile-fuer-reitstiefel\/","title":{"rendered":"Fersenkeile f\u00fcr Reitstiefel"},"content":{"rendered":"<p>Die CHESTER Keilabs\u00e4tze mit orangefarbener veganer F\u00fctterung bieten zus\u00e4tzliche Erh\u00f6hung, mehr Komfort und Stabilit\u00e4t und helfen, Ihre Haltung zu verbessern.<\/p>\n<ul>\n<li>S (Gr\u00f6\u00dfen 35\u201338) 10,1 cm L\u00e4nge x 6,2 cm Breite x 1,3 cm H\u00f6he<\/li>\n<li>M (Gr\u00f6\u00dfen 39\u201342) 10,5 cm L\u00e4nge x 6,6 cm Breite x 1,3 cm H\u00f6he<\/li>\n<li>L (Gr\u00f6\u00dfen 43\u201345) 11,1 cm L\u00e4nge x 7,1 cm Breite x 1,3 cm H\u00f6he<\/li>\n<\/ul>\n","protected":false},"excerpt":{"rendered":"<p>Die CHESTER Keilabs\u00e4tze mit orangefarbener veganer F\u00fctterung bieten zus\u00e4tzliche Erh\u00f6hung, mehr Komfort und Stabilit\u00e4t und helfen, Ihre Haltung zu verbessern. S (Gr\u00f6\u00dfen 35\u201338) 10,1 cm L\u00e4nge x 6,2 cm Breite x 1,3 cm H\u00f6he M (Gr\u00f6\u00dfen 39\u201342) 10,5 cm L\u00e4nge x 6,6 cm Breite x 1,3 cm H\u00f6he L (Gr\u00f6\u00dfen 43\u201345) 11,1 cm L\u00e4nge x [&hellip;]<\/p>\n","protected":false},"featured_media":4644,"template":"","meta":{"_acf_changed":false},"product_brand":[],"product_cat":[234],"product_tag":[],"class_list":{"0":"post-3019","1":"product","2":"type-product","3":"status-publish","4":"has-post-thumbnail","6":"product_cat-reitsportzubehor","8":"first","9":"instock","10":"shipping-taxable","11":"purchasable","12":"product-type-variable"},"acf":[],"_links":{"self":[{"href":"https:\/\/chesterboots.pt\/de\/wp-json\/wp\/v2\/product\/3019","targetHints":{"allow":["GET"]}}],"collection":[{"href":"https:\/\/chesterboots.pt\/de\/wp-json\/wp\/v2\/product"}],"about":[{"href":"https:\/\/chesterboots.pt\/de\/wp-json\/wp\/v2\/types\/product"}],"wp:featuredmedia":[{"embeddable":true,"href":"https:\/\/chesterboots.pt\/de\/wp-json\/wp\/v2\/media\/4644"}],"wp:attachment":[{"href":"https:\/\/chesterboots.pt\/de\/wp-json\/wp\/v2\/media?parent=3019"}],"wp:term":[{"taxonomy":"product_brand","embeddable":true,"href":"https:\/\/chesterboots.pt\/de\/wp-json\/wp\/v2\/product_brand?post=3019"},{"taxonomy":"product_cat","embeddable":true,"href":"https:\/\/chesterboots.pt\/de\/wp-json\/wp\/v2\/product_cat?post=3019"},{"taxonomy":"product_tag","embeddable":true,"href":"https:\/\/chesterboots.pt\/de\/wp-json\/wp\/v2\/product_tag?post=3019"}],"curies":[{"name":"wp","href":"https:\/\/api.w.org\/{rel}","templated":true}]}}