{"id":3039,"date":"2024-08-30T09:53:55","date_gmt":"2024-08-30T09:53:55","guid":{"rendered":"https:\/\/miligram50.miligram.pt\/produto\/sapato-de-vela-castanho\/"},"modified":"2025-10-06T11:11:05","modified_gmt":"2025-10-06T11:11:05","slug":"bootsschuh","status":"publish","type":"product","link":"https:\/\/chesterboots.pt\/de\/produkt\/bootsschuh\/","title":{"rendered":"Bootsschuh"},"content":{"rendered":"<p>Diese Segelschuhe vereinen ein klassisches Design mit den praktischen Bed\u00fcrfnissen des Alltags. Hergestellt in Portugal aus braunem Pull-Up-Leder, sind sie die perfekte Wahl f\u00fcr diejenigen, die Stil und Komfort sch\u00e4tzen.<\/p>\n","protected":false},"excerpt":{"rendered":"<p>Diese Segelschuhe vereinen ein klassisches Design mit den praktischen Bed\u00fcrfnissen des Alltags. Hergestellt in Portugal aus braunem Pull-Up-Leder, sind sie die perfekte Wahl f\u00fcr diejenigen, die Stil und Komfort sch\u00e4tzen.<\/p>\n","protected":false},"featured_media":4427,"template":"","meta":{"_acf_changed":false},"product_brand":[],"product_cat":[231,232],"product_tag":[],"class_list":{"0":"post-3039","1":"product","2":"type-product","3":"status-publish","4":"has-post-thumbnail","6":"product_cat-linie-work","7":"product_cat-outdoor-footwear","9":"first","10":"instock","11":"shipping-taxable","12":"purchasable","13":"product-type-variable"},"acf":[],"_links":{"self":[{"href":"https:\/\/chesterboots.pt\/de\/wp-json\/wp\/v2\/product\/3039","targetHints":{"allow":["GET"]}}],"collection":[{"href":"https:\/\/chesterboots.pt\/de\/wp-json\/wp\/v2\/product"}],"about":[{"href":"https:\/\/chesterboots.pt\/de\/wp-json\/wp\/v2\/types\/product"}],"wp:featuredmedia":[{"embeddable":true,"href":"https:\/\/chesterboots.pt\/de\/wp-json\/wp\/v2\/media\/4427"}],"wp:attachment":[{"href":"https:\/\/chesterboots.pt\/de\/wp-json\/wp\/v2\/media?parent=3039"}],"wp:term":[{"taxonomy":"product_brand","embeddable":true,"href":"https:\/\/chesterboots.pt\/de\/wp-json\/wp\/v2\/product_brand?post=3039"},{"taxonomy":"product_cat","embeddable":true,"href":"https:\/\/chesterboots.pt\/de\/wp-json\/wp\/v2\/product_cat?post=3039"},{"taxonomy":"product_tag","embeddable":true,"href":"https:\/\/chesterboots.pt\/de\/wp-json\/wp\/v2\/product_tag?post=3039"}],"curies":[{"name":"wp","href":"https:\/\/api.w.org\/{rel}","templated":true}]}}