{"id":3071,"date":"2024-08-29T16:35:11","date_gmt":"2024-08-29T16:35:11","guid":{"rendered":"https:\/\/miligram50.miligram.pt\/produto\/polaina-de-equitacao-classic-conhaque\/"},"modified":"2025-11-07T10:17:33","modified_gmt":"2025-11-07T10:17:33","slug":"reitgamaschen-classic","status":"publish","type":"product","link":"https:\/\/chesterboots.pt\/de\/produkt\/reitgamaschen-classic\/","title":{"rendered":"Reitgamaschen Classic"},"content":{"rendered":"<p>Die Classic Reitgamas aus cognacfarbenem Pull-Up-Leder sind die perfekte Erg\u00e4nzung f\u00fcr den Alltag des Reiters. Mit einem Innenfutter aus Schweinsanilinleder und einem elastischen Panel f\u00fcr eine bessere Passform an Ihren Beinen. Sie k\u00f6nnen sie auch mit unseren Vienna Stiefeletten f\u00fcr ein perfektes Set kombinieren.<\/p>\n","protected":false},"excerpt":{"rendered":"<p>Die Classic Reitgamas aus cognacfarbenem Pull-Up-Leder sind die perfekte Erg\u00e4nzung f\u00fcr den Alltag des Reiters. Mit einem Innenfutter aus Schweinsanilinleder und einem elastischen Panel f\u00fcr eine bessere Passform an Ihren Beinen. Sie k\u00f6nnen sie auch mit unseren Vienna Stiefeletten f\u00fcr ein perfektes Set kombinieren.<\/p>\n","protected":false},"featured_media":1746,"template":"","meta":{"_acf_changed":false},"product_brand":[],"product_cat":[228,229],"product_tag":[],"class_list":{"0":"post-3071","1":"product","2":"type-product","3":"status-publish","4":"has-post-thumbnail","6":"product_cat-chaps","7":"product_cat-high-end-linie","9":"first","10":"instock","11":"shipping-taxable","12":"purchasable","13":"product-type-variable"},"acf":[],"_links":{"self":[{"href":"https:\/\/chesterboots.pt\/de\/wp-json\/wp\/v2\/product\/3071","targetHints":{"allow":["GET"]}}],"collection":[{"href":"https:\/\/chesterboots.pt\/de\/wp-json\/wp\/v2\/product"}],"about":[{"href":"https:\/\/chesterboots.pt\/de\/wp-json\/wp\/v2\/types\/product"}],"wp:featuredmedia":[{"embeddable":true,"href":"https:\/\/chesterboots.pt\/de\/wp-json\/wp\/v2\/media\/1746"}],"wp:attachment":[{"href":"https:\/\/chesterboots.pt\/de\/wp-json\/wp\/v2\/media?parent=3071"}],"wp:term":[{"taxonomy":"product_brand","embeddable":true,"href":"https:\/\/chesterboots.pt\/de\/wp-json\/wp\/v2\/product_brand?post=3071"},{"taxonomy":"product_cat","embeddable":true,"href":"https:\/\/chesterboots.pt\/de\/wp-json\/wp\/v2\/product_cat?post=3071"},{"taxonomy":"product_tag","embeddable":true,"href":"https:\/\/chesterboots.pt\/de\/wp-json\/wp\/v2\/product_tag?post=3071"}],"curies":[{"name":"wp","href":"https:\/\/api.w.org\/{rel}","templated":true}]}}