{"id":3087,"date":"2024-08-29T13:29:16","date_gmt":"2024-08-29T13:29:16","guid":{"rendered":"https:\/\/miligram50.miligram.pt\/produto\/botins-em-pele-vienna-conhaque-pull-up\/"},"modified":"2025-10-24T14:50:34","modified_gmt":"2025-10-24T14:50:34","slug":"lederstiefeletten-vienna","status":"publish","type":"product","link":"https:\/\/chesterboots.pt\/de\/produkt\/lederstiefeletten-vienna\/","title":{"rendered":"Lederstiefeletten Vienna"},"content":{"rendered":"<p>Die Vienna Stiefeletten sind aus Pull-Up-Leder mit unterschiedlichen Farbt\u00f6nen gefertigt, eine nat\u00fcrliche Eigenschaft dieses Ledertyps. Sie zeichnen sich durch ihr klassisches und elegantes Design aus, mit perforierter Spitze und floralen Details. Der seitliche Rei\u00dfverschluss und die Schn\u00fcrsenkel sind eine gro\u00dfartige Kombination, um das An- und Ausziehen zu erleichtern.<br \/>\nDie herausnehmbare anatomische Einlegesohle sorgt f\u00fcr zus\u00e4tzlichen Komfort, damit Sie sich wohlf\u00fchlen und auf jede Herausforderung vorbereitet sind.<\/p>\n","protected":false},"excerpt":{"rendered":"<p>Die Vienna Stiefeletten sind aus Pull-Up-Leder mit unterschiedlichen Farbt\u00f6nen gefertigt, eine nat\u00fcrliche Eigenschaft dieses Ledertyps. Sie zeichnen sich durch ihr klassisches und elegantes Design aus, mit perforierter Spitze und floralen Details. Der seitliche Rei\u00dfverschluss und die Schn\u00fcrsenkel sind eine gro\u00dfartige Kombination, um das An- und Ausziehen zu erleichtern. Die herausnehmbare anatomische Einlegesohle sorgt f\u00fcr zus\u00e4tzlichen [&hellip;]<\/p>\n","protected":false},"featured_media":4472,"template":"","meta":{"_acf_changed":false},"product_brand":[],"product_cat":[229,236],"product_tag":[],"class_list":{"0":"post-3087","1":"product","2":"type-product","3":"status-publish","4":"has-post-thumbnail","6":"product_cat-high-end-linie","7":"product_cat-stiefeletten","9":"first","10":"instock","11":"shipping-taxable","12":"purchasable","13":"product-type-variable"},"acf":[],"_links":{"self":[{"href":"https:\/\/chesterboots.pt\/de\/wp-json\/wp\/v2\/product\/3087","targetHints":{"allow":["GET"]}}],"collection":[{"href":"https:\/\/chesterboots.pt\/de\/wp-json\/wp\/v2\/product"}],"about":[{"href":"https:\/\/chesterboots.pt\/de\/wp-json\/wp\/v2\/types\/product"}],"wp:featuredmedia":[{"embeddable":true,"href":"https:\/\/chesterboots.pt\/de\/wp-json\/wp\/v2\/media\/4472"}],"wp:attachment":[{"href":"https:\/\/chesterboots.pt\/de\/wp-json\/wp\/v2\/media?parent=3087"}],"wp:term":[{"taxonomy":"product_brand","embeddable":true,"href":"https:\/\/chesterboots.pt\/de\/wp-json\/wp\/v2\/product_brand?post=3087"},{"taxonomy":"product_cat","embeddable":true,"href":"https:\/\/chesterboots.pt\/de\/wp-json\/wp\/v2\/product_cat?post=3087"},{"taxonomy":"product_tag","embeddable":true,"href":"https:\/\/chesterboots.pt\/de\/wp-json\/wp\/v2\/product_tag?post=3087"}],"curies":[{"name":"wp","href":"https:\/\/api.w.org\/{rel}","templated":true}]}}