{"id":3151,"date":"2024-08-29T11:28:04","date_gmt":"2024-08-29T11:28:04","guid":{"rendered":"https:\/\/miligram50.miligram.pt\/produto\/botins-em-pele-derby-preto\/"},"modified":"2025-10-24T14:56:14","modified_gmt":"2025-10-24T14:56:14","slug":"schwarze-derby-stiefeletten-aus-leder","status":"publish","type":"product","link":"https:\/\/chesterboots.pt\/de\/produkt\/schwarze-derby-stiefeletten-aus-leder\/","title":{"rendered":"Schwarze Derby-Stiefeletten aus Leder"},"content":{"rendered":"<p>Schwarze Lederstiefeletten mit Rei\u00dfverschluss hinten. Die Schn\u00fcrsenkel sorgen f\u00fcr eine perfekte Passform am Fu\u00df des Reiters.<br \/>\nDie Gummisohle ist strapazierf\u00e4hig, und die Blake-N\u00e4htechnik erh\u00f6ht die Haltbarkeit erheblich und verleiht ihnen ein elegantes Aussehen.<\/p>\n","protected":false},"excerpt":{"rendered":"<p>Schwarze Lederstiefeletten mit Rei\u00dfverschluss hinten. Die Schn\u00fcrsenkel sorgen f\u00fcr eine perfekte Passform am Fu\u00df des Reiters. Die Gummisohle ist strapazierf\u00e4hig, und die Blake-N\u00e4htechnik erh\u00f6ht die Haltbarkeit erheblich und verleiht ihnen ein elegantes Aussehen.<\/p>\n","protected":false},"featured_media":4609,"template":"","meta":{"_acf_changed":false},"product_brand":[],"product_cat":[231,236],"product_tag":[],"class_list":{"0":"post-3151","1":"product","2":"type-product","3":"status-publish","4":"has-post-thumbnail","6":"product_cat-linie-work","7":"product_cat-stiefeletten","9":"first","10":"instock","11":"shipping-taxable","12":"purchasable","13":"product-type-variable"},"acf":[],"_links":{"self":[{"href":"https:\/\/chesterboots.pt\/de\/wp-json\/wp\/v2\/product\/3151","targetHints":{"allow":["GET"]}}],"collection":[{"href":"https:\/\/chesterboots.pt\/de\/wp-json\/wp\/v2\/product"}],"about":[{"href":"https:\/\/chesterboots.pt\/de\/wp-json\/wp\/v2\/types\/product"}],"wp:featuredmedia":[{"embeddable":true,"href":"https:\/\/chesterboots.pt\/de\/wp-json\/wp\/v2\/media\/4609"}],"wp:attachment":[{"href":"https:\/\/chesterboots.pt\/de\/wp-json\/wp\/v2\/media?parent=3151"}],"wp:term":[{"taxonomy":"product_brand","embeddable":true,"href":"https:\/\/chesterboots.pt\/de\/wp-json\/wp\/v2\/product_brand?post=3151"},{"taxonomy":"product_cat","embeddable":true,"href":"https:\/\/chesterboots.pt\/de\/wp-json\/wp\/v2\/product_cat?post=3151"},{"taxonomy":"product_tag","embeddable":true,"href":"https:\/\/chesterboots.pt\/de\/wp-json\/wp\/v2\/product_tag?post=3151"}],"curies":[{"name":"wp","href":"https:\/\/api.w.org\/{rel}","templated":true}]}}