{"id":3167,"date":"2024-08-29T11:10:30","date_gmt":"2024-08-29T11:10:30","guid":{"rendered":"https:\/\/miligram50.miligram.pt\/produto\/botas-de-equitacao-dublin-preto\/"},"modified":"2025-11-12T15:39:15","modified_gmt":"2025-11-12T15:39:15","slug":"reitstiefel-dublin-schwarz","status":"publish","type":"product","link":"https:\/\/chesterboots.pt\/de\/produkt\/reitstiefel-dublin-schwarz\/","title":{"rendered":"Reitstiefel Dublin Schwarz"},"content":{"rendered":"<p>Die ersten Reitwettbewerbe der Welt stammen aus dem Jahr 1864 in Dublin.<br \/>\nDie schwarzen Dublin-Stiefel sind aus hochwertigem Leder gefertigt und ideal f\u00fcr Liebhaber des Springreitens.<br \/>\nDas dezente Detail aus schwarzem Lackleder an der Spitze macht sie einzigartig und elegant. Das Grip-Leder auf der Innenseite des Schafts erh\u00f6ht den Kontakt mit dem Pferd, w\u00e4hrend das vegane Futter, das antibakteriell und atmungsaktiv ist, das Frischegef\u00fchl verst\u00e4rkt.<br \/>\nDie Sohle besteht aus strapazierf\u00e4higem Gummi. Die Schn\u00fcrsenkel sorgen f\u00fcr eine perfekte Passform am Fu\u00df des Reiters. Am Fersenbereich gibt es einen Rei\u00dfverschluss-Schutz, der seine Haltbarkeit und Langlebigkeit sicherstellt, und unser neuer Sporenhalter bietet mehr Sicherheit w\u00e4hrend der Springreitpraxis.<\/p>\n","protected":false},"excerpt":{"rendered":"<p>Die ersten Reitwettbewerbe der Welt stammen aus dem Jahr 1864 in Dublin. Die schwarzen Dublin-Stiefel sind aus hochwertigem Leder gefertigt und ideal f\u00fcr Liebhaber des Springreitens. Das dezente Detail aus schwarzem Lackleder an der Spitze macht sie einzigartig und elegant. Das Grip-Leder auf der Innenseite des Schafts erh\u00f6ht den Kontakt mit dem Pferd, w\u00e4hrend das [&hellip;]<\/p>\n","protected":false},"featured_media":8283,"template":"","meta":{"_acf_changed":false},"product_brand":[],"product_cat":[233,235],"product_tag":[725],"class_list":{"0":"post-3167","1":"product","2":"type-product","3":"status-publish","4":"has-post-thumbnail","6":"product_cat-reitstiefel","7":"product_cat-sportlinie","8":"product_tag-springstiefel","10":"first","11":"instock","12":"shipping-taxable","13":"purchasable","14":"product-type-variable"},"acf":[],"_links":{"self":[{"href":"https:\/\/chesterboots.pt\/de\/wp-json\/wp\/v2\/product\/3167","targetHints":{"allow":["GET"]}}],"collection":[{"href":"https:\/\/chesterboots.pt\/de\/wp-json\/wp\/v2\/product"}],"about":[{"href":"https:\/\/chesterboots.pt\/de\/wp-json\/wp\/v2\/types\/product"}],"wp:featuredmedia":[{"embeddable":true,"href":"https:\/\/chesterboots.pt\/de\/wp-json\/wp\/v2\/media\/8283"}],"wp:attachment":[{"href":"https:\/\/chesterboots.pt\/de\/wp-json\/wp\/v2\/media?parent=3167"}],"wp:term":[{"taxonomy":"product_brand","embeddable":true,"href":"https:\/\/chesterboots.pt\/de\/wp-json\/wp\/v2\/product_brand?post=3167"},{"taxonomy":"product_cat","embeddable":true,"href":"https:\/\/chesterboots.pt\/de\/wp-json\/wp\/v2\/product_cat?post=3167"},{"taxonomy":"product_tag","embeddable":true,"href":"https:\/\/chesterboots.pt\/de\/wp-json\/wp\/v2\/product_tag?post=3167"}],"curies":[{"name":"wp","href":"https:\/\/api.w.org\/{rel}","templated":true}]}}