{"id":3175,"date":"2024-08-29T11:09:06","date_gmt":"2024-08-29T11:09:06","guid":{"rendered":"https:\/\/miligram50.miligram.pt\/produto\/botas-de-equitacao-ocala-soft-castanho\/"},"modified":"2025-10-24T14:59:06","modified_gmt":"2025-10-24T14:59:06","slug":"reitstiefel-ocala-soft-braun","status":"publish","type":"product","link":"https:\/\/chesterboots.pt\/de\/produkt\/reitstiefel-ocala-soft-braun\/","title":{"rendered":"Reitstiefel Ocala Soft Braun"},"content":{"rendered":"<p>Zur Ehrung der bekannten &#8222;Pferdehauptstadt der Welt&#8220; sind diese braunen Stiefel ideal f\u00fcr alle reiterlichen Disziplinen, vom Springreiten bis zur Dressur. Hergestellt aus weichem, hochwertigem Leder, verf\u00fcgen sie au\u00dferdem \u00fcber rutschfestes Leder auf der Innenseite des Schafts, was das Kontaktgef\u00fchl mit dem Pferd verbessert. Der Schutz des Rei\u00dfverschlusses am Fersenbereich erh\u00f6ht die Haltbarkeit des Rei\u00dfverschlusses, und die doppelte Sporenhalterung verbessert die Kontrolle der Sporen und die Kommunikation mit dem Pferd.<\/p>\n","protected":false},"excerpt":{"rendered":"<p>Zur Ehrung der bekannten &#8222;Pferdehauptstadt der Welt&#8220; sind diese braunen Stiefel ideal f\u00fcr alle reiterlichen Disziplinen, vom Springreiten bis zur Dressur. Hergestellt aus weichem, hochwertigem Leder, verf\u00fcgen sie au\u00dferdem \u00fcber rutschfestes Leder auf der Innenseite des Schafts, was das Kontaktgef\u00fchl mit dem Pferd verbessert. Der Schutz des Rei\u00dfverschlusses am Fersenbereich erh\u00f6ht die Haltbarkeit des Rei\u00dfverschlusses, [&hellip;]<\/p>\n","protected":false},"featured_media":1537,"template":"","meta":{"_acf_changed":false},"product_brand":[],"product_cat":[230,233],"product_tag":[725],"class_list":{"0":"post-3175","1":"product","2":"type-product","3":"status-publish","4":"has-post-thumbnail","6":"product_cat-linie-soft","7":"product_cat-reitstiefel","8":"product_tag-springstiefel","10":"first","11":"instock","12":"shipping-taxable","13":"purchasable","14":"product-type-variable"},"acf":[],"_links":{"self":[{"href":"https:\/\/chesterboots.pt\/de\/wp-json\/wp\/v2\/product\/3175","targetHints":{"allow":["GET"]}}],"collection":[{"href":"https:\/\/chesterboots.pt\/de\/wp-json\/wp\/v2\/product"}],"about":[{"href":"https:\/\/chesterboots.pt\/de\/wp-json\/wp\/v2\/types\/product"}],"wp:featuredmedia":[{"embeddable":true,"href":"https:\/\/chesterboots.pt\/de\/wp-json\/wp\/v2\/media\/1537"}],"wp:attachment":[{"href":"https:\/\/chesterboots.pt\/de\/wp-json\/wp\/v2\/media?parent=3175"}],"wp:term":[{"taxonomy":"product_brand","embeddable":true,"href":"https:\/\/chesterboots.pt\/de\/wp-json\/wp\/v2\/product_brand?post=3175"},{"taxonomy":"product_cat","embeddable":true,"href":"https:\/\/chesterboots.pt\/de\/wp-json\/wp\/v2\/product_cat?post=3175"},{"taxonomy":"product_tag","embeddable":true,"href":"https:\/\/chesterboots.pt\/de\/wp-json\/wp\/v2\/product_tag?post=3175"}],"curies":[{"name":"wp","href":"https:\/\/api.w.org\/{rel}","templated":true}]}}