{"id":3205,"date":"2024-08-28T13:41:36","date_gmt":"2024-08-28T13:41:36","guid":{"rendered":"https:\/\/miligram50.miligram.pt\/produto\/botas-de-equitacao-tokyo-preto\/"},"modified":"2025-11-12T15:32:31","modified_gmt":"2025-11-12T15:32:31","slug":"reitstiefel-tokyo-schwarz","status":"publish","type":"product","link":"https:\/\/chesterboots.pt\/de\/produkt\/reitstiefel-tokyo-schwarz\/","title":{"rendered":"Reitstiefel Tokyo Schwarz"},"content":{"rendered":"<p>Diese Reitstiefel, die f\u00fcr das Springreiten entwickelt wurden, vereinen Innovation und Sicherheit und sind vom Komfort eines Sportschuhs inspiriert. Hergestellt aus weichem, hochwertigem Leder und verst\u00e4rkt mit einem seitlichen TPU-Panel mit CHESTER-Gravur, garantieren sie den idealen Kontakt zum Pferd. Das vegane Futter ist antibakteriell und atmungsaktiv. Die anatomisch geformte Einlegesohle ist herausnehmbar und passt sich dem Fu\u00df des Reiters an, w\u00e4hrend die rutschfeste Doppelspritzguss-TPU-Sohle mehr Stabilit\u00e4t und Kontrolle auf jeder Oberfl\u00e4che bietet.<\/p>\n","protected":false},"excerpt":{"rendered":"<p>Diese Reitstiefel, die f\u00fcr das Springreiten entwickelt wurden, vereinen Innovation und Sicherheit und sind vom Komfort eines Sportschuhs inspiriert. Hergestellt aus weichem, hochwertigem Leder und verst\u00e4rkt mit einem seitlichen TPU-Panel mit CHESTER-Gravur, garantieren sie den idealen Kontakt zum Pferd. Das vegane Futter ist antibakteriell und atmungsaktiv. Die anatomisch geformte Einlegesohle ist herausnehmbar und passt sich [&hellip;]<\/p>\n","protected":false},"featured_media":8793,"template":"","meta":{"_acf_changed":false},"product_brand":[],"product_cat":[235,233],"product_tag":[725],"class_list":{"0":"post-3205","1":"product","2":"type-product","3":"status-publish","4":"has-post-thumbnail","6":"product_cat-sportlinie","7":"product_cat-reitstiefel","8":"product_tag-springstiefel","10":"first","11":"instock","12":"shipping-taxable","13":"purchasable","14":"product-type-variable"},"acf":[],"_links":{"self":[{"href":"https:\/\/chesterboots.pt\/de\/wp-json\/wp\/v2\/product\/3205","targetHints":{"allow":["GET"]}}],"collection":[{"href":"https:\/\/chesterboots.pt\/de\/wp-json\/wp\/v2\/product"}],"about":[{"href":"https:\/\/chesterboots.pt\/de\/wp-json\/wp\/v2\/types\/product"}],"wp:featuredmedia":[{"embeddable":true,"href":"https:\/\/chesterboots.pt\/de\/wp-json\/wp\/v2\/media\/8793"}],"wp:attachment":[{"href":"https:\/\/chesterboots.pt\/de\/wp-json\/wp\/v2\/media?parent=3205"}],"wp:term":[{"taxonomy":"product_brand","embeddable":true,"href":"https:\/\/chesterboots.pt\/de\/wp-json\/wp\/v2\/product_brand?post=3205"},{"taxonomy":"product_cat","embeddable":true,"href":"https:\/\/chesterboots.pt\/de\/wp-json\/wp\/v2\/product_cat?post=3205"},{"taxonomy":"product_tag","embeddable":true,"href":"https:\/\/chesterboots.pt\/de\/wp-json\/wp\/v2\/product_tag?post=3205"}],"curies":[{"name":"wp","href":"https:\/\/api.w.org\/{rel}","templated":true}]}}