{"id":3241,"date":"2025-01-07T09:55:30","date_gmt":"2025-01-07T09:55:30","guid":{"rendered":"https:\/\/miligram50.miligram.pt\/produto\/schnursenkel\/"},"modified":"2025-10-08T08:53:16","modified_gmt":"2025-10-08T08:53:16","slug":"schnursenkel","status":"publish","type":"product","link":"https:\/\/chesterboots.pt\/de\/produkt\/schnursenkel\/","title":{"rendered":"Schn\u00fcrsenkel"},"content":{"rendered":"<p>Die schwarzen CHESTER Schn\u00fcrsenkel sind langlebig und hier erh\u00e4ltlich, damit Sie immer ein zus\u00e4tzliches Paar f\u00fcr jede Gelegenheit haben.<\/p>\n","protected":false},"excerpt":{"rendered":"<p>Die schwarzen CHESTER Schn\u00fcrsenkel sind langlebig und hier erh\u00e4ltlich, damit Sie immer ein zus\u00e4tzliches Paar f\u00fcr jede Gelegenheit haben.<\/p>\n","protected":false},"featured_media":4614,"template":"","meta":{"_acf_changed":false},"product_brand":[],"product_cat":[234],"product_tag":[],"class_list":{"0":"post-3241","1":"product","2":"type-product","3":"status-publish","4":"has-post-thumbnail","6":"product_cat-reitsportzubehor","8":"first","9":"instock","10":"shipping-taxable","11":"purchasable","12":"product-type-variable"},"acf":[],"_links":{"self":[{"href":"https:\/\/chesterboots.pt\/de\/wp-json\/wp\/v2\/product\/3241","targetHints":{"allow":["GET"]}}],"collection":[{"href":"https:\/\/chesterboots.pt\/de\/wp-json\/wp\/v2\/product"}],"about":[{"href":"https:\/\/chesterboots.pt\/de\/wp-json\/wp\/v2\/types\/product"}],"wp:featuredmedia":[{"embeddable":true,"href":"https:\/\/chesterboots.pt\/de\/wp-json\/wp\/v2\/media\/4614"}],"wp:attachment":[{"href":"https:\/\/chesterboots.pt\/de\/wp-json\/wp\/v2\/media?parent=3241"}],"wp:term":[{"taxonomy":"product_brand","embeddable":true,"href":"https:\/\/chesterboots.pt\/de\/wp-json\/wp\/v2\/product_brand?post=3241"},{"taxonomy":"product_cat","embeddable":true,"href":"https:\/\/chesterboots.pt\/de\/wp-json\/wp\/v2\/product_cat?post=3241"},{"taxonomy":"product_tag","embeddable":true,"href":"https:\/\/chesterboots.pt\/de\/wp-json\/wp\/v2\/product_tag?post=3241"}],"curies":[{"name":"wp","href":"https:\/\/api.w.org\/{rel}","templated":true}]}}