{"id":9458,"date":"2026-05-08T10:28:50","date_gmt":"2026-05-08T10:28:50","guid":{"rendered":"https:\/\/chesterboots.pt\/?post_type=product&#038;p=9458"},"modified":"2026-05-08T10:28:52","modified_gmt":"2026-05-08T10:28:52","slug":"gutschein-im-wert-von-25-e","status":"publish","type":"product","link":"https:\/\/chesterboots.pt\/de\/produkt\/gutschein-im-wert-von-25-e\/","title":{"rendered":"Gutschein im Wert von 25 \u20ac"},"content":{"rendered":"<p><span style=\"font-weight: 300;\">Das digitale Format wird unmittelbar nach der Zahlung per E-Mail versendet.<\/span><\/p>\n<p><span style=\"font-weight: 300;\">M\u00f6glichkeit, eine pers\u00f6nliche Nachricht hinzuzuf\u00fcgen.<\/span><\/p>\n<p><span style=\"font-weight: 300;\">Einmaliger Code zur direkten Verwendung an der Kasse.<\/span><\/p>\n<p><span style=\"font-weight: 300;\">G\u00fcltig f\u00fcr 12 Monate ab Kaufdatum.<\/span><\/p>\n<p><span style=\"font-weight: 300;\">Nicht mit anderen Aktionen, Rabatten oder Gutscheinen kombinierbar.<\/span><\/p>\n","protected":false},"excerpt":{"rendered":"<p>Das digitale Format wird unmittelbar nach der Zahlung per E-Mail versendet. M\u00f6glichkeit, eine pers\u00f6nliche Nachricht hinzuzuf\u00fcgen. Einmaliger Code zur direkten Verwendung an der Kasse. G\u00fcltig f\u00fcr 12 Monate ab Kaufdatum. Nicht mit anderen Aktionen, Rabatten oder Gutscheinen kombinierbar.<\/p>\n","protected":false},"featured_media":9596,"template":"","meta":{"_acf_changed":false},"product_brand":[],"product_cat":[915],"product_tag":[],"class_list":{"0":"post-9458","1":"product","2":"type-product","3":"status-publish","4":"has-post-thumbnail","6":"product_cat-gift-card","8":"first","9":"instock","10":"virtual","11":"purchasable","12":"product-type-simple"},"acf":[],"_links":{"self":[{"href":"https:\/\/chesterboots.pt\/de\/wp-json\/wp\/v2\/product\/9458","targetHints":{"allow":["GET"]}}],"collection":[{"href":"https:\/\/chesterboots.pt\/de\/wp-json\/wp\/v2\/product"}],"about":[{"href":"https:\/\/chesterboots.pt\/de\/wp-json\/wp\/v2\/types\/product"}],"wp:featuredmedia":[{"embeddable":true,"href":"https:\/\/chesterboots.pt\/de\/wp-json\/wp\/v2\/media\/9596"}],"wp:attachment":[{"href":"https:\/\/chesterboots.pt\/de\/wp-json\/wp\/v2\/media?parent=9458"}],"wp:term":[{"taxonomy":"product_brand","embeddable":true,"href":"https:\/\/chesterboots.pt\/de\/wp-json\/wp\/v2\/product_brand?post=9458"},{"taxonomy":"product_cat","embeddable":true,"href":"https:\/\/chesterboots.pt\/de\/wp-json\/wp\/v2\/product_cat?post=9458"},{"taxonomy":"product_tag","embeddable":true,"href":"https:\/\/chesterboots.pt\/de\/wp-json\/wp\/v2\/product_tag?post=9458"}],"curies":[{"name":"wp","href":"https:\/\/api.w.org\/{rel}","templated":true}]}}