{"id":6770,"date":"2024-08-05T10:58:55","date_gmt":"2024-08-05T10:58:55","guid":{"rendered":"https:\/\/miligram50.miligram.pt\/envios-cambios-y-devoluciones\/"},"modified":"2025-10-27T12:12:50","modified_gmt":"2025-10-27T12:12:50","slug":"envios-cambios-y-devoluciones","status":"publish","type":"page","link":"https:\/\/chesterboots.pt\/es\/envios-cambios-y-devoluciones\/","title":{"rendered":"Env\u00edos, cambios y devoluciones"},"content":{"rendered":"\t\t<div data-elementor-type=\"wp-page\" data-elementor-id=\"6770\" class=\"elementor elementor-6770 elementor-13\" data-elementor-post-type=\"page\">\n\t\t\t\t<div class=\"elementor-element elementor-element-56471ad e-flex e-con-boxed e-con e-parent\" data-id=\"56471ad\" data-element_type=\"container\" data-e-type=\"container\" data-settings=\"{&quot;jet_parallax_layout_list&quot;:[]}\">\n\t\t\t\t\t<div class=\"e-con-inner\">\n\t\t\t\t<div class=\"elementor-element elementor-element-d2acaaf elementor-widget elementor-widget-heading\" data-id=\"d2acaaf\" data-element_type=\"widget\" data-e-type=\"widget\" data-widget_type=\"heading.default\">\n\t\t\t\t<div class=\"elementor-widget-container\">\n\t\t\t\t\t<h2 class=\"elementor-heading-title elementor-size-default\">Env\u00edos, cambios y devoluciones<\/h2>\t\t\t\t<\/div>\n\t\t\t\t<\/div>\n\t\t<div class=\"elementor-element elementor-element-7fbbebf e-con-full texts-content e-flex e-con e-child\" data-id=\"7fbbebf\" data-element_type=\"container\" data-e-type=\"container\" data-settings=\"{&quot;jet_parallax_layout_list&quot;:[]}\">\n\t\t\t\t<div class=\"elementor-element elementor-element-80cd565 elementor-widget elementor-widget-accordion\" data-id=\"80cd565\" data-element_type=\"widget\" data-e-type=\"widget\" data-widget_type=\"accordion.default\">\n\t\t\t\t<div class=\"elementor-widget-container\">\n\t\t\t\t\t\t\t<div class=\"elementor-accordion\">\n\t\t\t\t\t\t\t<div class=\"elementor-accordion-item\">\n\t\t\t\t\t<div id=\"elementor-tab-title-1351\" class=\"elementor-tab-title\" data-tab=\"1\" role=\"button\" aria-controls=\"elementor-tab-content-1351\" aria-expanded=\"false\">\n\t\t\t\t\t\t\t\t\t\t\t\t\t<span class=\"elementor-accordion-icon elementor-accordion-icon-right\" aria-hidden=\"true\">\n\t\t\t\t\t\t\t\t\t\t\t\t\t\t\t<span class=\"elementor-accordion-icon-closed\"><svg xmlns=\"http:\/\/www.w3.org\/2000\/svg\" xmlns:xlink=\"http:\/\/www.w3.org\/1999\/xlink\" xmlns:serif=\"http:\/\/www.serif.com\/\" width=\"100%\" height=\"100%\" viewBox=\"0 0 21 12\" xml:space=\"preserve\" style=\"fill-rule:evenodd;clip-rule:evenodd;stroke-linejoin:round;stroke-miterlimit:2;\">    <g transform=\"matrix(1,0,0,1,-0.646447,-0.646447)\">        <path d=\"M0.646,1.354L11,11.707L21.354,1.354L20.646,0.646L11,10.293C11,10.293 1.354,0.646 1.354,0.646L0.646,1.354Z\"><\/path>    <\/g><\/svg><\/span>\n\t\t\t\t\t\t\t\t<span class=\"elementor-accordion-icon-opened\"><svg xmlns=\"http:\/\/www.w3.org\/2000\/svg\" xmlns:xlink=\"http:\/\/www.w3.org\/1999\/xlink\" xmlns:serif=\"http:\/\/www.serif.com\/\" width=\"100%\" height=\"100%\" viewBox=\"0 0 21 12\" xml:space=\"preserve\" style=\"fill-rule:evenodd;clip-rule:evenodd;stroke-linejoin:round;stroke-miterlimit:2;\">    <g transform=\"matrix(1,0,0,1,-0.646447,-0.646447)\">        <path d=\"M0.646,1.354L11,11.707L21.354,1.354L20.646,0.646L11,10.293C11,10.293 1.354,0.646 1.354,0.646L0.646,1.354Z\"><\/path>    <\/g><\/svg><\/span>\n\t\t\t\t\t\t\t\t\t\t\t\t\t\t<\/span>\n\t\t\t\t\t\t\t\t\t\t\t\t<a class=\"elementor-accordion-title\" tabindex=\"0\">1 - \u00bfCu\u00e1les son los costes y plazos de env\u00edo para mi pa\u00eds?<\/a>\n\t\t\t\t\t<\/div>\n\t\t\t\t\t<div id=\"elementor-tab-content-1351\" class=\"elementor-tab-content elementor-clearfix\" data-tab=\"1\" role=\"region\" aria-labelledby=\"elementor-tab-title-1351\"><p><strong>Expedici\u00f3n<\/strong><\/p>\n<p>Realizamos env\u00edos a Portugal (continental e islas), Espa\u00f1a (pen\u00ednsula e Islas Baleares), Pa\u00edses Bajos, Francia (continental), B\u00e9lgica, Luxemburgo, Italia (continental), Suiza, Polonia, Dinamarca, Finlandia, Estonia, Noruega, Lituania y Hungr\u00eda.<\/p>\n<p>En caso de que no haya stock del producto solicitado, el pedido solo podr\u00e1 ser enviado entre 1 y 10 d\u00edas laborables despu\u00e9s de la confirmaci\u00f3n del pago. Si este plazo le resulta demasiado largo, por favor contacte con nuestro Servicio de Atenci\u00f3n al Cliente (<a href=\"mailto:support@chesterboots.pt\">support@chesterboots.pt<\/a> o WhatsApp: <a href=\"tel:+351 912 189 829\">+351 912 189 829<\/a>) e intentaremos satisfacer su solicitude.<\/p>\n<p>Las entregas y recogidas en Portugal (continental) y Espa\u00f1a (pen\u00ednsula e Islas Baleares) son gestionadas por Nacex y se realizan en d\u00edas laborables hasta las 19:00 horas. En caso de que no se encuentre en la direcci\u00f3n para recibir el pedido, el cliente ser\u00e1 contactado para reprogramar la entrega. Si el cliente no recibe el pedido y desea que se realice un nuevo env\u00edo, se aplicar\u00e1n gastos de env\u00edo adicionales.<\/p>\n<p>Entregas y recogidas en Pa\u00edses Bajos, Francia (continental), B\u00e9lgica, Luxemburgo, Italia (continental), Polonia, Dinamarca, Estonia, Noruega, Lituania, Hungr\u00eda y Finlandia. Las entregas y recogidas en estos pa\u00edses son gestionadas por DHL y DPD. El cliente puede seguir la ubicaci\u00f3n de su env\u00edo a trav\u00e9s del sistema de rastreo proporcionado. Dado que no es posible programar ni concertar la entrega, esta ser\u00e1 realizada por la empresa transportista sin contacto previo. Por ello, es importante asegurarse de que haya alguien en la direcci\u00f3n indicada para recibir el pedido.<\/p>\n<p>Las entregas y recogidas en Suiza tambi\u00e9n se realizan a trav\u00e9s de DHL. Al tratarse de un pa\u00eds extracomunitario, pueden aplicarse tasas aduaneras o impuestos adicionales.<br \/>Dependiendo del pa\u00eds de destino, los precios de los productos incluyen el IVA u otros impuestos aplicables. Sin embargo, no incluyen los costes de env\u00edo ni las tasas de importaci\u00f3n.<\/p>\n<p>No se realizan env\u00edos durante los d\u00edas festivos.<\/p>\n<p><strong>Costes y plazos de entrega despu\u00e9s del env\u00edo<\/strong><\/p>\n<table cellspacing=\"0\" cellpadding=\"0\">\n<tbody>\n<tr>\n<td valign=\"top\"><b>PA\u00cdS<\/b><\/td>\n<td valign=\"top\"><b>GASTOS DE ENV\u00cdO<\/b><\/td>\n<td valign=\"top\"><b>TIEMPO DE ENTREGA ESTIMADO TRAS LA EXPEDICI\u00d3N<\/b><\/td>\n<\/tr>\n<tr>\n<td valign=\"top\">Portugal \u2013 Continental<\/td>\n<td valign=\"top\">7,95\u20ac<\/td>\n<td valign=\"top\">D\u00eda laborable siguiente hasta las 19h00<\/td>\n<\/tr>\n<tr>\n<td valign=\"top\">Portugal \u2013 Islas<\/td>\n<td valign=\"top\">55,95\u20ac<\/td>\n<td valign=\"top\">De 2 a 5 d\u00edas laborables<\/td>\n<\/tr>\n<tr>\n<td valign=\"top\">Espa\u00f1a &#8211; Continental<\/td>\n<td valign=\"top\">15,95\u20ac<\/td>\n<td valign=\"top\">D\u00eda laborable siguiente hasta las 19h00<\/td>\n<\/tr>\n<tr>\n<td valign=\"top\">Espa\u00f1a &#8211; Islas Baleares<\/td>\n<td valign=\"top\">30,95\u20ac<\/td>\n<td valign=\"top\">D\u00eda laborable siguiente hasta las 19h00<\/td>\n<\/tr>\n<tr>\n<td valign=\"top\">Pa\u00edses Bajos<\/td>\n<td valign=\"top\">39,95\u20ac<\/td>\n<td valign=\"top\">De 3 a 4 d\u00edas laborables<\/td>\n<\/tr>\n<tr>\n<td valign=\"top\">Francia &#8211; Continental<\/td>\n<td valign=\"top\">39,95\u20ac<\/td>\n<td valign=\"top\">De 2 a 4 d\u00edas laborables<\/td>\n<\/tr>\n<tr>\n<td valign=\"top\">B\u00e9lgica<\/td>\n<td valign=\"top\">39,95\u20ac<\/td>\n<td valign=\"top\">De 3 a 4 d\u00edas laborables<\/td>\n<\/tr>\n<tr>\n<td valign=\"top\">Luxemburgo<\/td>\n<td valign=\"top\">39,95\u20ac<\/td>\n<td valign=\"top\">3 d\u00edas laborables<\/td>\n<\/tr>\n<tr>\n<td valign=\"top\">Italia \u2013 Continental<\/td>\n<td valign=\"top\">39,95\u20ac<\/td>\n<td valign=\"top\">3 d\u00edas laborables<\/td>\n<\/tr>\n<tr>\n<td valign=\"top\">Suiza<\/td>\n<td valign=\"top\">39,95\u20ac<\/td>\n<td valign=\"top\">4 d\u00edas laborables<\/td>\n<\/tr>\n<tr>\n<td valign=\"top\">Polonia<\/td>\n<td valign=\"top\">39,95\u20ac<\/td>\n<td valign=\"top\">4 d\u00edas laborables<\/td>\n<\/tr>\n<tr>\n<td valign=\"top\">Dinamarca<\/td>\n<td valign=\"top\">39,95\u20ac<\/td>\n<td valign=\"top\">4 d\u00edas laborables<\/td>\n<\/tr>\n<tr>\n<td valign=\"top\">Estonia<\/td>\n<td valign=\"top\">39,95\u20ac<\/td>\n<td valign=\"top\">De 6 a 8 d\u00edas laborables<\/td>\n<\/tr>\n<tr>\n<td valign=\"top\">Noruega<\/td>\n<td valign=\"top\">50,95\u20ac<\/td>\n<td valign=\"top\">De 5 a 6 d\u00edas laborables<\/td>\n<\/tr>\n<tr>\n<td valign=\"top\">Lituania<\/td>\n<td valign=\"top\">39,95\u20ac<\/td>\n<td valign=\"top\">5 d\u00edas laborables<\/td>\n<\/tr>\n<tr>\n<td valign=\"top\">Hungr\u00eda<\/td>\n<td valign=\"top\">39,95\u20ac<\/td>\n<td valign=\"top\">De 4 a 5 d\u00edas laborables<\/td>\n<\/tr>\n<tr>\n<td valign=\"top\">Finlandia<\/td>\n<td valign=\"top\">50,95\u20ac<\/td>\n<td valign=\"top\">5 d\u00edas laborables<\/td>\n<\/tr>\n<\/tbody>\n<\/table>\n<\/div>\n\t\t\t\t<\/div>\n\t\t\t\t\t\t\t<div class=\"elementor-accordion-item\">\n\t\t\t\t\t<div id=\"elementor-tab-title-1352\" class=\"elementor-tab-title\" data-tab=\"2\" role=\"button\" aria-controls=\"elementor-tab-content-1352\" aria-expanded=\"false\">\n\t\t\t\t\t\t\t\t\t\t\t\t\t<span class=\"elementor-accordion-icon elementor-accordion-icon-right\" aria-hidden=\"true\">\n\t\t\t\t\t\t\t\t\t\t\t\t\t\t\t<span class=\"elementor-accordion-icon-closed\"><svg xmlns=\"http:\/\/www.w3.org\/2000\/svg\" xmlns:xlink=\"http:\/\/www.w3.org\/1999\/xlink\" xmlns:serif=\"http:\/\/www.serif.com\/\" width=\"100%\" height=\"100%\" viewBox=\"0 0 21 12\" xml:space=\"preserve\" style=\"fill-rule:evenodd;clip-rule:evenodd;stroke-linejoin:round;stroke-miterlimit:2;\">    <g transform=\"matrix(1,0,0,1,-0.646447,-0.646447)\">        <path d=\"M0.646,1.354L11,11.707L21.354,1.354L20.646,0.646L11,10.293C11,10.293 1.354,0.646 1.354,0.646L0.646,1.354Z\"><\/path>    <\/g><\/svg><\/span>\n\t\t\t\t\t\t\t\t<span class=\"elementor-accordion-icon-opened\"><svg xmlns=\"http:\/\/www.w3.org\/2000\/svg\" xmlns:xlink=\"http:\/\/www.w3.org\/1999\/xlink\" xmlns:serif=\"http:\/\/www.serif.com\/\" width=\"100%\" height=\"100%\" viewBox=\"0 0 21 12\" xml:space=\"preserve\" style=\"fill-rule:evenodd;clip-rule:evenodd;stroke-linejoin:round;stroke-miterlimit:2;\">    <g transform=\"matrix(1,0,0,1,-0.646447,-0.646447)\">        <path d=\"M0.646,1.354L11,11.707L21.354,1.354L20.646,0.646L11,10.293C11,10.293 1.354,0.646 1.354,0.646L0.646,1.354Z\"><\/path>    <\/g><\/svg><\/span>\n\t\t\t\t\t\t\t\t\t\t\t\t\t\t<\/span>\n\t\t\t\t\t\t\t\t\t\t\t\t<a class=\"elementor-accordion-title\" tabindex=\"0\">2 - \u00bfC\u00f3mo puedo cambiar un art\u00edculo?<\/a>\n\t\t\t\t\t<\/div>\n\t\t\t\t\t<div id=\"elementor-tab-content-1352\" class=\"elementor-tab-content elementor-clearfix\" data-tab=\"2\" role=\"region\" aria-labelledby=\"elementor-tab-title-1352\"><p>Deseamos que nuestros clientes queden satisfechos con su compra. Dispone de 14 d\u00edas, a partir de la fecha de recepci\u00f3n del pedido, para solicitar el cambio del\/de los art\u00edculo(s) de forma gratuita. Solo aceptamos cambios de talla de los art\u00edculos comprados y que est\u00e9n disponibles en stock.<\/p>\n<p>Para realizar una solicitud de cambio, el cliente deber\u00e1 completar el formulario disponible en su \u00e1rea de cliente, incluyendo toda la informaci\u00f3n sobre el producto que desea cambiar.<\/p>\n<\/div>\n\t\t\t\t<\/div>\n\t\t\t\t\t\t\t<div class=\"elementor-accordion-item\">\n\t\t\t\t\t<div id=\"elementor-tab-title-1353\" class=\"elementor-tab-title\" data-tab=\"3\" role=\"button\" aria-controls=\"elementor-tab-content-1353\" aria-expanded=\"false\">\n\t\t\t\t\t\t\t\t\t\t\t\t\t<span class=\"elementor-accordion-icon elementor-accordion-icon-right\" aria-hidden=\"true\">\n\t\t\t\t\t\t\t\t\t\t\t\t\t\t\t<span class=\"elementor-accordion-icon-closed\"><svg xmlns=\"http:\/\/www.w3.org\/2000\/svg\" xmlns:xlink=\"http:\/\/www.w3.org\/1999\/xlink\" xmlns:serif=\"http:\/\/www.serif.com\/\" width=\"100%\" height=\"100%\" viewBox=\"0 0 21 12\" xml:space=\"preserve\" style=\"fill-rule:evenodd;clip-rule:evenodd;stroke-linejoin:round;stroke-miterlimit:2;\">    <g transform=\"matrix(1,0,0,1,-0.646447,-0.646447)\">        <path d=\"M0.646,1.354L11,11.707L21.354,1.354L20.646,0.646L11,10.293C11,10.293 1.354,0.646 1.354,0.646L0.646,1.354Z\"><\/path>    <\/g><\/svg><\/span>\n\t\t\t\t\t\t\t\t<span class=\"elementor-accordion-icon-opened\"><svg xmlns=\"http:\/\/www.w3.org\/2000\/svg\" xmlns:xlink=\"http:\/\/www.w3.org\/1999\/xlink\" xmlns:serif=\"http:\/\/www.serif.com\/\" width=\"100%\" height=\"100%\" viewBox=\"0 0 21 12\" xml:space=\"preserve\" style=\"fill-rule:evenodd;clip-rule:evenodd;stroke-linejoin:round;stroke-miterlimit:2;\">    <g transform=\"matrix(1,0,0,1,-0.646447,-0.646447)\">        <path d=\"M0.646,1.354L11,11.707L21.354,1.354L20.646,0.646L11,10.293C11,10.293 1.354,0.646 1.354,0.646L0.646,1.354Z\"><\/path>    <\/g><\/svg><\/span>\n\t\t\t\t\t\t\t\t\t\t\t\t\t\t<\/span>\n\t\t\t\t\t\t\t\t\t\t\t\t<a class=\"elementor-accordion-title\" tabindex=\"0\">3 - \u00bfC\u00f3mo puedo devolver un art\u00edculo?<\/a>\n\t\t\t\t\t<\/div>\n\t\t\t\t\t<div id=\"elementor-tab-content-1353\" class=\"elementor-tab-content elementor-clearfix\" data-tab=\"3\" role=\"region\" aria-labelledby=\"elementor-tab-title-1353\"><p>CHESTER Boots desea que sus clientes queden satisfechos con su compra. Dispone de 14 d\u00edas, a partir de la fecha de recepci\u00f3n de los art\u00edculos, para solicitar la devoluci\u00f3n de forma gratuita, siempre que se cumplan las condiciones establecidas para devoluciones.<\/p>\n<p>Para solicitar la devoluci\u00f3n de un pedido, el cliente deber\u00e1 completar el formulario disponible en su \u00e1rea de cliente, incluyendo toda la informaci\u00f3n sobre el producto que desea devolver.<\/p>\n<\/div>\n\t\t\t\t<\/div>\n\t\t\t\t\t\t\t<div class=\"elementor-accordion-item\">\n\t\t\t\t\t<div id=\"elementor-tab-title-1354\" class=\"elementor-tab-title\" data-tab=\"4\" role=\"button\" aria-controls=\"elementor-tab-content-1354\" aria-expanded=\"false\">\n\t\t\t\t\t\t\t\t\t\t\t\t\t<span class=\"elementor-accordion-icon elementor-accordion-icon-right\" aria-hidden=\"true\">\n\t\t\t\t\t\t\t\t\t\t\t\t\t\t\t<span class=\"elementor-accordion-icon-closed\"><svg xmlns=\"http:\/\/www.w3.org\/2000\/svg\" xmlns:xlink=\"http:\/\/www.w3.org\/1999\/xlink\" xmlns:serif=\"http:\/\/www.serif.com\/\" width=\"100%\" height=\"100%\" viewBox=\"0 0 21 12\" xml:space=\"preserve\" style=\"fill-rule:evenodd;clip-rule:evenodd;stroke-linejoin:round;stroke-miterlimit:2;\">    <g transform=\"matrix(1,0,0,1,-0.646447,-0.646447)\">        <path d=\"M0.646,1.354L11,11.707L21.354,1.354L20.646,0.646L11,10.293C11,10.293 1.354,0.646 1.354,0.646L0.646,1.354Z\"><\/path>    <\/g><\/svg><\/span>\n\t\t\t\t\t\t\t\t<span class=\"elementor-accordion-icon-opened\"><svg xmlns=\"http:\/\/www.w3.org\/2000\/svg\" xmlns:xlink=\"http:\/\/www.w3.org\/1999\/xlink\" xmlns:serif=\"http:\/\/www.serif.com\/\" width=\"100%\" height=\"100%\" viewBox=\"0 0 21 12\" xml:space=\"preserve\" style=\"fill-rule:evenodd;clip-rule:evenodd;stroke-linejoin:round;stroke-miterlimit:2;\">    <g transform=\"matrix(1,0,0,1,-0.646447,-0.646447)\">        <path d=\"M0.646,1.354L11,11.707L21.354,1.354L20.646,0.646L11,10.293C11,10.293 1.354,0.646 1.354,0.646L0.646,1.354Z\"><\/path>    <\/g><\/svg><\/span>\n\t\t\t\t\t\t\t\t\t\t\t\t\t\t<\/span>\n\t\t\t\t\t\t\t\t\t\t\t\t<a class=\"elementor-accordion-title\" tabindex=\"0\">4 - \u00bfCu\u00e1ndo y c\u00f3mo recibir\u00e9 mi reembolso?<\/a>\n\t\t\t\t\t<\/div>\n\t\t\t\t\t<div id=\"elementor-tab-content-1354\" class=\"elementor-tab-content elementor-clearfix\" data-tab=\"4\" role=\"region\" aria-labelledby=\"elementor-tab-title-1354\"><p>En caso de devoluci\u00f3n, el reembolso se procesar\u00e1 en los d\u00edas siguientes a trav\u00e9s del mismo m\u00e9todo de pago utilizado en la compra.<br \/>En el caso de pagos realizados por MbWay, el reembolso se efectuar\u00e1 mediante transferencia bancaria.<br \/>Tenga en cuenta que el tiempo necesario para recibir el reembolso depende del m\u00e9todo de pago utilizado.<\/p>\n<\/div>\n\t\t\t\t<\/div>\n\t\t\t\t\t\t\t<div class=\"elementor-accordion-item\">\n\t\t\t\t\t<div id=\"elementor-tab-title-1355\" class=\"elementor-tab-title\" data-tab=\"5\" role=\"button\" aria-controls=\"elementor-tab-content-1355\" aria-expanded=\"false\">\n\t\t\t\t\t\t\t\t\t\t\t\t\t<span class=\"elementor-accordion-icon elementor-accordion-icon-right\" aria-hidden=\"true\">\n\t\t\t\t\t\t\t\t\t\t\t\t\t\t\t<span class=\"elementor-accordion-icon-closed\"><svg xmlns=\"http:\/\/www.w3.org\/2000\/svg\" xmlns:xlink=\"http:\/\/www.w3.org\/1999\/xlink\" xmlns:serif=\"http:\/\/www.serif.com\/\" width=\"100%\" height=\"100%\" viewBox=\"0 0 21 12\" xml:space=\"preserve\" style=\"fill-rule:evenodd;clip-rule:evenodd;stroke-linejoin:round;stroke-miterlimit:2;\">    <g transform=\"matrix(1,0,0,1,-0.646447,-0.646447)\">        <path d=\"M0.646,1.354L11,11.707L21.354,1.354L20.646,0.646L11,10.293C11,10.293 1.354,0.646 1.354,0.646L0.646,1.354Z\"><\/path>    <\/g><\/svg><\/span>\n\t\t\t\t\t\t\t\t<span class=\"elementor-accordion-icon-opened\"><svg xmlns=\"http:\/\/www.w3.org\/2000\/svg\" xmlns:xlink=\"http:\/\/www.w3.org\/1999\/xlink\" xmlns:serif=\"http:\/\/www.serif.com\/\" width=\"100%\" height=\"100%\" viewBox=\"0 0 21 12\" xml:space=\"preserve\" style=\"fill-rule:evenodd;clip-rule:evenodd;stroke-linejoin:round;stroke-miterlimit:2;\">    <g transform=\"matrix(1,0,0,1,-0.646447,-0.646447)\">        <path d=\"M0.646,1.354L11,11.707L21.354,1.354L20.646,0.646L11,10.293C11,10.293 1.354,0.646 1.354,0.646L0.646,1.354Z\"><\/path>    <\/g><\/svg><\/span>\n\t\t\t\t\t\t\t\t\t\t\t\t\t\t<\/span>\n\t\t\t\t\t\t\t\t\t\t\t\t<a class=\"elementor-accordion-title\" tabindex=\"0\">5 - \u00bfCu\u00e1les son los costes de devoluci\u00f3n del art\u00edculo?<\/a>\n\t\t\t\t\t<\/div>\n\t\t\t\t\t<div id=\"elementor-tab-content-1355\" class=\"elementor-tab-content elementor-clearfix\" data-tab=\"5\" role=\"region\" aria-labelledby=\"elementor-tab-title-1355\"><p>En los casos de devoluci\u00f3n de productos,\u00a0no se aplican costes al cliente.<\/p>\n<\/div>\n\t\t\t\t<\/div>\n\t\t\t\t\t\t\t\t<\/div>\n\t\t\t\t\t\t<\/div>\n\t\t\t\t<\/div>\n\t\t\t\t<\/div>\n\t\t\t\t\t<\/div>\n\t\t\t\t<\/div>\n\t\t\t\t<\/div>\n\t\t","protected":false},"excerpt":{"rendered":"<p>1 &#8211; \u00bfCu\u00e1les son los costes y plazos de env\u00edo para mi pa\u00eds? Expedici\u00f3n Realizamos env\u00edos a Portugal (continental e islas), Espa\u00f1a (pen\u00ednsula e Islas Baleares), Pa\u00edses Bajos, Francia (continental), B\u00e9lgica, Luxemburgo, Italia (continental), Suiza, Polonia, Dinamarca, Finlandia, Estonia, Noruega, Lituania y Hungr\u00eda. En caso de que no haya stock del producto solicitado, el pedido [&hellip;]<\/p>\n","protected":false},"author":1,"featured_media":0,"parent":0,"menu_order":0,"comment_status":"closed","ping_status":"closed","template":"","meta":{"_acf_changed":false,"footnotes":""},"class_list":["post-6770","page","type-page","status-publish","hentry"],"acf":[],"_links":{"self":[{"href":"https:\/\/chesterboots.pt\/es\/wp-json\/wp\/v2\/pages\/6770","targetHints":{"allow":["GET"]}}],"collection":[{"href":"https:\/\/chesterboots.pt\/es\/wp-json\/wp\/v2\/pages"}],"about":[{"href":"https:\/\/chesterboots.pt\/es\/wp-json\/wp\/v2\/types\/page"}],"author":[{"embeddable":true,"href":"https:\/\/chesterboots.pt\/es\/wp-json\/wp\/v2\/users\/1"}],"replies":[{"embeddable":true,"href":"https:\/\/chesterboots.pt\/es\/wp-json\/wp\/v2\/comments?post=6770"}],"version-history":[{"count":0,"href":"https:\/\/chesterboots.pt\/es\/wp-json\/wp\/v2\/pages\/6770\/revisions"}],"wp:attachment":[{"href":"https:\/\/chesterboots.pt\/es\/wp-json\/wp\/v2\/media?parent=6770"}],"curies":[{"name":"wp","href":"https:\/\/api.w.org\/{rel}","templated":true}]}}