{"id":2989,"date":"2024-11-27T16:33:53","date_gmt":"2024-11-27T16:33:53","guid":{"rendered":"https:\/\/miligram50.miligram.pt\/produto\/botins-em-pele-verona-castanho\/"},"modified":"2025-10-24T14:45:51","modified_gmt":"2025-10-24T14:45:51","slug":"botines-de-piel-verona-marron","status":"publish","type":"product","link":"https:\/\/chesterboots.pt\/es\/producto\/botines-de-piel-verona-marron\/","title":{"rendered":"Botines de piel Verona Marron"},"content":{"rendered":"<p>Los bottines Verona de cuero pull-up marr\u00f3n son la elecci\u00f3n perfecta para quienes buscan elegancia, resistencia y comodidad. El el\u00e1stico lateral facilita ponerlas y quitarlas, y la puntera trabajada les da un dise\u00f1o cl\u00e1sico y distintivo. La plantilla es removible y anat\u00f3mica, adapt\u00e1ndose a tu pie. La suela combina cuero y goma, y el m\u00e9todo de costura Blake la hace a\u00fan m\u00e1s duradera.<\/p>\n","protected":false},"excerpt":{"rendered":"<p>Los bottines Verona de cuero pull-up marr\u00f3n son la elecci\u00f3n perfecta para quienes buscan elegancia, resistencia y comodidad. El el\u00e1stico lateral facilita ponerlas y quitarlas, y la puntera trabajada les da un dise\u00f1o cl\u00e1sico y distintivo. La plantilla es removible y anat\u00f3mica, adapt\u00e1ndose a tu pie. La suela combina cuero y goma, y el m\u00e9todo [&hellip;]<\/p>\n","protected":false},"featured_media":4383,"template":"","meta":{"_acf_changed":false},"product_brand":[],"product_cat":[239,241],"product_tag":[],"class_list":{"0":"post-2989","1":"product","2":"type-product","3":"status-publish","4":"has-post-thumbnail","6":"product_cat-botines","7":"product_cat-linea-high-end","9":"first","10":"instock","11":"shipping-taxable","12":"purchasable","13":"product-type-variable"},"acf":[],"_links":{"self":[{"href":"https:\/\/chesterboots.pt\/es\/wp-json\/wp\/v2\/product\/2989","targetHints":{"allow":["GET"]}}],"collection":[{"href":"https:\/\/chesterboots.pt\/es\/wp-json\/wp\/v2\/product"}],"about":[{"href":"https:\/\/chesterboots.pt\/es\/wp-json\/wp\/v2\/types\/product"}],"wp:featuredmedia":[{"embeddable":true,"href":"https:\/\/chesterboots.pt\/es\/wp-json\/wp\/v2\/media\/4383"}],"wp:attachment":[{"href":"https:\/\/chesterboots.pt\/es\/wp-json\/wp\/v2\/media?parent=2989"}],"wp:term":[{"taxonomy":"product_brand","embeddable":true,"href":"https:\/\/chesterboots.pt\/es\/wp-json\/wp\/v2\/product_brand?post=2989"},{"taxonomy":"product_cat","embeddable":true,"href":"https:\/\/chesterboots.pt\/es\/wp-json\/wp\/v2\/product_cat?post=2989"},{"taxonomy":"product_tag","embeddable":true,"href":"https:\/\/chesterboots.pt\/es\/wp-json\/wp\/v2\/product_tag?post=2989"}],"curies":[{"name":"wp","href":"https:\/\/api.w.org\/{rel}","templated":true}]}}