{"id":3009,"date":"2024-08-30T10:39:40","date_gmt":"2024-08-30T10:39:40","guid":{"rendered":"https:\/\/miligram50.miligram.pt\/produto\/palmilha-de-conforto\/"},"modified":"2025-08-28T11:06:29","modified_gmt":"2025-08-28T11:06:29","slug":"plantilla-anatomica-acolchada","status":"publish","type":"product","link":"https:\/\/chesterboots.pt\/es\/producto\/plantilla-anatomica-acolchada\/","title":{"rendered":"Plantilla anat\u00f3mica acolchada"},"content":{"rendered":"<p>Las plantillas de confort X-comfort proporcionan estabilidad y soporte, adem\u00e1s de mayor confort con cada paso. Totalmente transpirables, mantienen los pies secos y libres de olores. Son la soluci\u00f3n ideal para prevenir impactos fuertes.<\/p>\n","protected":false},"excerpt":{"rendered":"<p>Las plantillas de confort X-comfort proporcionan estabilidad y soporte, adem\u00e1s de mayor confort con cada paso. Totalmente transpirables, mantienen los pies secos y libres de olores. Son la soluci\u00f3n ideal para prevenir impactos fuertes.<\/p>\n","protected":false},"featured_media":4635,"template":"","meta":{"_acf_changed":false},"product_brand":[],"product_cat":[237],"product_tag":[],"class_list":{"0":"post-3009","1":"product","2":"type-product","3":"status-publish","4":"has-post-thumbnail","6":"product_cat-accesorios","8":"first","9":"instock","10":"shipping-taxable","11":"purchasable","12":"product-type-variable"},"acf":[],"_links":{"self":[{"href":"https:\/\/chesterboots.pt\/es\/wp-json\/wp\/v2\/product\/3009","targetHints":{"allow":["GET"]}}],"collection":[{"href":"https:\/\/chesterboots.pt\/es\/wp-json\/wp\/v2\/product"}],"about":[{"href":"https:\/\/chesterboots.pt\/es\/wp-json\/wp\/v2\/types\/product"}],"wp:featuredmedia":[{"embeddable":true,"href":"https:\/\/chesterboots.pt\/es\/wp-json\/wp\/v2\/media\/4635"}],"wp:attachment":[{"href":"https:\/\/chesterboots.pt\/es\/wp-json\/wp\/v2\/media?parent=3009"}],"wp:term":[{"taxonomy":"product_brand","embeddable":true,"href":"https:\/\/chesterboots.pt\/es\/wp-json\/wp\/v2\/product_brand?post=3009"},{"taxonomy":"product_cat","embeddable":true,"href":"https:\/\/chesterboots.pt\/es\/wp-json\/wp\/v2\/product_cat?post=3009"},{"taxonomy":"product_tag","embeddable":true,"href":"https:\/\/chesterboots.pt\/es\/wp-json\/wp\/v2\/product_tag?post=3009"}],"curies":[{"name":"wp","href":"https:\/\/api.w.org\/{rel}","templated":true}]}}