{"id":3014,"date":"2024-08-30T10:35:39","date_gmt":"2024-08-30T10:35:39","guid":{"rendered":"https:\/\/miligram50.miligram.pt\/produto\/forma-de-botas\/"},"modified":"2025-10-29T12:08:59","modified_gmt":"2025-10-29T12:08:59","slug":"horma-de-botas","status":"publish","type":"product","link":"https:\/\/chesterboots.pt\/es\/producto\/horma-de-botas\/","title":{"rendered":"Horma de Botas"},"content":{"rendered":"<p>Garantizar la forma original de tus botas es un desaf\u00edo dif\u00edcil. Por esta raz\u00f3n, nuestros \u00e1rboles de botas deben ser elegidos por ti. Son f\u00e1cilmente ajustables a nuestros modelos de botas de equitaci\u00f3n.<\/p>\n","protected":false},"excerpt":{"rendered":"<p>Garantizar la forma original de tus botas es un desaf\u00edo dif\u00edcil. Por esta raz\u00f3n, nuestros \u00e1rboles de botas deben ser elegidos por ti. Son f\u00e1cilmente ajustables a nuestros modelos de botas de equitaci\u00f3n.<\/p>\n","protected":false},"featured_media":1841,"template":"","meta":{"_acf_changed":false},"product_brand":[],"product_cat":[237],"product_tag":[],"class_list":{"0":"post-3014","1":"product","2":"type-product","3":"status-publish","4":"has-post-thumbnail","6":"product_cat-accesorios","8":"first","9":"instock","10":"shipping-taxable","11":"purchasable","12":"product-type-simple"},"acf":[],"_links":{"self":[{"href":"https:\/\/chesterboots.pt\/es\/wp-json\/wp\/v2\/product\/3014","targetHints":{"allow":["GET"]}}],"collection":[{"href":"https:\/\/chesterboots.pt\/es\/wp-json\/wp\/v2\/product"}],"about":[{"href":"https:\/\/chesterboots.pt\/es\/wp-json\/wp\/v2\/types\/product"}],"wp:featuredmedia":[{"embeddable":true,"href":"https:\/\/chesterboots.pt\/es\/wp-json\/wp\/v2\/media\/1841"}],"wp:attachment":[{"href":"https:\/\/chesterboots.pt\/es\/wp-json\/wp\/v2\/media?parent=3014"}],"wp:term":[{"taxonomy":"product_brand","embeddable":true,"href":"https:\/\/chesterboots.pt\/es\/wp-json\/wp\/v2\/product_brand?post=3014"},{"taxonomy":"product_cat","embeddable":true,"href":"https:\/\/chesterboots.pt\/es\/wp-json\/wp\/v2\/product_cat?post=3014"},{"taxonomy":"product_tag","embeddable":true,"href":"https:\/\/chesterboots.pt\/es\/wp-json\/wp\/v2\/product_tag?post=3014"}],"curies":[{"name":"wp","href":"https:\/\/api.w.org\/{rel}","templated":true}]}}