{"id":3021,"date":"2024-08-30T10:25:58","date_gmt":"2024-08-30T10:25:58","guid":{"rendered":"https:\/\/miligram50.miligram.pt\/produto\/cunha\/"},"modified":"2025-09-12T13:42:59","modified_gmt":"2025-09-12T13:42:59","slug":"elevador-de-talon","status":"publish","type":"product","link":"https:\/\/chesterboots.pt\/es\/producto\/elevador-de-talon\/","title":{"rendered":"Elevador de tal\u00f3n"},"content":{"rendered":"<p>Las cu\u00f1as CHESTER con forro vegan naranja ofrecen una elevaci\u00f3n extra, proporcionando m\u00e1s confort y estabilidad, y ayudando a mejorar tu postura.<\/p>\n<ul>\n<li>S (tallas 35-38) 10,1 cm de largo x 6,2 cm de ancho x 1,3 cm de alto<\/li>\n<li>M (tallas 39-42) 10,5 cm de largo x 6,6 cm de ancho x 1,3 cm de alto<\/li>\n<li>L (tallas 43-45) 11,1 cm de largo x 7,1 cm de ancho x 1,3 cm de alto<\/li>\n<\/ul>\n","protected":false},"excerpt":{"rendered":"<p>Las cu\u00f1as CHESTER con forro vegan naranja ofrecen una elevaci\u00f3n extra, proporcionando m\u00e1s confort y estabilidad, y ayudando a mejorar tu postura. S (tallas 35-38) 10,1 cm de largo x 6,2 cm de ancho x 1,3 cm de alto M (tallas 39-42) 10,5 cm de largo x 6,6 cm de ancho x 1,3 cm de [&hellip;]<\/p>\n","protected":false},"featured_media":4645,"template":"","meta":{"_acf_changed":false},"product_brand":[],"product_cat":[237],"product_tag":[],"class_list":{"0":"post-3021","1":"product","2":"type-product","3":"status-publish","4":"has-post-thumbnail","6":"product_cat-accesorios","8":"first","9":"instock","10":"shipping-taxable","11":"purchasable","12":"product-type-variable"},"acf":[],"_links":{"self":[{"href":"https:\/\/chesterboots.pt\/es\/wp-json\/wp\/v2\/product\/3021","targetHints":{"allow":["GET"]}}],"collection":[{"href":"https:\/\/chesterboots.pt\/es\/wp-json\/wp\/v2\/product"}],"about":[{"href":"https:\/\/chesterboots.pt\/es\/wp-json\/wp\/v2\/types\/product"}],"wp:featuredmedia":[{"embeddable":true,"href":"https:\/\/chesterboots.pt\/es\/wp-json\/wp\/v2\/media\/4645"}],"wp:attachment":[{"href":"https:\/\/chesterboots.pt\/es\/wp-json\/wp\/v2\/media?parent=3021"}],"wp:term":[{"taxonomy":"product_brand","embeddable":true,"href":"https:\/\/chesterboots.pt\/es\/wp-json\/wp\/v2\/product_brand?post=3021"},{"taxonomy":"product_cat","embeddable":true,"href":"https:\/\/chesterboots.pt\/es\/wp-json\/wp\/v2\/product_cat?post=3021"},{"taxonomy":"product_tag","embeddable":true,"href":"https:\/\/chesterboots.pt\/es\/wp-json\/wp\/v2\/product_tag?post=3021"}],"curies":[{"name":"wp","href":"https:\/\/api.w.org\/{rel}","templated":true}]}}