{"id":3033,"date":"2024-08-30T09:59:25","date_gmt":"2024-08-30T09:59:25","guid":{"rendered":"https:\/\/miligram50.miligram.pt\/produto\/sapato-em-pele-lusitano-castanho\/"},"modified":"2025-11-05T11:26:01","modified_gmt":"2025-11-05T11:26:01","slug":"zapato-de-piel-lusitano-marron","status":"publish","type":"product","link":"https:\/\/chesterboots.pt\/es\/producto\/zapato-de-piel-lusitano-marron\/","title":{"rendered":"Zapato de piel Lusitano Marron"},"content":{"rendered":"<p>Los zapatos de cuero Lusitano son la opci\u00f3n para quienes buscan un dise\u00f1o cl\u00e1sico y claramente portugu\u00e9s. Con una leng\u00fceta removible, son a\u00fan m\u00e1s vers\u00e1tiles.<\/p>\n","protected":false},"excerpt":{"rendered":"<p>Los zapatos de cuero Lusitano son la opci\u00f3n para quienes buscan un dise\u00f1o cl\u00e1sico y claramente portugu\u00e9s. Con una leng\u00fceta removible, son a\u00fan m\u00e1s vers\u00e1tiles.<\/p>\n","protected":false},"featured_media":4403,"template":"","meta":{"_acf_changed":false},"product_brand":[],"product_cat":[240,244],"product_tag":[],"class_list":{"0":"post-3033","1":"product","2":"type-product","3":"status-publish","4":"has-post-thumbnail","6":"product_cat-calzado-al-aire-libre","7":"product_cat-linea-work","9":"first","10":"instock","11":"shipping-taxable","12":"purchasable","13":"product-type-variable"},"acf":[],"_links":{"self":[{"href":"https:\/\/chesterboots.pt\/es\/wp-json\/wp\/v2\/product\/3033","targetHints":{"allow":["GET"]}}],"collection":[{"href":"https:\/\/chesterboots.pt\/es\/wp-json\/wp\/v2\/product"}],"about":[{"href":"https:\/\/chesterboots.pt\/es\/wp-json\/wp\/v2\/types\/product"}],"wp:featuredmedia":[{"embeddable":true,"href":"https:\/\/chesterboots.pt\/es\/wp-json\/wp\/v2\/media\/4403"}],"wp:attachment":[{"href":"https:\/\/chesterboots.pt\/es\/wp-json\/wp\/v2\/media?parent=3033"}],"wp:term":[{"taxonomy":"product_brand","embeddable":true,"href":"https:\/\/chesterboots.pt\/es\/wp-json\/wp\/v2\/product_brand?post=3033"},{"taxonomy":"product_cat","embeddable":true,"href":"https:\/\/chesterboots.pt\/es\/wp-json\/wp\/v2\/product_cat?post=3033"},{"taxonomy":"product_tag","embeddable":true,"href":"https:\/\/chesterboots.pt\/es\/wp-json\/wp\/v2\/product_tag?post=3033"}],"curies":[{"name":"wp","href":"https:\/\/api.w.org\/{rel}","templated":true}]}}