{"id":3041,"date":"2024-08-30T09:53:55","date_gmt":"2024-08-30T09:53:55","guid":{"rendered":"https:\/\/miligram50.miligram.pt\/produto\/sapato-de-vela-castanho\/"},"modified":"2025-10-06T11:11:08","modified_gmt":"2025-10-06T11:11:08","slug":"zapato-nautico-marron","status":"publish","type":"product","link":"https:\/\/chesterboots.pt\/es\/producto\/zapato-nautico-marron\/","title":{"rendered":"Zapato n\u00e1utico Marron"},"content":{"rendered":"<p>Estos zapatos de vela combinan un dise\u00f1o cl\u00e1sico con las necesidades pr\u00e1cticas de su d\u00eda a d\u00eda. Fabricados en Portugal con cuero pull-up marr\u00f3n, son la elecci\u00f3n perfecta para aquellos que valoran el estilo y la comodidad.<\/p>\n","protected":false},"excerpt":{"rendered":"<p>Estos zapatos de vela combinan un dise\u00f1o cl\u00e1sico con las necesidades pr\u00e1cticas de su d\u00eda a d\u00eda. Fabricados en Portugal con cuero pull-up marr\u00f3n, son la elecci\u00f3n perfecta para aquellos que valoran el estilo y la comodidad.<\/p>\n","protected":false},"featured_media":4428,"template":"","meta":{"_acf_changed":false},"product_brand":[],"product_cat":[240,244],"product_tag":[],"class_list":{"0":"post-3041","1":"product","2":"type-product","3":"status-publish","4":"has-post-thumbnail","6":"product_cat-calzado-al-aire-libre","7":"product_cat-linea-work","9":"first","10":"instock","11":"shipping-taxable","12":"purchasable","13":"product-type-variable"},"acf":[],"_links":{"self":[{"href":"https:\/\/chesterboots.pt\/es\/wp-json\/wp\/v2\/product\/3041","targetHints":{"allow":["GET"]}}],"collection":[{"href":"https:\/\/chesterboots.pt\/es\/wp-json\/wp\/v2\/product"}],"about":[{"href":"https:\/\/chesterboots.pt\/es\/wp-json\/wp\/v2\/types\/product"}],"wp:featuredmedia":[{"embeddable":true,"href":"https:\/\/chesterboots.pt\/es\/wp-json\/wp\/v2\/media\/4428"}],"wp:attachment":[{"href":"https:\/\/chesterboots.pt\/es\/wp-json\/wp\/v2\/media?parent=3041"}],"wp:term":[{"taxonomy":"product_brand","embeddable":true,"href":"https:\/\/chesterboots.pt\/es\/wp-json\/wp\/v2\/product_brand?post=3041"},{"taxonomy":"product_cat","embeddable":true,"href":"https:\/\/chesterboots.pt\/es\/wp-json\/wp\/v2\/product_cat?post=3041"},{"taxonomy":"product_tag","embeddable":true,"href":"https:\/\/chesterboots.pt\/es\/wp-json\/wp\/v2\/product_tag?post=3041"}],"curies":[{"name":"wp","href":"https:\/\/api.w.org\/{rel}","templated":true}]}}