{"id":3049,"date":"2024-08-30T09:43:40","date_gmt":"2024-08-30T09:43:40","guid":{"rendered":"https:\/\/miligram50.miligram.pt\/produto\/chester-sock-trainers\/"},"modified":"2025-10-24T14:46:05","modified_gmt":"2025-10-24T14:46:05","slug":"chester-sock-trainers","status":"publish","type":"product","link":"https:\/\/chesterboots.pt\/es\/producto\/chester-sock-trainers\/","title":{"rendered":"Chester Sock Trainers"},"content":{"rendered":"<p>Zapatillas de malla que garantizan ligereza y confort, perfectas para el d\u00eda a d\u00eda o para relajarse despu\u00e9s del entrenamiento. Con 100 % malla textil y un tal\u00f3n reforzado, estas zapatillas ofrecen una experiencia \u00fanica. La suela EVA bicolor con goma proporciona un soporte flexible, haciendo cada paso m\u00e1s c\u00f3modo.<\/p>\n","protected":false},"excerpt":{"rendered":"<p>Zapatillas de malla que garantizan ligereza y confort, perfectas para el d\u00eda a d\u00eda o para relajarse despu\u00e9s del entrenamiento. Con 100 % malla textil y un tal\u00f3n reforzado, estas zapatillas ofrecen una experiencia \u00fanica. La suela EVA bicolor con goma proporciona un soporte flexible, haciendo cada paso m\u00e1s c\u00f3modo.<\/p>\n","protected":false},"featured_media":4448,"template":"","meta":{"_acf_changed":false},"product_brand":[],"product_cat":[240,243],"product_tag":[],"class_list":{"0":"post-3049","1":"product","2":"type-product","3":"status-publish","4":"has-post-thumbnail","6":"product_cat-calzado-al-aire-libre","7":"product_cat-linea-sport","9":"first","10":"instock","11":"shipping-taxable","12":"purchasable","13":"product-type-variable"},"acf":[],"_links":{"self":[{"href":"https:\/\/chesterboots.pt\/es\/wp-json\/wp\/v2\/product\/3049","targetHints":{"allow":["GET"]}}],"collection":[{"href":"https:\/\/chesterboots.pt\/es\/wp-json\/wp\/v2\/product"}],"about":[{"href":"https:\/\/chesterboots.pt\/es\/wp-json\/wp\/v2\/types\/product"}],"wp:featuredmedia":[{"embeddable":true,"href":"https:\/\/chesterboots.pt\/es\/wp-json\/wp\/v2\/media\/4448"}],"wp:attachment":[{"href":"https:\/\/chesterboots.pt\/es\/wp-json\/wp\/v2\/media?parent=3049"}],"wp:term":[{"taxonomy":"product_brand","embeddable":true,"href":"https:\/\/chesterboots.pt\/es\/wp-json\/wp\/v2\/product_brand?post=3049"},{"taxonomy":"product_cat","embeddable":true,"href":"https:\/\/chesterboots.pt\/es\/wp-json\/wp\/v2\/product_cat?post=3049"},{"taxonomy":"product_tag","embeddable":true,"href":"https:\/\/chesterboots.pt\/es\/wp-json\/wp\/v2\/product_tag?post=3049"}],"curies":[{"name":"wp","href":"https:\/\/api.w.org\/{rel}","templated":true}]}}