{"id":3057,"date":"2024-08-29T16:56:00","date_gmt":"2024-08-29T16:56:00","guid":{"rendered":"https:\/\/miligram50.miligram.pt\/produto\/polaina-de-equitacao-classic-soft-preto\/"},"modified":"2025-11-07T10:16:57","modified_gmt":"2025-11-07T10:16:57","slug":"polainas-de-equitacion-classic-soft-nero","status":"publish","type":"product","link":"https:\/\/chesterboots.pt\/es\/producto\/polainas-de-equitacion-classic-soft-nero\/","title":{"rendered":"Polainas de Equitaci\u00f3n Classic Soft Nero"},"content":{"rendered":"<p>Las polainas Classic Soft son polainas de equitaci\u00f3n en cuero negro suave, que pueden combinarse con los botines Dandy Soft II o Devon Soft II. El panel el\u00e1stico asegura un ajuste ideal a sus piernas.<\/p>\n","protected":false},"excerpt":{"rendered":"<p>Las polainas Classic Soft son polainas de equitaci\u00f3n en cuero negro suave, que pueden combinarse con los botines Dandy Soft II o Devon Soft II. El panel el\u00e1stico asegura un ajuste ideal a sus piernas.<\/p>\n","protected":false},"featured_media":1761,"template":"","meta":{"_acf_changed":false},"product_brand":[],"product_cat":[242,245],"product_tag":[],"class_list":{"0":"post-3057","1":"product","2":"type-product","3":"status-publish","4":"has-post-thumbnail","6":"product_cat-linea-soft","7":"product_cat-polainas","9":"first","10":"instock","11":"shipping-taxable","12":"purchasable","13":"product-type-variable"},"acf":[],"_links":{"self":[{"href":"https:\/\/chesterboots.pt\/es\/wp-json\/wp\/v2\/product\/3057","targetHints":{"allow":["GET"]}}],"collection":[{"href":"https:\/\/chesterboots.pt\/es\/wp-json\/wp\/v2\/product"}],"about":[{"href":"https:\/\/chesterboots.pt\/es\/wp-json\/wp\/v2\/types\/product"}],"wp:featuredmedia":[{"embeddable":true,"href":"https:\/\/chesterboots.pt\/es\/wp-json\/wp\/v2\/media\/1761"}],"wp:attachment":[{"href":"https:\/\/chesterboots.pt\/es\/wp-json\/wp\/v2\/media?parent=3057"}],"wp:term":[{"taxonomy":"product_brand","embeddable":true,"href":"https:\/\/chesterboots.pt\/es\/wp-json\/wp\/v2\/product_brand?post=3057"},{"taxonomy":"product_cat","embeddable":true,"href":"https:\/\/chesterboots.pt\/es\/wp-json\/wp\/v2\/product_cat?post=3057"},{"taxonomy":"product_tag","embeddable":true,"href":"https:\/\/chesterboots.pt\/es\/wp-json\/wp\/v2\/product_tag?post=3057"}],"curies":[{"name":"wp","href":"https:\/\/api.w.org\/{rel}","templated":true}]}}