{"id":3065,"date":"2024-08-29T16:51:12","date_gmt":"2024-08-29T16:51:12","guid":{"rendered":"https:\/\/miligram50.miligram.pt\/produto\/polaina-de-equitacao-olympia-half-chap-preto\/"},"modified":"2025-11-07T10:17:15","modified_gmt":"2025-11-07T10:17:15","slug":"polainas-de-equitacion-olympia-half-chap-nero","status":"publish","type":"product","link":"https:\/\/chesterboots.pt\/es\/producto\/polainas-de-equitacion-olympia-half-chap-nero\/","title":{"rendered":"Polainas de Equitaci\u00f3n Olympia Half Chap Nero"},"content":{"rendered":"<p>Las Olympia Half Chaps son polainas de equitaci\u00f3n con un panel lateral de TPU y una grabaci\u00f3n exclusiva CHESTER. Con un forro antibacteriano y transpirable, este modelo debe combinarse con los botines de cuero Olympia.<\/p>\n","protected":false},"excerpt":{"rendered":"<p>Las Olympia Half Chaps son polainas de equitaci\u00f3n con un panel lateral de TPU y una grabaci\u00f3n exclusiva CHESTER. Con un forro antibacteriano y transpirable, este modelo debe combinarse con los botines de cuero Olympia.<\/p>\n","protected":false},"featured_media":1754,"template":"","meta":{"_acf_changed":false},"product_brand":[],"product_cat":[243,245],"product_tag":[],"class_list":{"0":"post-3065","1":"product","2":"type-product","3":"status-publish","4":"has-post-thumbnail","6":"product_cat-linea-sport","7":"product_cat-polainas","9":"first","10":"instock","11":"shipping-taxable","12":"purchasable","13":"product-type-variable"},"acf":[],"_links":{"self":[{"href":"https:\/\/chesterboots.pt\/es\/wp-json\/wp\/v2\/product\/3065","targetHints":{"allow":["GET"]}}],"collection":[{"href":"https:\/\/chesterboots.pt\/es\/wp-json\/wp\/v2\/product"}],"about":[{"href":"https:\/\/chesterboots.pt\/es\/wp-json\/wp\/v2\/types\/product"}],"wp:featuredmedia":[{"embeddable":true,"href":"https:\/\/chesterboots.pt\/es\/wp-json\/wp\/v2\/media\/1754"}],"wp:attachment":[{"href":"https:\/\/chesterboots.pt\/es\/wp-json\/wp\/v2\/media?parent=3065"}],"wp:term":[{"taxonomy":"product_brand","embeddable":true,"href":"https:\/\/chesterboots.pt\/es\/wp-json\/wp\/v2\/product_brand?post=3065"},{"taxonomy":"product_cat","embeddable":true,"href":"https:\/\/chesterboots.pt\/es\/wp-json\/wp\/v2\/product_cat?post=3065"},{"taxonomy":"product_tag","embeddable":true,"href":"https:\/\/chesterboots.pt\/es\/wp-json\/wp\/v2\/product_tag?post=3065"}],"curies":[{"name":"wp","href":"https:\/\/api.w.org\/{rel}","templated":true}]}}