{"id":3089,"date":"2024-08-29T13:29:16","date_gmt":"2024-08-29T13:29:16","guid":{"rendered":"https:\/\/miligram50.miligram.pt\/produto\/botins-em-pele-vienna-conhaque-pull-up\/"},"modified":"2025-10-24T14:50:40","modified_gmt":"2025-10-24T14:50:40","slug":"botines-de-piel-vienna-conac-pull-up","status":"publish","type":"product","link":"https:\/\/chesterboots.pt\/es\/producto\/botines-de-piel-vienna-conac-pull-up\/","title":{"rendered":"Botines de piel Vienna Co\u00f1ac Pull Up"},"content":{"rendered":"<p>Los botines Vienna est\u00e1n fabricados con cuero pull-up con diferentes tonalidades, una caracter\u00edstica natural de este tipo de cuero. Se destacan por su dise\u00f1o cl\u00e1sico y sofisticado, con la puntera perforada y el detalle floral. El cierre lateral y los cordones son una excelente combinaci\u00f3n para facilitar el momento de pon\u00e9rselos y quit\u00e1rselos.<br \/>\nLa plantilla anat\u00f3mica extra\u00edble asegura mayor confort para que te sientas bien y preparado para cualquier desaf\u00edo.<\/p>\n","protected":false},"excerpt":{"rendered":"<p>Los botines Vienna est\u00e1n fabricados con cuero pull-up con diferentes tonalidades, una caracter\u00edstica natural de este tipo de cuero. Se destacan por su dise\u00f1o cl\u00e1sico y sofisticado, con la puntera perforada y el detalle floral. El cierre lateral y los cordones son una excelente combinaci\u00f3n para facilitar el momento de pon\u00e9rselos y quit\u00e1rselos. La plantilla [&hellip;]<\/p>\n","protected":false},"featured_media":4473,"template":"","meta":{"_acf_changed":false},"product_brand":[],"product_cat":[239,241],"product_tag":[],"class_list":{"0":"post-3089","1":"product","2":"type-product","3":"status-publish","4":"has-post-thumbnail","6":"product_cat-botines","7":"product_cat-linea-high-end","9":"first","10":"instock","11":"shipping-taxable","12":"purchasable","13":"product-type-variable"},"acf":[],"_links":{"self":[{"href":"https:\/\/chesterboots.pt\/es\/wp-json\/wp\/v2\/product\/3089","targetHints":{"allow":["GET"]}}],"collection":[{"href":"https:\/\/chesterboots.pt\/es\/wp-json\/wp\/v2\/product"}],"about":[{"href":"https:\/\/chesterboots.pt\/es\/wp-json\/wp\/v2\/types\/product"}],"wp:featuredmedia":[{"embeddable":true,"href":"https:\/\/chesterboots.pt\/es\/wp-json\/wp\/v2\/media\/4473"}],"wp:attachment":[{"href":"https:\/\/chesterboots.pt\/es\/wp-json\/wp\/v2\/media?parent=3089"}],"wp:term":[{"taxonomy":"product_brand","embeddable":true,"href":"https:\/\/chesterboots.pt\/es\/wp-json\/wp\/v2\/product_brand?post=3089"},{"taxonomy":"product_cat","embeddable":true,"href":"https:\/\/chesterboots.pt\/es\/wp-json\/wp\/v2\/product_cat?post=3089"},{"taxonomy":"product_tag","embeddable":true,"href":"https:\/\/chesterboots.pt\/es\/wp-json\/wp\/v2\/product_tag?post=3089"}],"curies":[{"name":"wp","href":"https:\/\/api.w.org\/{rel}","templated":true}]}}