{"id":3161,"date":"2024-08-29T11:18:34","date_gmt":"2024-08-29T11:18:34","guid":{"rendered":"https:\/\/miligram50.miligram.pt\/produto\/botins-em-pele-olympia-soft-preto\/"},"modified":"2025-10-24T14:56:29","modified_gmt":"2025-10-24T14:56:29","slug":"botines-de-piel-olympia-soft-nero","status":"publish","type":"product","link":"https:\/\/chesterboots.pt\/es\/producto\/botines-de-piel-olympia-soft-nero\/","title":{"rendered":"Botines de piel Olympia Soft Nero"},"content":{"rendered":"<p>Botines negros de cuero suave que ofrecen la comodidad de una zapatilla sin comprometer el rendimiento. El forro es antibacteriano y transpirable, y la plantilla es anat\u00f3mica y extra\u00edble. El\u00e1stico en ambos lados facilita pon\u00e9rselos. Los soportes laterales para espuelas aumentan el control y la precisi\u00f3n de las espuelas.<\/p>\n","protected":false},"excerpt":{"rendered":"<p>Botines negros de cuero suave que ofrecen la comodidad de una zapatilla sin comprometer el rendimiento. El forro es antibacteriano y transpirable, y la plantilla es anat\u00f3mica y extra\u00edble. El\u00e1stico en ambos lados facilita pon\u00e9rselos. Los soportes laterales para espuelas aumentan el control y la precisi\u00f3n de las espuelas.<\/p>\n","protected":false},"featured_media":8802,"template":"","meta":{"_acf_changed":false},"product_brand":[],"product_cat":[239,243],"product_tag":[],"class_list":{"0":"post-3161","1":"product","2":"type-product","3":"status-publish","4":"has-post-thumbnail","6":"product_cat-botines","7":"product_cat-linea-sport","9":"first","10":"instock","11":"shipping-taxable","12":"purchasable","13":"product-type-variable"},"acf":[],"_links":{"self":[{"href":"https:\/\/chesterboots.pt\/es\/wp-json\/wp\/v2\/product\/3161","targetHints":{"allow":["GET"]}}],"collection":[{"href":"https:\/\/chesterboots.pt\/es\/wp-json\/wp\/v2\/product"}],"about":[{"href":"https:\/\/chesterboots.pt\/es\/wp-json\/wp\/v2\/types\/product"}],"wp:featuredmedia":[{"embeddable":true,"href":"https:\/\/chesterboots.pt\/es\/wp-json\/wp\/v2\/media\/8802"}],"wp:attachment":[{"href":"https:\/\/chesterboots.pt\/es\/wp-json\/wp\/v2\/media?parent=3161"}],"wp:term":[{"taxonomy":"product_brand","embeddable":true,"href":"https:\/\/chesterboots.pt\/es\/wp-json\/wp\/v2\/product_brand?post=3161"},{"taxonomy":"product_cat","embeddable":true,"href":"https:\/\/chesterboots.pt\/es\/wp-json\/wp\/v2\/product_cat?post=3161"},{"taxonomy":"product_tag","embeddable":true,"href":"https:\/\/chesterboots.pt\/es\/wp-json\/wp\/v2\/product_tag?post=3161"}],"curies":[{"name":"wp","href":"https:\/\/api.w.org\/{rel}","templated":true}]}}