{"id":3169,"date":"2024-08-29T11:10:30","date_gmt":"2024-08-29T11:10:30","guid":{"rendered":"https:\/\/miligram50.miligram.pt\/produto\/botas-de-equitacao-dublin-preto\/"},"modified":"2025-11-12T15:39:16","modified_gmt":"2025-11-12T15:39:16","slug":"botas-de-equitacion-dublin-nero","status":"publish","type":"product","link":"https:\/\/chesterboots.pt\/es\/producto\/botas-de-equitacion-dublin-nero\/","title":{"rendered":"Botas de Equitaci\u00f3n Dublin Nero"},"content":{"rendered":"<p>Las primeras competiciones ecuestres del mundo se remontan a 1864 en Dubl\u00edn.<br \/>\nLas botas negras Dublin est\u00e1n hechas de cuero de alta calidad y son ideales para los aficionados al salto de obst\u00e1culos.<br \/>\nEl discreto detalle en charol negro en la parte superior las hace distintivas y elegantes. El cuero grip en el lado interior del ca\u00f1o aumenta el contacto con el caballo, mientras que el forro vegano, antibacteriano y transpirable mejora la sensaci\u00f3n de frescura.<br \/>\nLa suela es de goma resistente. Los cordones aseguran un ajuste perfecto en el pie del jinete. En el tal\u00f3n, tienen una protecci\u00f3n de cierre para asegurar su conservaci\u00f3n y durabilidad, y nuestro nuevo espuela ofrece mayor seguridad durante la pr\u00e1ctica del salto.<\/p>\n","protected":false},"excerpt":{"rendered":"<p>Las primeras competiciones ecuestres del mundo se remontan a 1864 en Dubl\u00edn. Las botas negras Dublin est\u00e1n hechas de cuero de alta calidad y son ideales para los aficionados al salto de obst\u00e1culos. El discreto detalle en charol negro en la parte superior las hace distintivas y elegantes. El cuero grip en el lado interior [&hellip;]<\/p>\n","protected":false},"featured_media":8284,"template":"","meta":{"_acf_changed":false},"product_brand":[],"product_cat":[238,243],"product_tag":[726],"class_list":{"0":"post-3169","1":"product","2":"type-product","3":"status-publish","4":"has-post-thumbnail","6":"product_cat-botas-de-equitacion","7":"product_cat-linea-sport","8":"product_tag-botas-de-salto","10":"first","11":"instock","12":"shipping-taxable","13":"purchasable","14":"product-type-variable"},"acf":[],"_links":{"self":[{"href":"https:\/\/chesterboots.pt\/es\/wp-json\/wp\/v2\/product\/3169","targetHints":{"allow":["GET"]}}],"collection":[{"href":"https:\/\/chesterboots.pt\/es\/wp-json\/wp\/v2\/product"}],"about":[{"href":"https:\/\/chesterboots.pt\/es\/wp-json\/wp\/v2\/types\/product"}],"wp:featuredmedia":[{"embeddable":true,"href":"https:\/\/chesterboots.pt\/es\/wp-json\/wp\/v2\/media\/8284"}],"wp:attachment":[{"href":"https:\/\/chesterboots.pt\/es\/wp-json\/wp\/v2\/media?parent=3169"}],"wp:term":[{"taxonomy":"product_brand","embeddable":true,"href":"https:\/\/chesterboots.pt\/es\/wp-json\/wp\/v2\/product_brand?post=3169"},{"taxonomy":"product_cat","embeddable":true,"href":"https:\/\/chesterboots.pt\/es\/wp-json\/wp\/v2\/product_cat?post=3169"},{"taxonomy":"product_tag","embeddable":true,"href":"https:\/\/chesterboots.pt\/es\/wp-json\/wp\/v2\/product_tag?post=3169"}],"curies":[{"name":"wp","href":"https:\/\/api.w.org\/{rel}","templated":true}]}}