{"id":3185,"date":"2024-08-29T11:07:35","date_gmt":"2024-08-29T11:07:35","guid":{"rendered":"https:\/\/miligram50.miligram.pt\/produto\/botas-de-equitacao-ocala-soft-preto\/"},"modified":"2025-10-24T14:59:19","modified_gmt":"2025-10-24T14:59:19","slug":"botas-de-equitacion-ocala-soft-nero","status":"publish","type":"product","link":"https:\/\/chesterboots.pt\/es\/producto\/botas-de-equitacion-ocala-soft-nero\/","title":{"rendered":"Botas de Equitaci\u00f3n Ocala Soft Nero"},"content":{"rendered":"<p>En homenaje a la conocida \u00abcapital mundial del caballo\u00bb, estas botas negras son ideales para todas las disciplinas ecuestres, desde salto de obst\u00e1culos hasta doma. Fabricadas con cuero suave de alta calidad, tambi\u00e9n cuentan con cuero antideslizante en el lado interior del ca\u00f1o, lo que aumenta la sensaci\u00f3n de contacto con el caballo. La protecci\u00f3n del cierre en el tal\u00f3n aumenta la durabilidad del cierre, y el soporte doble para espuelas potencia el control de las espuelas y mejora la comunicaci\u00f3n con el caballo.<\/p>\n","protected":false},"excerpt":{"rendered":"<p>En homenaje a la conocida \u00abcapital mundial del caballo\u00bb, estas botas negras son ideales para todas las disciplinas ecuestres, desde salto de obst\u00e1culos hasta doma. Fabricadas con cuero suave de alta calidad, tambi\u00e9n cuentan con cuero antideslizante en el lado interior del ca\u00f1o, lo que aumenta la sensaci\u00f3n de contacto con el caballo. La protecci\u00f3n [&hellip;]<\/p>\n","protected":false},"featured_media":8806,"template":"","meta":{"_acf_changed":false},"product_brand":[],"product_cat":[238,242],"product_tag":[726],"class_list":{"0":"post-3185","1":"product","2":"type-product","3":"status-publish","4":"has-post-thumbnail","6":"product_cat-botas-de-equitacion","7":"product_cat-linea-soft","8":"product_tag-botas-de-salto","10":"first","11":"instock","12":"shipping-taxable","13":"purchasable","14":"product-type-variable"},"acf":[],"_links":{"self":[{"href":"https:\/\/chesterboots.pt\/es\/wp-json\/wp\/v2\/product\/3185","targetHints":{"allow":["GET"]}}],"collection":[{"href":"https:\/\/chesterboots.pt\/es\/wp-json\/wp\/v2\/product"}],"about":[{"href":"https:\/\/chesterboots.pt\/es\/wp-json\/wp\/v2\/types\/product"}],"wp:featuredmedia":[{"embeddable":true,"href":"https:\/\/chesterboots.pt\/es\/wp-json\/wp\/v2\/media\/8806"}],"wp:attachment":[{"href":"https:\/\/chesterboots.pt\/es\/wp-json\/wp\/v2\/media?parent=3185"}],"wp:term":[{"taxonomy":"product_brand","embeddable":true,"href":"https:\/\/chesterboots.pt\/es\/wp-json\/wp\/v2\/product_brand?post=3185"},{"taxonomy":"product_cat","embeddable":true,"href":"https:\/\/chesterboots.pt\/es\/wp-json\/wp\/v2\/product_cat?post=3185"},{"taxonomy":"product_tag","embeddable":true,"href":"https:\/\/chesterboots.pt\/es\/wp-json\/wp\/v2\/product_tag?post=3185"}],"curies":[{"name":"wp","href":"https:\/\/api.w.org\/{rel}","templated":true}]}}