{"id":3193,"date":"2024-08-29T11:04:47","date_gmt":"2024-08-29T11:04:47","guid":{"rendered":"https:\/\/miligram50.miligram.pt\/produto\/botas-de-equitacao-jumping-soft-ii-castanho\/"},"modified":"2025-12-12T09:44:32","modified_gmt":"2025-12-12T09:44:32","slug":"botas-de-equitacion-jumping-soft-marron-ii","status":"publish","type":"product","link":"https:\/\/chesterboots.pt\/es\/producto\/botas-de-equitacion-jumping-soft-marron-ii\/","title":{"rendered":"Botas de Equitaci\u00f3n Jumping Soft II Marron"},"content":{"rendered":"<p>Fabricadas en cuero de alta calidad, estas botas marrones, dise\u00f1adas para Jumping, permiten un contacto seguro con el caballo, gracias al detalle de cuero antideslizante en el lado interior del ca\u00f1o.<br \/>\nEl forro vegano es antibacteriano y transpirable, proporcionando comodidad durante todo el d\u00eda.<\/p>\n<p>La suela de goma ofrece tracci\u00f3n y estabilidad; los cordones aseguran un ajuste perfecto y la protecci\u00f3n del cierre en el tal\u00f3n aumenta la durabilidad del cierre. Con el soporte doble para espuelas, se obtiene un mayor control de las espuelas y una mayor precisi\u00f3n en los movimientos durante la pr\u00e1ctica de la equitaci\u00f3n.<\/p>\n","protected":false},"excerpt":{"rendered":"<p>Fabricadas en cuero de alta calidad, estas botas marrones, dise\u00f1adas para Jumping, permiten un contacto seguro con el caballo, gracias al detalle de cuero antideslizante en el lado interior del ca\u00f1o. El forro vegano es antibacteriano y transpirable, proporcionando comodidad durante todo el d\u00eda. La suela de goma ofrece tracci\u00f3n y estabilidad; los cordones aseguran [&hellip;]<\/p>\n","protected":false},"featured_media":1498,"template":"","meta":{"_acf_changed":false},"product_brand":[],"product_cat":[238,242],"product_tag":[726],"class_list":{"0":"post-3193","1":"product","2":"type-product","3":"status-publish","4":"has-post-thumbnail","6":"product_cat-botas-de-equitacion","7":"product_cat-linea-soft","8":"product_tag-botas-de-salto","10":"first","11":"instock","12":"shipping-taxable","13":"purchasable","14":"product-type-variable"},"acf":[],"_links":{"self":[{"href":"https:\/\/chesterboots.pt\/es\/wp-json\/wp\/v2\/product\/3193","targetHints":{"allow":["GET"]}}],"collection":[{"href":"https:\/\/chesterboots.pt\/es\/wp-json\/wp\/v2\/product"}],"about":[{"href":"https:\/\/chesterboots.pt\/es\/wp-json\/wp\/v2\/types\/product"}],"wp:featuredmedia":[{"embeddable":true,"href":"https:\/\/chesterboots.pt\/es\/wp-json\/wp\/v2\/media\/1498"}],"wp:attachment":[{"href":"https:\/\/chesterboots.pt\/es\/wp-json\/wp\/v2\/media?parent=3193"}],"wp:term":[{"taxonomy":"product_brand","embeddable":true,"href":"https:\/\/chesterboots.pt\/es\/wp-json\/wp\/v2\/product_brand?post=3193"},{"taxonomy":"product_cat","embeddable":true,"href":"https:\/\/chesterboots.pt\/es\/wp-json\/wp\/v2\/product_cat?post=3193"},{"taxonomy":"product_tag","embeddable":true,"href":"https:\/\/chesterboots.pt\/es\/wp-json\/wp\/v2\/product_tag?post=3193"}],"curies":[{"name":"wp","href":"https:\/\/api.w.org\/{rel}","templated":true}]}}