{"id":3207,"date":"2024-08-28T13:41:36","date_gmt":"2024-08-28T13:41:36","guid":{"rendered":"https:\/\/miligram50.miligram.pt\/produto\/botas-de-equitacao-tokyo-preto\/"},"modified":"2025-11-12T15:32:33","modified_gmt":"2025-11-12T15:32:33","slug":"botas-de-equitacion-tokyo-preto","status":"publish","type":"product","link":"https:\/\/chesterboots.pt\/es\/producto\/botas-de-equitacion-tokyo-preto\/","title":{"rendered":"Botas de Equitaci\u00f3n Tokyo Nero"},"content":{"rendered":"<p>Estas botas de equitaci\u00f3n, dise\u00f1adas para la pr\u00e1ctica de salto de obst\u00e1culos, combinany seguirdad, e est\u00e1n inspiradas en la comodidad de una bailarina. Fabricadas en cuero suave de alta calidad y reforzadas con un panel lateral de TPU con grabado CHESTER, garantizan el contacto ideal con el caballo. El forro vegano es antibacteriano y transpirable. La plantilla anat\u00f3mica es extra\u00edble y se adapta al pie del jinete, mientras que la suela antideslizante de TPU con doble inyecci\u00f3n ofrece mayor estabilidad y control sobre cualquier superficie. <\/p>\n","protected":false},"excerpt":{"rendered":"<p>Estas botas de equitaci\u00f3n, dise\u00f1adas para la pr\u00e1ctica de salto de obst\u00e1culos, combinany seguirdad, e est\u00e1n inspiradas en la comodidad de una bailarina. Fabricadas en cuero suave de alta calidad y reforzadas con un panel lateral de TPU con grabado CHESTER, garantizan el contacto ideal con el caballo. El forro vegano es antibacteriano y transpirable. [&hellip;]<\/p>\n","protected":false},"featured_media":8794,"template":"","meta":{"_acf_changed":false},"product_brand":[],"product_cat":[243,238],"product_tag":[726],"class_list":{"0":"post-3207","1":"product","2":"type-product","3":"status-publish","4":"has-post-thumbnail","6":"product_cat-linea-sport","7":"product_cat-botas-de-equitacion","8":"product_tag-botas-de-salto","10":"first","11":"instock","12":"shipping-taxable","13":"purchasable","14":"product-type-variable"},"acf":[],"_links":{"self":[{"href":"https:\/\/chesterboots.pt\/es\/wp-json\/wp\/v2\/product\/3207","targetHints":{"allow":["GET"]}}],"collection":[{"href":"https:\/\/chesterboots.pt\/es\/wp-json\/wp\/v2\/product"}],"about":[{"href":"https:\/\/chesterboots.pt\/es\/wp-json\/wp\/v2\/types\/product"}],"wp:featuredmedia":[{"embeddable":true,"href":"https:\/\/chesterboots.pt\/es\/wp-json\/wp\/v2\/media\/8794"}],"wp:attachment":[{"href":"https:\/\/chesterboots.pt\/es\/wp-json\/wp\/v2\/media?parent=3207"}],"wp:term":[{"taxonomy":"product_brand","embeddable":true,"href":"https:\/\/chesterboots.pt\/es\/wp-json\/wp\/v2\/product_brand?post=3207"},{"taxonomy":"product_cat","embeddable":true,"href":"https:\/\/chesterboots.pt\/es\/wp-json\/wp\/v2\/product_cat?post=3207"},{"taxonomy":"product_tag","embeddable":true,"href":"https:\/\/chesterboots.pt\/es\/wp-json\/wp\/v2\/product_tag?post=3207"}],"curies":[{"name":"wp","href":"https:\/\/api.w.org\/{rel}","templated":true}]}}