{"id":3269,"date":"2025-05-05T10:05:05","date_gmt":"2025-05-05T10:05:05","guid":{"rendered":"https:\/\/miligram50.miligram.pt\/?post_type=product&#038;p=3269"},"modified":"2025-11-07T10:21:06","modified_gmt":"2025-11-07T10:21:06","slug":"botas-de-equitacion-wels-nero","status":"publish","type":"product","link":"https:\/\/chesterboots.pt\/es\/producto\/botas-de-equitacion-wels-nero\/","title":{"rendered":"Botas de Equitaci\u00f3n Wels Nero"},"content":{"rendered":"<p>Fabricadas en cuero bovino de alta calidad, las botas de equitaci\u00f3n Wels est\u00e1n dise\u00f1adas para jinetes de doma cl\u00e1sica que buscan un estilo cl\u00e1sico y, al mismo tempo, elegante. El panel con cuero grip r\u00edgido en el lado interior es la caracter\u00edstica clave de este producto. Adem\u00e1s, el el\u00e1stico garantiza que las botas se ajusten perfectamente a las piernas del jinete. La suela combina cuero y goma, y es a\u00fan m\u00e1s resistente gracias a la costura Blake.<\/p>\n","protected":false},"excerpt":{"rendered":"<p>Fabricadas en cuero bovino de alta calidad, las botas de equitaci\u00f3n Wels est\u00e1n dise\u00f1adas para jinetes de doma cl\u00e1sica que buscan un estilo cl\u00e1sico y, al mismo tempo, elegante. El panel con cuero grip r\u00edgido en el lado interior es la caracter\u00edstica clave de este producto. Adem\u00e1s, el el\u00e1stico garantiza que las botas se ajusten [&hellip;]<\/p>\n","protected":false},"featured_media":3296,"template":"","meta":{"_acf_changed":false},"product_brand":[],"product_cat":[238],"product_tag":[728],"class_list":{"0":"post-3269","1":"product","2":"type-product","3":"status-publish","4":"has-post-thumbnail","6":"product_cat-botas-de-equitacion","7":"product_tag-botas-de-doma","9":"first","10":"instock","11":"shipping-taxable","12":"purchasable","13":"product-type-variable"},"acf":[],"_links":{"self":[{"href":"https:\/\/chesterboots.pt\/es\/wp-json\/wp\/v2\/product\/3269","targetHints":{"allow":["GET"]}}],"collection":[{"href":"https:\/\/chesterboots.pt\/es\/wp-json\/wp\/v2\/product"}],"about":[{"href":"https:\/\/chesterboots.pt\/es\/wp-json\/wp\/v2\/types\/product"}],"wp:featuredmedia":[{"embeddable":true,"href":"https:\/\/chesterboots.pt\/es\/wp-json\/wp\/v2\/media\/3296"}],"wp:attachment":[{"href":"https:\/\/chesterboots.pt\/es\/wp-json\/wp\/v2\/media?parent=3269"}],"wp:term":[{"taxonomy":"product_brand","embeddable":true,"href":"https:\/\/chesterboots.pt\/es\/wp-json\/wp\/v2\/product_brand?post=3269"},{"taxonomy":"product_cat","embeddable":true,"href":"https:\/\/chesterboots.pt\/es\/wp-json\/wp\/v2\/product_cat?post=3269"},{"taxonomy":"product_tag","embeddable":true,"href":"https:\/\/chesterboots.pt\/es\/wp-json\/wp\/v2\/product_tag?post=3269"}],"curies":[{"name":"wp","href":"https:\/\/api.w.org\/{rel}","templated":true}]}}