{"id":9460,"date":"2026-05-08T10:28:50","date_gmt":"2026-05-08T10:28:50","guid":{"rendered":"https:\/\/chesterboots.pt\/?post_type=product&#038;p=9460"},"modified":"2026-05-08T10:28:55","modified_gmt":"2026-05-08T10:28:55","slug":"voucher-25e","status":"publish","type":"product","link":"https:\/\/chesterboots.pt\/es\/producto\/voucher-25e\/","title":{"rendered":"Voucher 25\u20ac"},"content":{"rendered":"<p><span style=\"font-weight: 300;\">Formato digital enviado por correo electr\u00f3nico inmediatamente despu\u00e9s del pago.<\/span><\/p>\n<p><span style=\"font-weight: 300;\">Posibilidad de a\u00f1adir un mensaje personalizado.<\/span><\/p>\n<p><span style=\"font-weight: 300;\">C\u00f3digo \u00fanico para canjear directamente en la caja.<\/span><\/p>\n<p><span style=\"font-weight: 300;\">V\u00e1lido durante 12 meses a partir de la fecha de compra.<\/span><\/p>\n<p><span style=\"font-weight: 300;\">No acumulable con otras promociones, descuentos o cupones.<\/span><\/p>\n<p>&nbsp;<\/p>\n","protected":false},"excerpt":{"rendered":"<p>Formato digital enviado por correo electr\u00f3nico inmediatamente despu\u00e9s del pago. Posibilidad de a\u00f1adir un mensaje personalizado. C\u00f3digo \u00fanico para canjear directamente en la caja. V\u00e1lido durante 12 meses a partir de la fecha de compra. No acumulable con otras promociones, descuentos o cupones. &nbsp;<\/p>\n","protected":false},"featured_media":9597,"template":"","meta":{"_acf_changed":false},"product_brand":[],"product_cat":[916],"product_tag":[],"class_list":{"0":"post-9460","1":"product","2":"type-product","3":"status-publish","4":"has-post-thumbnail","6":"product_cat-gift-card","8":"first","9":"instock","10":"virtual","11":"purchasable","12":"product-type-simple"},"acf":[],"_links":{"self":[{"href":"https:\/\/chesterboots.pt\/es\/wp-json\/wp\/v2\/product\/9460","targetHints":{"allow":["GET"]}}],"collection":[{"href":"https:\/\/chesterboots.pt\/es\/wp-json\/wp\/v2\/product"}],"about":[{"href":"https:\/\/chesterboots.pt\/es\/wp-json\/wp\/v2\/types\/product"}],"wp:featuredmedia":[{"embeddable":true,"href":"https:\/\/chesterboots.pt\/es\/wp-json\/wp\/v2\/media\/9597"}],"wp:attachment":[{"href":"https:\/\/chesterboots.pt\/es\/wp-json\/wp\/v2\/media?parent=9460"}],"wp:term":[{"taxonomy":"product_brand","embeddable":true,"href":"https:\/\/chesterboots.pt\/es\/wp-json\/wp\/v2\/product_brand?post=9460"},{"taxonomy":"product_cat","embeddable":true,"href":"https:\/\/chesterboots.pt\/es\/wp-json\/wp\/v2\/product_cat?post=9460"},{"taxonomy":"product_tag","embeddable":true,"href":"https:\/\/chesterboots.pt\/es\/wp-json\/wp\/v2\/product_tag?post=9460"}],"curies":[{"name":"wp","href":"https:\/\/api.w.org\/{rel}","templated":true}]}}