{"id":4144,"date":"2024-08-05T10:59:37","date_gmt":"2024-08-05T10:59:37","guid":{"rendered":"https:\/\/miligram50.miligram.pt\/evaluez-nos-services\/"},"modified":"2025-12-11T12:09:59","modified_gmt":"2025-12-11T12:09:59","slug":"evaluez-nos-services","status":"publish","type":"page","link":"https:\/\/chesterboots.pt\/fr\/evaluez-nos-services\/","title":{"rendered":"\u00c9valuez nos services"},"content":{"rendered":"\t\t<div data-elementor-type=\"wp-page\" data-elementor-id=\"4144\" class=\"elementor elementor-4144 elementor-346\" data-elementor-post-type=\"page\">\n\t\t\t\t<div class=\"elementor-element elementor-element-00e2096 e-flex e-con-boxed e-con e-parent\" data-id=\"00e2096\" data-element_type=\"container\" data-e-type=\"container\" data-settings=\"{&quot;jet_parallax_layout_list&quot;:[]}\">\n\t\t\t\t\t<div class=\"e-con-inner\">\n\t\t\t\t<div class=\"elementor-element elementor-element-f38f4b7 elementor-widget elementor-widget-heading\" data-id=\"f38f4b7\" data-element_type=\"widget\" data-e-type=\"widget\" data-widget_type=\"heading.default\">\n\t\t\t\t<div class=\"elementor-widget-container\">\n\t\t\t\t\t<h2 class=\"elementor-heading-title elementor-size-default\">\u00c9valuez nos services<\/h2>\t\t\t\t<\/div>\n\t\t\t\t<\/div>\n\t\t<div class=\"elementor-element elementor-element-0f5b447 e-con-full contactos-links e-flex e-con e-child\" data-id=\"0f5b447\" data-element_type=\"container\" data-e-type=\"container\" data-settings=\"{&quot;jet_parallax_layout_list&quot;:[]}\">\n\t\t<div class=\"elementor-element elementor-element-f5aec70 e-con-full e-flex e-con e-child\" data-id=\"f5aec70\" data-element_type=\"container\" data-e-type=\"container\" data-settings=\"{&quot;jet_parallax_layout_list&quot;:[]}\">\n\t\t\t\t<div class=\"elementor-element elementor-element-93e144d elementor-widget elementor-widget-text-editor\" data-id=\"93e144d\" data-element_type=\"widget\" data-e-type=\"widget\" data-widget_type=\"text-editor.default\">\n\t\t\t\t<div class=\"elementor-widget-container\">\n\t\t\t\t\t\t\t\t\t<p>Nous souhaitons que vous nous aidiez \u00e0 am\u00e9liorer la qualit\u00e9 de notre service. Merci de votre participation.<\/p>\n\t\t\t\t\t\t\t\t<\/div>\n\t\t\t\t<\/div>\n\t\t\t\t<div class=\"elementor-element elementor-element-9daa73f forms elementor-widget elementor-widget-form\" data-id=\"9daa73f\" data-element_type=\"widget\" data-e-type=\"widget\" data-settings=\"{&quot;step_next_label&quot;:&quot;Suivant&quot;,&quot;step_previous_label&quot;:&quot;Pr\\u00e9c\\u00e9dent&quot;,&quot;step_type&quot;:&quot;number_text&quot;,&quot;step_icon_shape&quot;:&quot;circle&quot;}\" data-widget_type=\"form.default\">\n\t\t\t\t<div class=\"elementor-widget-container\">\n\t\t\t\t\t\t\t<form class=\"elementor-form\" method=\"post\" name=\"Formulaire d&#039;\u00e9valuation\" aria-label=\"Formulaire d&#039;\u00e9valuation\">\n\t\t\t<input type=\"hidden\" name=\"post_id\" value=\"4144\"\/>\n\t\t\t<input type=\"hidden\" name=\"form_id\" value=\"9daa73f\"\/>\n\t\t\t<input type=\"hidden\" name=\"referer_title\" value=\"\" \/>\n\n\t\t\t\n\t\t\t<div class=\"elementor-form-fields-wrapper elementor-labels-above\">\n\t\t\t\t\t\t\t\t<div class=\"elementor-field-type-step elementor-field-group elementor-column elementor-field-group-name elementor-col-100\">\n\t\t\t\t\t\t\t<div class=\"e-field-step elementor-hidden\" data-label=\"Exp\u00e9rience en ligne\" data-previousButton=\"\" data-nextButton=\"\" data-iconUrl=\"\" data-iconLibrary=\"fas fa-star\" data-icon=\"\" ><\/div>\n\n\t\t\t\t\t\t<\/div>\n\t\t\t\t\t\t\t\t<div class=\"elementor-field-type-radio elementor-field-group elementor-column elementor-field-group-navegacao_online elementor-col-100 elementor-field-required elementor-mark-required\">\n\t\t\t\t\t\t\t\t\t\t\t\t<label for=\"form-field-navegacao_online\" class=\"elementor-field-label\">\n\t\t\t\t\t\t\t\tVotre exp\u00e9rience de navigation dans notre boutique en ligne.\t\t\t\t\t\t\t<\/label>\n\t\t\t\t\t\t<div class=\"elementor-field-subgroup  elementor-subgroup-inline\"><span class=\"elementor-field-option\"><input type=\"radio\" value=\"1\" id=\"form-field-navegacao_online-0\" name=\"form_fields[navegacao_online]\" required=\"required\"> <label for=\"form-field-navegacao_online-0\">1<\/label><\/span><span class=\"elementor-field-option\"><input type=\"radio\" value=\"2\" id=\"form-field-navegacao_online-1\" name=\"form_fields[navegacao_online]\" required=\"required\"> <label for=\"form-field-navegacao_online-1\">2<\/label><\/span><span class=\"elementor-field-option\"><input type=\"radio\" value=\"3\" id=\"form-field-navegacao_online-2\" name=\"form_fields[navegacao_online]\" required=\"required\"> <label for=\"form-field-navegacao_online-2\">3<\/label><\/span><span class=\"elementor-field-option\"><input type=\"radio\" value=\"4\" id=\"form-field-navegacao_online-3\" name=\"form_fields[navegacao_online]\" required=\"required\"> <label for=\"form-field-navegacao_online-3\">4<\/label><\/span><span class=\"elementor-field-option\"><input type=\"radio\" value=\"5\" id=\"form-field-navegacao_online-4\" name=\"form_fields[navegacao_online]\" required=\"required\"> <label for=\"form-field-navegacao_online-4\">5<\/label><\/span><\/div>\t\t\t\t<\/div>\n\t\t\t\t\t\t\t\t<div class=\"elementor-field-type-radio elementor-field-group elementor-column elementor-field-group-compra_online elementor-col-100 elementor-field-required elementor-mark-required\">\n\t\t\t\t\t\t\t\t\t\t\t\t<label for=\"form-field-compra_online\" class=\"elementor-field-label\">\n\t\t\t\t\t\t\t\tVotre exp\u00e9rience d'achat en ligne.\t\t\t\t\t\t\t<\/label>\n\t\t\t\t\t\t<div class=\"elementor-field-subgroup  elementor-subgroup-inline\"><span class=\"elementor-field-option\"><input type=\"radio\" value=\"1\" id=\"form-field-compra_online-0\" name=\"form_fields[compra_online]\" required=\"required\"> <label for=\"form-field-compra_online-0\">1<\/label><\/span><span class=\"elementor-field-option\"><input type=\"radio\" value=\"2\" id=\"form-field-compra_online-1\" name=\"form_fields[compra_online]\" required=\"required\"> <label for=\"form-field-compra_online-1\">2<\/label><\/span><span class=\"elementor-field-option\"><input type=\"radio\" value=\"3\" id=\"form-field-compra_online-2\" name=\"form_fields[compra_online]\" required=\"required\"> <label for=\"form-field-compra_online-2\">3<\/label><\/span><span class=\"elementor-field-option\"><input type=\"radio\" value=\"4\" id=\"form-field-compra_online-3\" name=\"form_fields[compra_online]\" required=\"required\"> <label for=\"form-field-compra_online-3\">4<\/label><\/span><span class=\"elementor-field-option\"><input type=\"radio\" value=\"5\" id=\"form-field-compra_online-4\" name=\"form_fields[compra_online]\" required=\"required\"> <label for=\"form-field-compra_online-4\">5<\/label><\/span><\/div>\t\t\t\t<\/div>\n\t\t\t\t\t\t\t\t<div class=\"elementor-field-type-step elementor-field-group elementor-column elementor-field-group-field_3a41d27 elementor-col-100\">\n\t\t\t\t\t\t\t<div class=\"e-field-step elementor-hidden\" data-label=\"Satisfaction\" data-previousButton=\"\" data-nextButton=\"\" data-iconUrl=\"\" data-iconLibrary=\"fas fa-star\" data-icon=\"\" ><\/div>\n\n\t\t\t\t\t\t<\/div>\n\t\t\t\t\t\t\t\t<div class=\"elementor-field-type-radio elementor-field-group elementor-column elementor-field-group-probabilidade_comprar elementor-col-100 elementor-field-required elementor-mark-required\">\n\t\t\t\t\t\t\t\t\t\t\t\t<label for=\"form-field-probabilidade_comprar\" class=\"elementor-field-label\">\n\t\t\t\t\t\t\t\tLa probabilit\u00e9 d'acheter \u00e0 nouveau dans notre boutique en ligne.\t\t\t\t\t\t\t<\/label>\n\t\t\t\t\t\t<div class=\"elementor-field-subgroup  \"><span class=\"elementor-field-option\"><input type=\"radio\" value=\" 1\" id=\"form-field-probabilidade_comprar-0\" name=\"form_fields[probabilidade_comprar]\" required=\"required\"> <label for=\"form-field-probabilidade_comprar-0\">Tr\u00e8s probable <\/label><\/span><span class=\"elementor-field-option\"><input type=\"radio\" value=\" 2\" id=\"form-field-probabilidade_comprar-1\" name=\"form_fields[probabilidade_comprar]\" required=\"required\"> <label for=\"form-field-probabilidade_comprar-1\">Probable <\/label><\/span><span class=\"elementor-field-option\"><input type=\"radio\" value=\" 3\" id=\"form-field-probabilidade_comprar-2\" name=\"form_fields[probabilidade_comprar]\" required=\"required\"> <label for=\"form-field-probabilidade_comprar-2\">Peu probable <\/label><\/span><span class=\"elementor-field-option\"><input type=\"radio\" value=\" 4\" id=\"form-field-probabilidade_comprar-3\" name=\"form_fields[probabilidade_comprar]\" required=\"required\"> <label for=\"form-field-probabilidade_comprar-3\">Pas du tout probable <\/label><\/span><\/div>\t\t\t\t<\/div>\n\t\t\t\t\t\t\t\t<div class=\"elementor-field-type-radio elementor-field-group elementor-column elementor-field-group-recomendar_marca elementor-col-100 elementor-field-required elementor-mark-required\">\n\t\t\t\t\t\t\t\t\t\t\t\t<label for=\"form-field-recomendar_marca\" class=\"elementor-field-label\">\n\t\t\t\t\t\t\t\tLa probabilit\u00e9 de recommander notre marque.\t\t\t\t\t\t\t<\/label>\n\t\t\t\t\t\t<div class=\"elementor-field-subgroup  \"><span class=\"elementor-field-option\"><input type=\"radio\" value=\" 1\" id=\"form-field-recomendar_marca-0\" name=\"form_fields[recomendar_marca]\" required=\"required\"> <label for=\"form-field-recomendar_marca-0\">Tr\u00e8s probable <\/label><\/span><span class=\"elementor-field-option\"><input type=\"radio\" value=\" 2\" id=\"form-field-recomendar_marca-1\" name=\"form_fields[recomendar_marca]\" required=\"required\"> <label for=\"form-field-recomendar_marca-1\">Probable <\/label><\/span><span class=\"elementor-field-option\"><input type=\"radio\" value=\" 3\" id=\"form-field-recomendar_marca-2\" name=\"form_fields[recomendar_marca]\" required=\"required\"> <label for=\"form-field-recomendar_marca-2\">Peu probable <\/label><\/span><span class=\"elementor-field-option\"><input type=\"radio\" value=\" 4\" id=\"form-field-recomendar_marca-3\" name=\"form_fields[recomendar_marca]\" required=\"required\"> <label for=\"form-field-recomendar_marca-3\">Pas du tout probable <\/label><\/span><\/div>\t\t\t\t<\/div>\n\t\t\t\t\t\t\t\t<div class=\"elementor-field-type-step elementor-field-group elementor-column elementor-field-group-field_598938f elementor-col-100\">\n\t\t\t\t\t\t\t<div class=\"e-field-step elementor-hidden\" data-label=\"Livraisons\" data-previousButton=\"\" data-nextButton=\"\" data-iconUrl=\"\" data-iconLibrary=\"fas fa-star\" data-icon=\"\" ><\/div>\n\n\t\t\t\t\t\t<\/div>\n\t\t\t\t\t\t\t\t<div class=\"elementor-field-type-radio elementor-field-group elementor-column elementor-field-group-tempo_entrega elementor-col-100 elementor-field-required elementor-mark-required\">\n\t\t\t\t\t\t\t\t\t\t\t\t<label for=\"form-field-tempo_entrega\" class=\"elementor-field-label\">\n\t\t\t\t\t\t\t\tLe niveau de satisfaction quant au d\u00e9lai de livraison de votre commande.\t\t\t\t\t\t\t<\/label>\n\t\t\t\t\t\t<div class=\"elementor-field-subgroup  \"><span class=\"elementor-field-option\"><input type=\"radio\" value=\" 1\" id=\"form-field-tempo_entrega-0\" name=\"form_fields[tempo_entrega]\" required=\"required\"> <label for=\"form-field-tempo_entrega-0\">Tr\u00e8s satisfait <\/label><\/span><span class=\"elementor-field-option\"><input type=\"radio\" value=\" 2\" id=\"form-field-tempo_entrega-1\" name=\"form_fields[tempo_entrega]\" required=\"required\"> <label for=\"form-field-tempo_entrega-1\">Satisfait <\/label><\/span><span class=\"elementor-field-option\"><input type=\"radio\" value=\" 3\" id=\"form-field-tempo_entrega-2\" name=\"form_fields[tempo_entrega]\" required=\"required\"> <label for=\"form-field-tempo_entrega-2\">Insatisfait <\/label><\/span><span class=\"elementor-field-option\"><input type=\"radio\" value=\" 4\" id=\"form-field-tempo_entrega-3\" name=\"form_fields[tempo_entrega]\" required=\"required\"> <label for=\"form-field-tempo_entrega-3\">Tr\u00e8s insatisfait <\/label><\/span><\/div>\t\t\t\t<\/div>\n\t\t\t\t\t\t\t\t<div class=\"elementor-field-type-radio elementor-field-group elementor-column elementor-field-group-devolucao elementor-col-100\">\n\t\t\t\t\t\t\t\t\t\t\t\t<label for=\"form-field-devolucao\" class=\"elementor-field-label\">\n\t\t\t\t\t\t\t\tSi vous avez retourn\u00e9 votre commande, veuillez nous aider \u00e0 comprendre la raison du retour.\t\t\t\t\t\t\t<\/label>\n\t\t\t\t\t\t<div class=\"elementor-field-subgroup  \"><span class=\"elementor-field-option\"><input type=\"radio\" value=\" 1\" id=\"form-field-devolucao-0\" name=\"form_fields[devolucao]\"> <label for=\"form-field-devolucao-0\">Je n'ai pas aim\u00e9 le produit <\/label><\/span><span class=\"elementor-field-option\"><input type=\"radio\" value=\" 2\" id=\"form-field-devolucao-1\" name=\"form_fields[devolucao]\"> <label for=\"form-field-devolucao-1\">Ce n'\u00e9tait pas ma taille <\/label><\/span><span class=\"elementor-field-option\"><input type=\"radio\" value=\" 3\" id=\"form-field-devolucao-2\" name=\"form_fields[devolucao]\"> <label for=\"form-field-devolucao-2\">Le produit \u00e9tait endommag\u00e9 <\/label><\/span><span class=\"elementor-field-option\"><input type=\"radio\" value=\" 4\" id=\"form-field-devolucao-3\" name=\"form_fields[devolucao]\"> <label for=\"form-field-devolucao-3\">L'emballage \u00e9tait endommag\u00e9 <\/label><\/span><span class=\"elementor-field-option\"><input type=\"radio\" value=\" 5\" id=\"form-field-devolucao-4\" name=\"form_fields[devolucao]\"> <label for=\"form-field-devolucao-4\">Le produit \u00e9tait diff\u00e9rent des images pr\u00e9sent\u00e9es sur le site web <\/label><\/span><\/div>\t\t\t\t<\/div>\n\t\t\t\t\t\t\t\t<div class=\"elementor-field-type-text elementor-field-group elementor-column elementor-field-group-motivos elementor-col-100\">\n\t\t\t\t\t\t\t\t\t\t\t\t<label for=\"form-field-motivos\" class=\"elementor-field-label\">\n\t\t\t\t\t\t\t\tSi ce n\u2019est pas l\u2019une des raisons ci-dessus, veuillez nous indiquer la raison.\t\t\t\t\t\t\t<\/label>\n\t\t\t\t\t\t\t\t\t\t\t\t\t\t<input size=\"1\" type=\"text\" name=\"form_fields[motivos]\" id=\"form-field-motivos\" class=\"elementor-field elementor-size-lg  elementor-field-textual\" placeholder=\"R\u00e9ponse courte\">\n\t\t\t\t\t\t\t\t\t\t\t<\/div>\n\t\t\t\t\t\t\t\t<div class=\"elementor-field-type-step elementor-field-group elementor-column elementor-field-group-field_419e604 elementor-col-100\">\n\t\t\t\t\t\t\t<div class=\"e-field-step elementor-hidden\" data-label=\"Suggestions\" data-previousButton=\"\" data-nextButton=\"\" data-iconUrl=\"\" data-iconLibrary=\"fas fa-star\" data-icon=\"\" ><\/div>\n\n\t\t\t\t\t\t<\/div>\n\t\t\t\t\t\t\t\t<div class=\"elementor-field-type-text elementor-field-group elementor-column elementor-field-group-sugestoes elementor-col-100\">\n\t\t\t\t\t\t\t\t\t\t\t\t<label for=\"form-field-sugestoes\" class=\"elementor-field-label\">\n\t\t\t\t\t\t\t\tLaissez-nous votre suggestion afin que nous puissions nous am\u00e9liorer pour vous.\t\t\t\t\t\t\t<\/label>\n\t\t\t\t\t\t\t\t\t\t\t\t\t\t<input size=\"1\" type=\"text\" name=\"form_fields[sugestoes]\" id=\"form-field-sugestoes\" class=\"elementor-field elementor-size-lg  elementor-field-textual\" placeholder=\"R\u00e9ponse courte\">\n\t\t\t\t\t\t\t\t\t\t\t<\/div>\n\t\t\t\t\t\t\t\t<div class=\"elementor-field-type-email elementor-field-group elementor-column elementor-field-group-optional_email elementor-col-100\">\n\t\t\t\t\t\t\t\t\t\t\t\t<label for=\"form-field-optional_email\" class=\"elementor-field-label\">\n\t\t\t\t\t\t\t\tE-mail\t\t\t\t\t\t\t<\/label>\n\t\t\t\t\t\t\t\t\t\t\t\t\t\t<input size=\"1\" type=\"email\" name=\"form_fields[optional_email]\" id=\"form-field-optional_email\" class=\"elementor-field elementor-size-lg  elementor-field-textual\" placeholder=\"Saisissez votre adresse e-mail.\">\n\t\t\t\t\t\t\t\t\t\t\t<\/div>\n\t\t\t\t\t\t\t\t<div class=\"elementor-field-type-acceptance elementor-field-group elementor-column elementor-field-group-aceitacao elementor-col-100 elementor-field-required elementor-mark-required\">\n\t\t\t\t\t\t\t<div class=\"elementor-field-subgroup\">\n\t\t\t<span class=\"elementor-field-option\">\n\t\t\t\t<input type=\"checkbox\" name=\"form_fields[aceitacao]\" id=\"form-field-aceitacao\" class=\"elementor-field elementor-size-lg  elementor-acceptance-field\" required=\"required\">\n\t\t\t\t<label for=\"form-field-aceitacao\">En utilisant ce formulaire, vous acceptez notre <a href=\"https:\/\/chesterboots.pt\/fr\/politique-de-confidentialite\/\">politique de confidentialit\u00e9<\/a> *<\/label>\t\t\t<\/span>\n\t\t<\/div>\n\t\t\t\t\t\t<\/div>\n\t\t\t\t\t\t\t\t<div class=\"elementor-field-group elementor-column elementor-field-type-submit elementor-col-100 e-form__buttons\">\n\t\t\t\t\t<button class=\"elementor-button elementor-size-lg\" type=\"submit\">\n\t\t\t\t\t\t<span class=\"elementor-button-content-wrapper\">\n\t\t\t\t\t\t\t\t\t\t\t\t\t\t\t\t\t\t\t\t\t\t<span class=\"elementor-button-text\">Pour envoyer<\/span>\n\t\t\t\t\t\t\t\t\t\t\t\t\t<\/span>\n\t\t\t\t\t<\/button>\n\t\t\t\t<\/div>\n\t\t\t<\/div>\n\t\t<\/form>\n\t\t\t\t\t\t<\/div>\n\t\t\t\t<\/div>\n\t\t\t\t<\/div>\n\t\t\t\t<\/div>\n\t\t\t\t\t<\/div>\n\t\t\t\t<\/div>\n\t\t\t\t<\/div>\n\t\t","protected":false},"excerpt":{"rendered":"<p>Nous souhaitons que vous nous aidiez \u00e0 am\u00e9liorer la qualit\u00e9 de notre service. Merci de votre participation.<\/p>\n","protected":false},"author":1,"featured_media":0,"parent":0,"menu_order":0,"comment_status":"closed","ping_status":"closed","template":"","meta":{"_acf_changed":false,"footnotes":""},"class_list":["post-4144","page","type-page","status-publish","hentry"],"acf":[],"_links":{"self":[{"href":"https:\/\/chesterboots.pt\/fr\/wp-json\/wp\/v2\/pages\/4144","targetHints":{"allow":["GET"]}}],"collection":[{"href":"https:\/\/chesterboots.pt\/fr\/wp-json\/wp\/v2\/pages"}],"about":[{"href":"https:\/\/chesterboots.pt\/fr\/wp-json\/wp\/v2\/types\/page"}],"author":[{"embeddable":true,"href":"https:\/\/chesterboots.pt\/fr\/wp-json\/wp\/v2\/users\/1"}],"replies":[{"embeddable":true,"href":"https:\/\/chesterboots.pt\/fr\/wp-json\/wp\/v2\/comments?post=4144"}],"version-history":[{"count":0,"href":"https:\/\/chesterboots.pt\/fr\/wp-json\/wp\/v2\/pages\/4144\/revisions"}],"wp:attachment":[{"href":"https:\/\/chesterboots.pt\/fr\/wp-json\/wp\/v2\/media?parent=4144"}],"curies":[{"name":"wp","href":"https:\/\/api.w.org\/{rel}","templated":true}]}}