{"id":6772,"date":"2024-08-05T10:58:55","date_gmt":"2024-08-05T10:58:55","guid":{"rendered":"https:\/\/miligram50.miligram.pt\/expeditions-echanges-et-retours\/"},"modified":"2025-10-27T12:12:50","modified_gmt":"2025-10-27T12:12:50","slug":"expeditions-echanges-et-retours","status":"publish","type":"page","link":"https:\/\/chesterboots.pt\/fr\/expeditions-echanges-et-retours\/","title":{"rendered":"Exp\u00e9ditions, \u00c9changes et Retours"},"content":{"rendered":"\t\t<div data-elementor-type=\"wp-page\" data-elementor-id=\"6772\" class=\"elementor elementor-6772 elementor-13\" data-elementor-post-type=\"page\">\n\t\t\t\t<div class=\"elementor-element elementor-element-56471ad e-flex e-con-boxed e-con e-parent\" data-id=\"56471ad\" data-element_type=\"container\" data-e-type=\"container\" data-settings=\"{&quot;jet_parallax_layout_list&quot;:[]}\">\n\t\t\t\t\t<div class=\"e-con-inner\">\n\t\t\t\t<div class=\"elementor-element elementor-element-d2acaaf elementor-widget elementor-widget-heading\" data-id=\"d2acaaf\" data-element_type=\"widget\" data-e-type=\"widget\" data-widget_type=\"heading.default\">\n\t\t\t\t<div class=\"elementor-widget-container\">\n\t\t\t\t\t<h2 class=\"elementor-heading-title elementor-size-default\">Exp\u00e9ditions, \u00c9changes et Retours<\/h2>\t\t\t\t<\/div>\n\t\t\t\t<\/div>\n\t\t<div class=\"elementor-element elementor-element-7fbbebf e-con-full texts-content e-flex e-con e-child\" data-id=\"7fbbebf\" data-element_type=\"container\" data-e-type=\"container\" data-settings=\"{&quot;jet_parallax_layout_list&quot;:[]}\">\n\t\t\t\t<div class=\"elementor-element elementor-element-80cd565 elementor-widget elementor-widget-accordion\" data-id=\"80cd565\" data-element_type=\"widget\" data-e-type=\"widget\" data-widget_type=\"accordion.default\">\n\t\t\t\t<div class=\"elementor-widget-container\">\n\t\t\t\t\t\t\t<div class=\"elementor-accordion\">\n\t\t\t\t\t\t\t<div class=\"elementor-accordion-item\">\n\t\t\t\t\t<div id=\"elementor-tab-title-1351\" class=\"elementor-tab-title\" data-tab=\"1\" role=\"button\" aria-controls=\"elementor-tab-content-1351\" aria-expanded=\"false\">\n\t\t\t\t\t\t\t\t\t\t\t\t\t<span class=\"elementor-accordion-icon elementor-accordion-icon-right\" aria-hidden=\"true\">\n\t\t\t\t\t\t\t\t\t\t\t\t\t\t\t<span class=\"elementor-accordion-icon-closed\"><svg xmlns=\"http:\/\/www.w3.org\/2000\/svg\" xmlns:xlink=\"http:\/\/www.w3.org\/1999\/xlink\" xmlns:serif=\"http:\/\/www.serif.com\/\" width=\"100%\" height=\"100%\" viewBox=\"0 0 21 12\" xml:space=\"preserve\" style=\"fill-rule:evenodd;clip-rule:evenodd;stroke-linejoin:round;stroke-miterlimit:2;\">    <g transform=\"matrix(1,0,0,1,-0.646447,-0.646447)\">        <path d=\"M0.646,1.354L11,11.707L21.354,1.354L20.646,0.646L11,10.293C11,10.293 1.354,0.646 1.354,0.646L0.646,1.354Z\"><\/path>    <\/g><\/svg><\/span>\n\t\t\t\t\t\t\t\t<span class=\"elementor-accordion-icon-opened\"><svg xmlns=\"http:\/\/www.w3.org\/2000\/svg\" xmlns:xlink=\"http:\/\/www.w3.org\/1999\/xlink\" xmlns:serif=\"http:\/\/www.serif.com\/\" width=\"100%\" height=\"100%\" viewBox=\"0 0 21 12\" xml:space=\"preserve\" style=\"fill-rule:evenodd;clip-rule:evenodd;stroke-linejoin:round;stroke-miterlimit:2;\">    <g transform=\"matrix(1,0,0,1,-0.646447,-0.646447)\">        <path d=\"M0.646,1.354L11,11.707L21.354,1.354L20.646,0.646L11,10.293C11,10.293 1.354,0.646 1.354,0.646L0.646,1.354Z\"><\/path>    <\/g><\/svg><\/span>\n\t\t\t\t\t\t\t\t\t\t\t\t\t\t<\/span>\n\t\t\t\t\t\t\t\t\t\t\t\t<a class=\"elementor-accordion-title\" tabindex=\"0\">1 - Quels sont les co\u00fbts et d\u00e9lais de livraison pour mon pays ?<\/a>\n\t\t\t\t\t<\/div>\n\t\t\t\t\t<div id=\"elementor-tab-content-1351\" class=\"elementor-tab-content elementor-clearfix\" data-tab=\"1\" role=\"region\" aria-labelledby=\"elementor-tab-title-1351\"><p><strong>Exp\u00e9dition<\/strong><\/p>\n<p>Nous effectuons des livraisons vers le Portugal (continent et \u00eeles), l\u2019Espagne (continent et \u00eeles Bal\u00e9ares), les Pays-Bas, la France (continentale), la Belgique, le Luxembourg, l\u2019Italie (continentale), la Suisse, la Pologne, le Danemark, la Finlande, l\u2019Estonie, la Norv\u00e8ge, la Lituanie et la Hongrie.<\/p>\n<p>En cas de rupture de stock du produit command\u00e9, l\u2019exp\u00e9dition ne pourra \u00eatre effectu\u00e9e qu\u2019entre 1 et 10 jours ouvrables apr\u00e8s la confirmation du paiement. Si ce d\u00e9lai vous semble trop long, veuillez contacter notre Service Client (<a href=\"mailto:support@chesterboots.pt\">support@chesterboots.pt<\/a> ou WhatsApp : <a href=\"tel:+351 912 189 829\">+351 912 189 829<\/a>) et nous ferons de notre mieux pour r\u00e9pondre \u00e0 votre demande.<\/p>\n<p>Les livraisons et collectes au Portugal (continental) et en Espagne (continent et \u00eeles Bal\u00e9ares) sont assur\u00e9es par NACEX, les jours ouvrables jusqu\u2019\u00e0 19h00.<br \/>Si vous n\u2019\u00eates pas pr\u00e9sent \u00e0 l\u2019adresse indiqu\u00e9e pour recevoir la commande, vous serez contact\u00e9 pour reprogrammer la livraison.<br \/>En cas de non-r\u00e9ception et si vous souhaitez un nouvel envoi, des frais de port suppl\u00e9mentaires seront appliqu\u00e9s.<\/p>\n<p>Dans les Pays-Bas, France (continentale), Belgique, Luxembourg, Italie (continentale), Pologne, Danemark, Estonie, Norv\u00e8ge, Lituanie, Hongrie et Finlande, les livraisons et collectes sont assur\u00e9es par DHL et DPD.<br \/>Le client peut suivre l\u2019exp\u00e9dition gr\u00e2ce au num\u00e9ro de suivi.<br \/>Il n\u2019est pas possible de programmer ou de fixer une date de livraison, celle-ci \u00e9tant effectu\u00e9e sans contact pr\u00e9alable. Il est donc important de s\u2019assurer que quelqu\u2019un soit pr\u00e9sent \u00e0 l\u2019adresse de livraison.<\/p>\n<p>Les livraisons et collectes vers la Suisse sont \u00e9galement assur\u00e9es par DHL.<br \/>\u00c9tant donn\u00e9 que la Suisse est un pays hors Union europ\u00e9enne, des taxes douani\u00e8res ou imp\u00f4ts peuvent \u00eatre appliqu\u00e9s.<\/p>\n<p>Selon le pays de destination, les prix des produits incluent la TVA ou d\u2019autres taxes locales applicables, mais n\u2019incluent pas les frais d\u2019exp\u00e9dition ni les droits d\u2019importation.<\/p>\n<p>Aucune exp\u00e9dition n\u2019est effectu\u00e9e les jours f\u00e9ri\u00e9s.<\/p>\n<p><strong>Co\u00fbts et d\u00e9lais de livraison apr\u00e8s exp\u00e9dition<\/strong><\/p>\n<table cellspacing=\"0\" cellpadding=\"0\">\n<tbody>\n<tr>\n<td valign=\"top\"><b>PAYS<\/b><\/td>\n<td valign=\"top\"><b>FRAIS DE LIVRAISON<\/b><\/td>\n<td valign=\"top\"><b>D\u00c9LAI DE LIVRAISON ESTIM\u00c9 APR\u00c8S EXP\u00c9DITION<\/b><\/td>\n<\/tr>\n<tr>\n<td valign=\"top\">Portugal \u2013 Continental<\/td>\n<td valign=\"top\">7,95\u20ac<\/td>\n<td valign=\"top\">Le jour ouvrable suivant avant 19h00<\/td>\n<\/tr>\n<tr>\n<td valign=\"top\">Portugal \u2013 \u00celes<\/td>\n<td valign=\"top\">55,95\u20ac<\/td>\n<td valign=\"top\">2 \u00e0 5 jours ouvrables<\/td>\n<\/tr>\n<tr>\n<td valign=\"top\">Espagne &#8211; Continentale<\/td>\n<td valign=\"top\">15,95\u20ac<\/td>\n<td valign=\"top\">Le jour ouvrable suivant avant 19h00<\/td>\n<\/tr>\n<tr>\n<td valign=\"top\">Espagne &#8211; \u00celes Bal\u00e9ares<\/td>\n<td valign=\"top\">30,95\u20ac<\/td>\n<td valign=\"top\">Le jour ouvrable suivant avant 19h00<\/td>\n<\/tr>\n<tr>\n<td valign=\"top\">Pays-Bas<\/td>\n<td valign=\"top\">39,95\u20ac<\/td>\n<td valign=\"top\">3 \u00e0 4 jours ouvrables<\/td>\n<\/tr>\n<tr>\n<td valign=\"top\">France &#8211; Continentale<\/td>\n<td valign=\"top\">39,95\u20ac<\/td>\n<td valign=\"top\">2 \u00e0 4 jours ouvrables<\/td>\n<\/tr>\n<tr>\n<td valign=\"top\">Belgique<\/td>\n<td valign=\"top\">39,95\u20ac<\/td>\n<td valign=\"top\">3 jours ouvrables<\/td>\n<\/tr>\n<tr>\n<td valign=\"top\">Luxembourg<\/td>\n<td valign=\"top\">39,95\u20ac<\/td>\n<td valign=\"top\">3 jours ouvrables<\/td>\n<\/tr>\n<tr>\n<td valign=\"top\">Italie &#8211; Continentale<\/td>\n<td valign=\"top\">39,95\u20ac<\/td>\n<td valign=\"top\">3 jours ouvrables<\/td>\n<\/tr>\n<tr>\n<td valign=\"top\">Suisse<\/td>\n<td valign=\"top\">39,95\u20ac<\/td>\n<td valign=\"top\">4 jours ouvrables<\/td>\n<\/tr>\n<tr>\n<td valign=\"top\">Pologne<\/td>\n<td valign=\"top\">39,95\u20ac<\/td>\n<td valign=\"top\">4 jours ouvrables<\/td>\n<\/tr>\n<tr>\n<td valign=\"top\">Danemark<\/td>\n<td valign=\"top\">39,95\u20ac<\/td>\n<td valign=\"top\">4 jours ouvrables<\/td>\n<\/tr>\n<tr>\n<td valign=\"top\">Estonie<\/td>\n<td valign=\"top\">39,95\u20ac<\/td>\n<td valign=\"top\">6 \u00e0 8 jours ouvrables<\/td>\n<\/tr>\n<tr>\n<td valign=\"top\">Norv\u00e8ge<\/td>\n<td valign=\"top\">50,95\u20ac<\/td>\n<td valign=\"top\">5 \u00e0 6 jours ouvrables<\/td>\n<\/tr>\n<tr>\n<td valign=\"top\">Lituanie<\/td>\n<td valign=\"top\">39,95\u20ac<\/td>\n<td valign=\"top\">5 jours ouvrables<\/td>\n<\/tr>\n<tr>\n<td valign=\"top\">Hongrie<\/td>\n<td valign=\"top\">39,95\u20ac<\/td>\n<td valign=\"top\">5 \u00e0 6 jours ouvrables<\/td>\n<\/tr>\n<tr>\n<td valign=\"top\">Finlande<\/td>\n<td valign=\"top\">50,95\u20ac<\/td>\n<td valign=\"top\">5 jours ouvrables<\/td>\n<\/tr>\n<\/tbody>\n<\/table>\n<\/div>\n\t\t\t\t<\/div>\n\t\t\t\t\t\t\t<div class=\"elementor-accordion-item\">\n\t\t\t\t\t<div id=\"elementor-tab-title-1352\" class=\"elementor-tab-title\" data-tab=\"2\" role=\"button\" aria-controls=\"elementor-tab-content-1352\" aria-expanded=\"false\">\n\t\t\t\t\t\t\t\t\t\t\t\t\t<span class=\"elementor-accordion-icon elementor-accordion-icon-right\" aria-hidden=\"true\">\n\t\t\t\t\t\t\t\t\t\t\t\t\t\t\t<span class=\"elementor-accordion-icon-closed\"><svg xmlns=\"http:\/\/www.w3.org\/2000\/svg\" xmlns:xlink=\"http:\/\/www.w3.org\/1999\/xlink\" xmlns:serif=\"http:\/\/www.serif.com\/\" width=\"100%\" height=\"100%\" viewBox=\"0 0 21 12\" xml:space=\"preserve\" style=\"fill-rule:evenodd;clip-rule:evenodd;stroke-linejoin:round;stroke-miterlimit:2;\">    <g transform=\"matrix(1,0,0,1,-0.646447,-0.646447)\">        <path d=\"M0.646,1.354L11,11.707L21.354,1.354L20.646,0.646L11,10.293C11,10.293 1.354,0.646 1.354,0.646L0.646,1.354Z\"><\/path>    <\/g><\/svg><\/span>\n\t\t\t\t\t\t\t\t<span class=\"elementor-accordion-icon-opened\"><svg xmlns=\"http:\/\/www.w3.org\/2000\/svg\" xmlns:xlink=\"http:\/\/www.w3.org\/1999\/xlink\" xmlns:serif=\"http:\/\/www.serif.com\/\" width=\"100%\" height=\"100%\" viewBox=\"0 0 21 12\" xml:space=\"preserve\" style=\"fill-rule:evenodd;clip-rule:evenodd;stroke-linejoin:round;stroke-miterlimit:2;\">    <g transform=\"matrix(1,0,0,1,-0.646447,-0.646447)\">        <path d=\"M0.646,1.354L11,11.707L21.354,1.354L20.646,0.646L11,10.293C11,10.293 1.354,0.646 1.354,0.646L0.646,1.354Z\"><\/path>    <\/g><\/svg><\/span>\n\t\t\t\t\t\t\t\t\t\t\t\t\t\t<\/span>\n\t\t\t\t\t\t\t\t\t\t\t\t<a class=\"elementor-accordion-title\" tabindex=\"0\">2 - Comment puis-je \u00e9changer un article ?<\/a>\n\t\t\t\t\t<\/div>\n\t\t\t\t\t<div id=\"elementor-tab-content-1352\" class=\"elementor-tab-content elementor-clearfix\" data-tab=\"2\" role=\"region\" aria-labelledby=\"elementor-tab-title-1352\"><p>Nous souhaitons que nos clients soient satisfaits de leur achat. Vous disposez de 14 jours \u00e0 compter de la date de r\u00e9ception de votre commande pour demander un \u00e9change gratuit de l\u2019article ou des articles.<br \/>Veuillez noter que nous acceptons uniquement les \u00e9changes de taille pour les articles achet\u00e9s et disponibles en stock.<\/p>\n<p>Pour effectuer une demande d\u2019\u00e9change, le client doit remplir le formulaire disponible dans son espace client, en y indiquant toutes les informations concernant le produit qu\u2019il souhaite \u00e9changer.<\/p>\n<\/div>\n\t\t\t\t<\/div>\n\t\t\t\t\t\t\t<div class=\"elementor-accordion-item\">\n\t\t\t\t\t<div id=\"elementor-tab-title-1353\" class=\"elementor-tab-title\" data-tab=\"3\" role=\"button\" aria-controls=\"elementor-tab-content-1353\" aria-expanded=\"false\">\n\t\t\t\t\t\t\t\t\t\t\t\t\t<span class=\"elementor-accordion-icon elementor-accordion-icon-right\" aria-hidden=\"true\">\n\t\t\t\t\t\t\t\t\t\t\t\t\t\t\t<span class=\"elementor-accordion-icon-closed\"><svg xmlns=\"http:\/\/www.w3.org\/2000\/svg\" xmlns:xlink=\"http:\/\/www.w3.org\/1999\/xlink\" xmlns:serif=\"http:\/\/www.serif.com\/\" width=\"100%\" height=\"100%\" viewBox=\"0 0 21 12\" xml:space=\"preserve\" style=\"fill-rule:evenodd;clip-rule:evenodd;stroke-linejoin:round;stroke-miterlimit:2;\">    <g transform=\"matrix(1,0,0,1,-0.646447,-0.646447)\">        <path d=\"M0.646,1.354L11,11.707L21.354,1.354L20.646,0.646L11,10.293C11,10.293 1.354,0.646 1.354,0.646L0.646,1.354Z\"><\/path>    <\/g><\/svg><\/span>\n\t\t\t\t\t\t\t\t<span class=\"elementor-accordion-icon-opened\"><svg xmlns=\"http:\/\/www.w3.org\/2000\/svg\" xmlns:xlink=\"http:\/\/www.w3.org\/1999\/xlink\" xmlns:serif=\"http:\/\/www.serif.com\/\" width=\"100%\" height=\"100%\" viewBox=\"0 0 21 12\" xml:space=\"preserve\" style=\"fill-rule:evenodd;clip-rule:evenodd;stroke-linejoin:round;stroke-miterlimit:2;\">    <g transform=\"matrix(1,0,0,1,-0.646447,-0.646447)\">        <path d=\"M0.646,1.354L11,11.707L21.354,1.354L20.646,0.646L11,10.293C11,10.293 1.354,0.646 1.354,0.646L0.646,1.354Z\"><\/path>    <\/g><\/svg><\/span>\n\t\t\t\t\t\t\t\t\t\t\t\t\t\t<\/span>\n\t\t\t\t\t\t\t\t\t\t\t\t<a class=\"elementor-accordion-title\" tabindex=\"0\">3 - Comment puis-je retourner un article ?<\/a>\n\t\t\t\t\t<\/div>\n\t\t\t\t\t<div id=\"elementor-tab-content-1353\" class=\"elementor-tab-content elementor-clearfix\" data-tab=\"3\" role=\"region\" aria-labelledby=\"elementor-tab-title-1353\"><p>CHESTER Boots souhaite que ses clients soient satisfaits de leur achat. Vous disposez de\u00a014 jours\u00a0\u00e0 compter de la date de r\u00e9ception des articles pour demander un\u00a0retour gratuit, sous r\u00e9serve du respect des\u00a0conditions de retour.<\/p>\n<p>Pour effectuer une demande de retour de commande, le client doit remplir le formulaire disponible dans son espace client, en y indiquant toutes les informations concernant le produit \u00e0 retourner.<\/p>\n<\/div>\n\t\t\t\t<\/div>\n\t\t\t\t\t\t\t<div class=\"elementor-accordion-item\">\n\t\t\t\t\t<div id=\"elementor-tab-title-1354\" class=\"elementor-tab-title\" data-tab=\"4\" role=\"button\" aria-controls=\"elementor-tab-content-1354\" aria-expanded=\"false\">\n\t\t\t\t\t\t\t\t\t\t\t\t\t<span class=\"elementor-accordion-icon elementor-accordion-icon-right\" aria-hidden=\"true\">\n\t\t\t\t\t\t\t\t\t\t\t\t\t\t\t<span class=\"elementor-accordion-icon-closed\"><svg xmlns=\"http:\/\/www.w3.org\/2000\/svg\" xmlns:xlink=\"http:\/\/www.w3.org\/1999\/xlink\" xmlns:serif=\"http:\/\/www.serif.com\/\" width=\"100%\" height=\"100%\" viewBox=\"0 0 21 12\" xml:space=\"preserve\" style=\"fill-rule:evenodd;clip-rule:evenodd;stroke-linejoin:round;stroke-miterlimit:2;\">    <g transform=\"matrix(1,0,0,1,-0.646447,-0.646447)\">        <path d=\"M0.646,1.354L11,11.707L21.354,1.354L20.646,0.646L11,10.293C11,10.293 1.354,0.646 1.354,0.646L0.646,1.354Z\"><\/path>    <\/g><\/svg><\/span>\n\t\t\t\t\t\t\t\t<span class=\"elementor-accordion-icon-opened\"><svg xmlns=\"http:\/\/www.w3.org\/2000\/svg\" xmlns:xlink=\"http:\/\/www.w3.org\/1999\/xlink\" xmlns:serif=\"http:\/\/www.serif.com\/\" width=\"100%\" height=\"100%\" viewBox=\"0 0 21 12\" xml:space=\"preserve\" style=\"fill-rule:evenodd;clip-rule:evenodd;stroke-linejoin:round;stroke-miterlimit:2;\">    <g transform=\"matrix(1,0,0,1,-0.646447,-0.646447)\">        <path d=\"M0.646,1.354L11,11.707L21.354,1.354L20.646,0.646L11,10.293C11,10.293 1.354,0.646 1.354,0.646L0.646,1.354Z\"><\/path>    <\/g><\/svg><\/span>\n\t\t\t\t\t\t\t\t\t\t\t\t\t\t<\/span>\n\t\t\t\t\t\t\t\t\t\t\t\t<a class=\"elementor-accordion-title\" tabindex=\"0\">4 - Quand et comment vais-je recevoir mon remboursement ?<\/a>\n\t\t\t\t\t<\/div>\n\t\t\t\t\t<div id=\"elementor-tab-content-1354\" class=\"elementor-tab-content elementor-clearfix\" data-tab=\"4\" role=\"region\" aria-labelledby=\"elementor-tab-title-1354\"><p>En cas de retour, le remboursement sera trait\u00e9 dans les jours suivants via le\u00a0m\u00eame mode de paiement\u00a0utilis\u00e9 lors de l\u2019achat.\u2028Dans le cas d\u2019un paiement effectu\u00e9 par\u00a0MbWay, le remboursement sera effectu\u00e9 par\u00a0virement bancaire.\u2028Veuillez noter que le\u00a0d\u00e9lai de r\u00e9ception du remboursement\u00a0d\u00e9pend du\u00a0mode de paiement\u00a0utilis\u00e9.<\/p>\n<\/div>\n\t\t\t\t<\/div>\n\t\t\t\t\t\t\t<div class=\"elementor-accordion-item\">\n\t\t\t\t\t<div id=\"elementor-tab-title-1355\" class=\"elementor-tab-title\" data-tab=\"5\" role=\"button\" aria-controls=\"elementor-tab-content-1355\" aria-expanded=\"false\">\n\t\t\t\t\t\t\t\t\t\t\t\t\t<span class=\"elementor-accordion-icon elementor-accordion-icon-right\" aria-hidden=\"true\">\n\t\t\t\t\t\t\t\t\t\t\t\t\t\t\t<span class=\"elementor-accordion-icon-closed\"><svg xmlns=\"http:\/\/www.w3.org\/2000\/svg\" xmlns:xlink=\"http:\/\/www.w3.org\/1999\/xlink\" xmlns:serif=\"http:\/\/www.serif.com\/\" width=\"100%\" height=\"100%\" viewBox=\"0 0 21 12\" xml:space=\"preserve\" style=\"fill-rule:evenodd;clip-rule:evenodd;stroke-linejoin:round;stroke-miterlimit:2;\">    <g transform=\"matrix(1,0,0,1,-0.646447,-0.646447)\">        <path d=\"M0.646,1.354L11,11.707L21.354,1.354L20.646,0.646L11,10.293C11,10.293 1.354,0.646 1.354,0.646L0.646,1.354Z\"><\/path>    <\/g><\/svg><\/span>\n\t\t\t\t\t\t\t\t<span class=\"elementor-accordion-icon-opened\"><svg xmlns=\"http:\/\/www.w3.org\/2000\/svg\" xmlns:xlink=\"http:\/\/www.w3.org\/1999\/xlink\" xmlns:serif=\"http:\/\/www.serif.com\/\" width=\"100%\" height=\"100%\" viewBox=\"0 0 21 12\" xml:space=\"preserve\" style=\"fill-rule:evenodd;clip-rule:evenodd;stroke-linejoin:round;stroke-miterlimit:2;\">    <g transform=\"matrix(1,0,0,1,-0.646447,-0.646447)\">        <path d=\"M0.646,1.354L11,11.707L21.354,1.354L20.646,0.646L11,10.293C11,10.293 1.354,0.646 1.354,0.646L0.646,1.354Z\"><\/path>    <\/g><\/svg><\/span>\n\t\t\t\t\t\t\t\t\t\t\t\t\t\t<\/span>\n\t\t\t\t\t\t\t\t\t\t\t\t<a class=\"elementor-accordion-title\" tabindex=\"0\">5 - Quels sont les frais de retour de l\u2019article ?\u2028<\/a>\n\t\t\t\t\t<\/div>\n\t\t\t\t\t<div id=\"elementor-tab-content-1355\" class=\"elementor-tab-content elementor-clearfix\" data-tab=\"5\" role=\"region\" aria-labelledby=\"elementor-tab-title-1355\"><p>Aucun frais n\u2019est imput\u00e9 au client en cas de retour du produit.<\/p>\n<\/div>\n\t\t\t\t<\/div>\n\t\t\t\t\t\t\t\t<\/div>\n\t\t\t\t\t\t<\/div>\n\t\t\t\t<\/div>\n\t\t\t\t<\/div>\n\t\t\t\t\t<\/div>\n\t\t\t\t<\/div>\n\t\t\t\t<\/div>\n\t\t","protected":false},"excerpt":{"rendered":"<p>1 &#8211; Quels sont les co\u00fbts et d\u00e9lais de livraison pour mon pays ? Exp\u00e9dition Nous effectuons des livraisons vers le Portugal (continent et \u00eeles), l\u2019Espagne (continent et \u00eeles Bal\u00e9ares), les Pays-Bas, la France (continentale), la Belgique, le Luxembourg, l\u2019Italie (continentale), la Suisse, la Pologne, le Danemark, la Finlande, l\u2019Estonie, la Norv\u00e8ge, la Lituanie et [&hellip;]<\/p>\n","protected":false},"author":1,"featured_media":0,"parent":0,"menu_order":0,"comment_status":"closed","ping_status":"closed","template":"","meta":{"_acf_changed":false,"footnotes":""},"class_list":["post-6772","page","type-page","status-publish","hentry"],"acf":[],"_links":{"self":[{"href":"https:\/\/chesterboots.pt\/fr\/wp-json\/wp\/v2\/pages\/6772","targetHints":{"allow":["GET"]}}],"collection":[{"href":"https:\/\/chesterboots.pt\/fr\/wp-json\/wp\/v2\/pages"}],"about":[{"href":"https:\/\/chesterboots.pt\/fr\/wp-json\/wp\/v2\/types\/page"}],"author":[{"embeddable":true,"href":"https:\/\/chesterboots.pt\/fr\/wp-json\/wp\/v2\/users\/1"}],"replies":[{"embeddable":true,"href":"https:\/\/chesterboots.pt\/fr\/wp-json\/wp\/v2\/comments?post=6772"}],"version-history":[{"count":0,"href":"https:\/\/chesterboots.pt\/fr\/wp-json\/wp\/v2\/pages\/6772\/revisions"}],"wp:attachment":[{"href":"https:\/\/chesterboots.pt\/fr\/wp-json\/wp\/v2\/media?parent=6772"}],"curies":[{"name":"wp","href":"https:\/\/api.w.org\/{rel}","templated":true}]}}