{"id":2985,"date":"2024-11-27T16:33:53","date_gmt":"2024-11-27T16:33:53","guid":{"rendered":"https:\/\/miligram50.miligram.pt\/produto\/botins-em-pele-verona-castanho\/"},"modified":"2025-10-24T14:48:01","modified_gmt":"2025-10-24T14:48:01","slug":"bottines-en-cuir-verona-marron","status":"publish","type":"product","link":"https:\/\/chesterboots.pt\/fr\/produit\/bottines-en-cuir-verona-marron\/","title":{"rendered":"Bottines en cuir Verona Marron"},"content":{"rendered":"<p>Les bottines Verona en cuir pull-up marron sont le choix parfait pour ceux qui recherchent \u00e9l\u00e9gance, r\u00e9sistance et confort. L\u2019\u00e9lasticit\u00e9 lat\u00e9rale facilite l\u2019enfilage et le retrait, et le bout de la chaussure travaill\u00e9 leur conf\u00e8re un design classique et distinctif. La semelle int\u00e9rieure est amovible et anatomique, s\u2019adaptant \u00e0 votre pied. La semelle combine cuir et caoutchouc, et la m\u00e9thode de couture Blake la rend encore plus durable.<\/p>\n","protected":false},"excerpt":{"rendered":"<p>Les bottines Verona en cuir pull-up marron sont le choix parfait pour ceux qui recherchent \u00e9l\u00e9gance, r\u00e9sistance et confort. L\u2019\u00e9lasticit\u00e9 lat\u00e9rale facilite l\u2019enfilage et le retrait, et le bout de la chaussure travaill\u00e9 leur conf\u00e8re un design classique et distinctif. La semelle int\u00e9rieure est amovible et anatomique, s\u2019adaptant \u00e0 votre pied. La semelle combine cuir [&hellip;]<\/p>\n","protected":false},"featured_media":4381,"template":"","meta":{"_acf_changed":false},"product_brand":[],"product_cat":[223,220],"product_tag":[],"class_list":{"0":"post-2985","1":"product","2":"type-product","3":"status-publish","4":"has-post-thumbnail","6":"product_cat-ligne-high-end","7":"product_cat-bottines","9":"first","10":"instock","11":"shipping-taxable","12":"purchasable","13":"product-type-variable"},"acf":[],"_links":{"self":[{"href":"https:\/\/chesterboots.pt\/fr\/wp-json\/wp\/v2\/product\/2985","targetHints":{"allow":["GET"]}}],"collection":[{"href":"https:\/\/chesterboots.pt\/fr\/wp-json\/wp\/v2\/product"}],"about":[{"href":"https:\/\/chesterboots.pt\/fr\/wp-json\/wp\/v2\/types\/product"}],"wp:featuredmedia":[{"embeddable":true,"href":"https:\/\/chesterboots.pt\/fr\/wp-json\/wp\/v2\/media\/4381"}],"wp:attachment":[{"href":"https:\/\/chesterboots.pt\/fr\/wp-json\/wp\/v2\/media?parent=2985"}],"wp:term":[{"taxonomy":"product_brand","embeddable":true,"href":"https:\/\/chesterboots.pt\/fr\/wp-json\/wp\/v2\/product_brand?post=2985"},{"taxonomy":"product_cat","embeddable":true,"href":"https:\/\/chesterboots.pt\/fr\/wp-json\/wp\/v2\/product_cat?post=2985"},{"taxonomy":"product_tag","embeddable":true,"href":"https:\/\/chesterboots.pt\/fr\/wp-json\/wp\/v2\/product_tag?post=2985"}],"curies":[{"name":"wp","href":"https:\/\/api.w.org\/{rel}","templated":true}]}}