{"id":2992,"date":"2024-08-30T10:53:32","date_gmt":"2024-08-30T10:53:32","guid":{"rendered":"https:\/\/miligram50.miligram.pt\/produto\/kit-de-limpeza\/"},"modified":"2025-11-05T09:54:34","modified_gmt":"2025-11-05T09:54:34","slug":"kit-de-nettoyage","status":"publish","type":"product","link":"https:\/\/chesterboots.pt\/fr\/produit\/kit-de-nettoyage\/","title":{"rendered":"Kit de Nettoyage"},"content":{"rendered":"<p>Le kit de nettoyage parfait pour prendre soin de vos bottes d\u2019\u00e9quitation et assurer leur durabilit\u00e9.<\/p>\n<ul>\n<li>Cr\u00e8me pour cuir<\/li>\n<li>Chiffon en microfibre<\/li>\n<li>Brosse de polissage<\/li>\n<li>Brosse manche<\/li>\n<li>Lubrifiant pour fermetures \u00e9clair<\/li>\n<\/ul>\n","protected":false},"excerpt":{"rendered":"<p>Le kit de nettoyage parfait pour prendre soin de vos bottes d\u2019\u00e9quitation et assurer leur durabilit\u00e9. Cr\u00e8me pour cuir Chiffon en microfibre Brosse de polissage Brosse manche Lubrifiant pour fermetures \u00e9clair<\/p>\n","protected":false},"featured_media":4618,"template":"","meta":{"_acf_changed":false},"product_brand":[],"product_cat":[222],"product_tag":[],"class_list":{"0":"post-2992","1":"product","2":"type-product","3":"status-publish","4":"has-post-thumbnail","6":"product_cat-accessoires","8":"first","9":"instock","10":"shipping-taxable","11":"purchasable","12":"product-type-simple"},"acf":[],"_links":{"self":[{"href":"https:\/\/chesterboots.pt\/fr\/wp-json\/wp\/v2\/product\/2992","targetHints":{"allow":["GET"]}}],"collection":[{"href":"https:\/\/chesterboots.pt\/fr\/wp-json\/wp\/v2\/product"}],"about":[{"href":"https:\/\/chesterboots.pt\/fr\/wp-json\/wp\/v2\/types\/product"}],"wp:featuredmedia":[{"embeddable":true,"href":"https:\/\/chesterboots.pt\/fr\/wp-json\/wp\/v2\/media\/4618"}],"wp:attachment":[{"href":"https:\/\/chesterboots.pt\/fr\/wp-json\/wp\/v2\/media?parent=2992"}],"wp:term":[{"taxonomy":"product_brand","embeddable":true,"href":"https:\/\/chesterboots.pt\/fr\/wp-json\/wp\/v2\/product_brand?post=2992"},{"taxonomy":"product_cat","embeddable":true,"href":"https:\/\/chesterboots.pt\/fr\/wp-json\/wp\/v2\/product_cat?post=2992"},{"taxonomy":"product_tag","embeddable":true,"href":"https:\/\/chesterboots.pt\/fr\/wp-json\/wp\/v2\/product_tag?post=2992"}],"curies":[{"name":"wp","href":"https:\/\/api.w.org\/{rel}","templated":true}]}}