{"id":3005,"date":"2024-08-30T10:39:40","date_gmt":"2024-08-30T10:39:40","guid":{"rendered":"https:\/\/miligram50.miligram.pt\/produto\/palmilha-de-conforto\/"},"modified":"2025-08-28T10:27:38","modified_gmt":"2025-08-28T10:27:38","slug":"semelle-de-confort","status":"publish","type":"product","link":"https:\/\/chesterboots.pt\/fr\/produit\/semelle-de-confort\/","title":{"rendered":"Semelle de confort"},"content":{"rendered":"<p>Les semelles de confort X-comfort offrent stabilit\u00e9 et soutien, tout en apportant plus de confort \u00e0 chaque pas. Totalement respirantes, elles gardent vos pieds secs et sans odeur. Elles sont la solution id\u00e9ale pour pr\u00e9venir les forts impacts.<\/p>\n","protected":false},"excerpt":{"rendered":"<p>Les semelles de confort X-comfort offrent stabilit\u00e9 et soutien, tout en apportant plus de confort \u00e0 chaque pas. Totalement respirantes, elles gardent vos pieds secs et sans odeur. Elles sont la solution id\u00e9ale pour pr\u00e9venir les forts impacts.<\/p>\n","protected":false},"featured_media":4633,"template":"","meta":{"_acf_changed":false},"product_brand":[],"product_cat":[222],"product_tag":[],"class_list":{"0":"post-3005","1":"product","2":"type-product","3":"status-publish","4":"has-post-thumbnail","6":"product_cat-accessoires","8":"first","9":"instock","10":"shipping-taxable","11":"purchasable","12":"product-type-variable"},"acf":[],"_links":{"self":[{"href":"https:\/\/chesterboots.pt\/fr\/wp-json\/wp\/v2\/product\/3005","targetHints":{"allow":["GET"]}}],"collection":[{"href":"https:\/\/chesterboots.pt\/fr\/wp-json\/wp\/v2\/product"}],"about":[{"href":"https:\/\/chesterboots.pt\/fr\/wp-json\/wp\/v2\/types\/product"}],"wp:featuredmedia":[{"embeddable":true,"href":"https:\/\/chesterboots.pt\/fr\/wp-json\/wp\/v2\/media\/4633"}],"wp:attachment":[{"href":"https:\/\/chesterboots.pt\/fr\/wp-json\/wp\/v2\/media?parent=3005"}],"wp:term":[{"taxonomy":"product_brand","embeddable":true,"href":"https:\/\/chesterboots.pt\/fr\/wp-json\/wp\/v2\/product_brand?post=3005"},{"taxonomy":"product_cat","embeddable":true,"href":"https:\/\/chesterboots.pt\/fr\/wp-json\/wp\/v2\/product_cat?post=3005"},{"taxonomy":"product_tag","embeddable":true,"href":"https:\/\/chesterboots.pt\/fr\/wp-json\/wp\/v2\/product_tag?post=3005"}],"curies":[{"name":"wp","href":"https:\/\/api.w.org\/{rel}","templated":true}]}}