{"id":3012,"date":"2024-08-30T10:35:39","date_gmt":"2024-08-30T10:35:39","guid":{"rendered":"https:\/\/miligram50.miligram.pt\/produto\/forma-de-botas\/"},"modified":"2025-10-29T12:08:53","modified_gmt":"2025-10-29T12:08:53","slug":"embauchoir","status":"publish","type":"product","link":"https:\/\/chesterboots.pt\/fr\/produit\/embauchoir\/","title":{"rendered":"Embauchoir"},"content":{"rendered":"<p>Maintenir la forme initiale de vos bottes est un d\u00e9fi difficile. C&rsquo;est pourquoi nos formes doivent \u00eatre choisies par vous. Elles sont facilement ajustables \u00e0 nos mod\u00e8les de bottes d&rsquo;\u00e9quitation.<\/p>\n","protected":false},"excerpt":{"rendered":"<p>Maintenir la forme initiale de vos bottes est un d\u00e9fi difficile. C&rsquo;est pourquoi nos formes doivent \u00eatre choisies par vous. Elles sont facilement ajustables \u00e0 nos mod\u00e8les de bottes d&rsquo;\u00e9quitation.<\/p>\n","protected":false},"featured_media":1839,"template":"","meta":{"_acf_changed":false},"product_brand":[],"product_cat":[222],"product_tag":[],"class_list":{"0":"post-3012","1":"product","2":"type-product","3":"status-publish","4":"has-post-thumbnail","6":"product_cat-accessoires","8":"first","9":"instock","10":"shipping-taxable","11":"purchasable","12":"product-type-simple"},"acf":[],"_links":{"self":[{"href":"https:\/\/chesterboots.pt\/fr\/wp-json\/wp\/v2\/product\/3012","targetHints":{"allow":["GET"]}}],"collection":[{"href":"https:\/\/chesterboots.pt\/fr\/wp-json\/wp\/v2\/product"}],"about":[{"href":"https:\/\/chesterboots.pt\/fr\/wp-json\/wp\/v2\/types\/product"}],"wp:featuredmedia":[{"embeddable":true,"href":"https:\/\/chesterboots.pt\/fr\/wp-json\/wp\/v2\/media\/1839"}],"wp:attachment":[{"href":"https:\/\/chesterboots.pt\/fr\/wp-json\/wp\/v2\/media?parent=3012"}],"wp:term":[{"taxonomy":"product_brand","embeddable":true,"href":"https:\/\/chesterboots.pt\/fr\/wp-json\/wp\/v2\/product_brand?post=3012"},{"taxonomy":"product_cat","embeddable":true,"href":"https:\/\/chesterboots.pt\/fr\/wp-json\/wp\/v2\/product_cat?post=3012"},{"taxonomy":"product_tag","embeddable":true,"href":"https:\/\/chesterboots.pt\/fr\/wp-json\/wp\/v2\/product_tag?post=3012"}],"curies":[{"name":"wp","href":"https:\/\/api.w.org\/{rel}","templated":true}]}}