{"id":3017,"date":"2024-08-30T10:25:58","date_gmt":"2024-08-30T10:25:58","guid":{"rendered":"https:\/\/miligram50.miligram.pt\/produto\/cunha\/"},"modified":"2025-09-12T13:42:25","modified_gmt":"2025-09-12T13:42:25","slug":"rehausseur-de-talon","status":"publish","type":"product","link":"https:\/\/chesterboots.pt\/fr\/produit\/rehausseur-de-talon\/","title":{"rendered":"Rehausseur de Talon"},"content":{"rendered":"<p>Les rehausseur de talon CHESTER avec doublure vegan orange offrent une \u00e9l\u00e9vation suppl\u00e9mentaire, apportant plus de confort et de stabilit\u00e9 tout en aidant \u00e0 am\u00e9liorer votre posture.<\/p>\n<ul>\n<li>S (tailles 35-38)\u00a0: 10,1 cm de longueur x 6,2 cm de largeur x 1,3 cm de hauteur<\/li>\n<li>M (tailles 39-42)\u00a0: 10,5 cm de longueur x 6,6 cm de largeur x 1,3 cm de hauteur<\/li>\n<li>L (tailles 43-45)\u00a0: 11,1 cm de longueur x 7,1 cm de largeur x 1,3 cm de hauteur<\/li>\n<\/ul>\n","protected":false},"excerpt":{"rendered":"<p>Les rehausseur de talon CHESTER avec doublure vegan orange offrent une \u00e9l\u00e9vation suppl\u00e9mentaire, apportant plus de confort et de stabilit\u00e9 tout en aidant \u00e0 am\u00e9liorer votre posture. S (tailles 35-38)\u00a0: 10,1 cm de longueur x 6,2 cm de largeur x 1,3 cm de hauteur M (tailles 39-42)\u00a0: 10,5 cm de longueur x 6,6 cm de [&hellip;]<\/p>\n","protected":false},"featured_media":4643,"template":"","meta":{"_acf_changed":false},"product_brand":[],"product_cat":[222],"product_tag":[],"class_list":{"0":"post-3017","1":"product","2":"type-product","3":"status-publish","4":"has-post-thumbnail","6":"product_cat-accessoires","8":"first","9":"instock","10":"shipping-taxable","11":"purchasable","12":"product-type-variable"},"acf":[],"_links":{"self":[{"href":"https:\/\/chesterboots.pt\/fr\/wp-json\/wp\/v2\/product\/3017","targetHints":{"allow":["GET"]}}],"collection":[{"href":"https:\/\/chesterboots.pt\/fr\/wp-json\/wp\/v2\/product"}],"about":[{"href":"https:\/\/chesterboots.pt\/fr\/wp-json\/wp\/v2\/types\/product"}],"wp:featuredmedia":[{"embeddable":true,"href":"https:\/\/chesterboots.pt\/fr\/wp-json\/wp\/v2\/media\/4643"}],"wp:attachment":[{"href":"https:\/\/chesterboots.pt\/fr\/wp-json\/wp\/v2\/media?parent=3017"}],"wp:term":[{"taxonomy":"product_brand","embeddable":true,"href":"https:\/\/chesterboots.pt\/fr\/wp-json\/wp\/v2\/product_brand?post=3017"},{"taxonomy":"product_cat","embeddable":true,"href":"https:\/\/chesterboots.pt\/fr\/wp-json\/wp\/v2\/product_cat?post=3017"},{"taxonomy":"product_tag","embeddable":true,"href":"https:\/\/chesterboots.pt\/fr\/wp-json\/wp\/v2\/product_tag?post=3017"}],"curies":[{"name":"wp","href":"https:\/\/api.w.org\/{rel}","templated":true}]}}