{"id":3024,"date":"2024-08-30T10:18:56","date_gmt":"2024-08-30T10:18:56","guid":{"rendered":"https:\/\/miligram50.miligram.pt\/produto\/saco-de-botas\/"},"modified":"2025-08-28T10:27:22","modified_gmt":"2025-08-28T10:27:22","slug":"sac-a-bottes","status":"publish","type":"product","link":"https:\/\/chesterboots.pt\/fr\/produit\/sac-a-bottes\/","title":{"rendered":"Sac \u00e0 bottes"},"content":{"rendered":"<p>Conserver vos bottes est essentiel pour garantir leur durabilit\u00e9. Voici notre proposition: un sac \u00e9l\u00e9gant et fonctionnel avec une poign\u00e9e r\u00e9glable.<\/p>\n","protected":false},"excerpt":{"rendered":"<p>Conserver vos bottes est essentiel pour garantir leur durabilit\u00e9. Voici notre proposition: un sac \u00e9l\u00e9gant et fonctionnel avec une poign\u00e9e r\u00e9glable.<\/p>\n","protected":false},"featured_media":1818,"template":"","meta":{"_acf_changed":false},"product_brand":[],"product_cat":[222],"product_tag":[],"class_list":{"0":"post-3024","1":"product","2":"type-product","3":"status-publish","4":"has-post-thumbnail","6":"product_cat-accessoires","8":"first","9":"instock","10":"shipping-taxable","11":"purchasable","12":"product-type-simple"},"acf":[],"_links":{"self":[{"href":"https:\/\/chesterboots.pt\/fr\/wp-json\/wp\/v2\/product\/3024","targetHints":{"allow":["GET"]}}],"collection":[{"href":"https:\/\/chesterboots.pt\/fr\/wp-json\/wp\/v2\/product"}],"about":[{"href":"https:\/\/chesterboots.pt\/fr\/wp-json\/wp\/v2\/types\/product"}],"wp:featuredmedia":[{"embeddable":true,"href":"https:\/\/chesterboots.pt\/fr\/wp-json\/wp\/v2\/media\/1818"}],"wp:attachment":[{"href":"https:\/\/chesterboots.pt\/fr\/wp-json\/wp\/v2\/media?parent=3024"}],"wp:term":[{"taxonomy":"product_brand","embeddable":true,"href":"https:\/\/chesterboots.pt\/fr\/wp-json\/wp\/v2\/product_brand?post=3024"},{"taxonomy":"product_cat","embeddable":true,"href":"https:\/\/chesterboots.pt\/fr\/wp-json\/wp\/v2\/product_cat?post=3024"},{"taxonomy":"product_tag","embeddable":true,"href":"https:\/\/chesterboots.pt\/fr\/wp-json\/wp\/v2\/product_tag?post=3024"}],"curies":[{"name":"wp","href":"https:\/\/api.w.org\/{rel}","templated":true}]}}