{"id":3045,"date":"2024-08-30T09:43:40","date_gmt":"2024-08-30T09:43:40","guid":{"rendered":"https:\/\/miligram50.miligram.pt\/produto\/chester-sock-trainers\/"},"modified":"2025-10-24T14:45:57","modified_gmt":"2025-10-24T14:45:57","slug":"chester-sock-trainers","status":"publish","type":"product","link":"https:\/\/chesterboots.pt\/fr\/produit\/chester-sock-trainers\/","title":{"rendered":"Chester Sock Trainers"},"content":{"rendered":"<p>Des baskets en maille qui garantissent l\u00e9g\u00e8ret\u00e9 et confort, parfaites pour le quotidien ou pour se d\u00e9tendre apr\u00e8s l&rsquo;entra\u00eenement. Fabriqu\u00e9es avec 100 % de maille textile et un talon renforc\u00e9, ces baskets offrent une exp\u00e9rience unique. La semelle EVA bicolore avec caoutchouc offre un soutien flexible, rendant chaque pas plus confortable.<\/p>\n","protected":false},"excerpt":{"rendered":"<p>Des baskets en maille qui garantissent l\u00e9g\u00e8ret\u00e9 et confort, parfaites pour le quotidien ou pour se d\u00e9tendre apr\u00e8s l&rsquo;entra\u00eenement. Fabriqu\u00e9es avec 100 % de maille textile et un talon renforc\u00e9, ces baskets offrent une exp\u00e9rience unique. La semelle EVA bicolore avec caoutchouc offre un soutien flexible, rendant chaque pas plus confortable.<\/p>\n","protected":false},"featured_media":4446,"template":"","meta":{"_acf_changed":false},"product_brand":[],"product_cat":[221,225],"product_tag":[],"class_list":{"0":"post-3045","1":"product","2":"type-product","3":"status-publish","4":"has-post-thumbnail","6":"product_cat-chaussures-dexterieur","7":"product_cat-ligne-sport","9":"first","10":"instock","11":"shipping-taxable","12":"purchasable","13":"product-type-variable"},"acf":[],"_links":{"self":[{"href":"https:\/\/chesterboots.pt\/fr\/wp-json\/wp\/v2\/product\/3045","targetHints":{"allow":["GET"]}}],"collection":[{"href":"https:\/\/chesterboots.pt\/fr\/wp-json\/wp\/v2\/product"}],"about":[{"href":"https:\/\/chesterboots.pt\/fr\/wp-json\/wp\/v2\/types\/product"}],"wp:featuredmedia":[{"embeddable":true,"href":"https:\/\/chesterboots.pt\/fr\/wp-json\/wp\/v2\/media\/4446"}],"wp:attachment":[{"href":"https:\/\/chesterboots.pt\/fr\/wp-json\/wp\/v2\/media?parent=3045"}],"wp:term":[{"taxonomy":"product_brand","embeddable":true,"href":"https:\/\/chesterboots.pt\/fr\/wp-json\/wp\/v2\/product_brand?post=3045"},{"taxonomy":"product_cat","embeddable":true,"href":"https:\/\/chesterboots.pt\/fr\/wp-json\/wp\/v2\/product_cat?post=3045"},{"taxonomy":"product_tag","embeddable":true,"href":"https:\/\/chesterboots.pt\/fr\/wp-json\/wp\/v2\/product_tag?post=3045"}],"curies":[{"name":"wp","href":"https:\/\/api.w.org\/{rel}","templated":true}]}}