{"id":3053,"date":"2024-08-29T16:56:00","date_gmt":"2024-08-29T16:56:00","guid":{"rendered":"https:\/\/miligram50.miligram.pt\/produto\/polaina-de-equitacao-classic-soft-preto\/"},"modified":"2025-11-07T10:16:46","modified_gmt":"2025-11-07T10:16:46","slug":"guetres-dequitation-classic-soft-noir","status":"publish","type":"product","link":"https:\/\/chesterboots.pt\/fr\/produit\/guetres-dequitation-classic-soft-noir\/","title":{"rendered":"Gu\u00eatres d&rsquo;\u00c9quitation Classic Soft Noir"},"content":{"rendered":"<p>Les gu\u00eatres Classic Soft sont des gu\u00eatres de \u00e9quitation en cuir noir souple, pouvant \u00eatre associ\u00e9es aux bottines Dandy Soft II ou Devon Soft II. Le panneau \u00e9lastique permet un ajustement id\u00e9al \u00e0 vos jambes.<\/p>\n","protected":false},"excerpt":{"rendered":"<p>Les gu\u00eatres Classic Soft sont des gu\u00eatres de \u00e9quitation en cuir noir souple, pouvant \u00eatre associ\u00e9es aux bottines Dandy Soft II ou Devon Soft II. Le panneau \u00e9lastique permet un ajustement id\u00e9al \u00e0 vos jambes.<\/p>\n","protected":false},"featured_media":1759,"template":"","meta":{"_acf_changed":false},"product_brand":[],"product_cat":[224,227],"product_tag":[],"class_list":{"0":"post-3053","1":"product","2":"type-product","3":"status-publish","4":"has-post-thumbnail","6":"product_cat-ligne-soft","7":"product_cat-guetres","9":"first","10":"instock","11":"shipping-taxable","12":"purchasable","13":"product-type-variable"},"acf":[],"_links":{"self":[{"href":"https:\/\/chesterboots.pt\/fr\/wp-json\/wp\/v2\/product\/3053","targetHints":{"allow":["GET"]}}],"collection":[{"href":"https:\/\/chesterboots.pt\/fr\/wp-json\/wp\/v2\/product"}],"about":[{"href":"https:\/\/chesterboots.pt\/fr\/wp-json\/wp\/v2\/types\/product"}],"wp:featuredmedia":[{"embeddable":true,"href":"https:\/\/chesterboots.pt\/fr\/wp-json\/wp\/v2\/media\/1759"}],"wp:attachment":[{"href":"https:\/\/chesterboots.pt\/fr\/wp-json\/wp\/v2\/media?parent=3053"}],"wp:term":[{"taxonomy":"product_brand","embeddable":true,"href":"https:\/\/chesterboots.pt\/fr\/wp-json\/wp\/v2\/product_brand?post=3053"},{"taxonomy":"product_cat","embeddable":true,"href":"https:\/\/chesterboots.pt\/fr\/wp-json\/wp\/v2\/product_cat?post=3053"},{"taxonomy":"product_tag","embeddable":true,"href":"https:\/\/chesterboots.pt\/fr\/wp-json\/wp\/v2\/product_tag?post=3053"}],"curies":[{"name":"wp","href":"https:\/\/api.w.org\/{rel}","templated":true}]}}