{"id":3061,"date":"2024-08-29T16:51:12","date_gmt":"2024-08-29T16:51:12","guid":{"rendered":"https:\/\/miligram50.miligram.pt\/produto\/polaina-de-equitacao-olympia-half-chap-preto\/"},"modified":"2025-11-07T10:17:07","modified_gmt":"2025-11-07T10:17:07","slug":"guetres-dequitation-olympia-half-chap-noir","status":"publish","type":"product","link":"https:\/\/chesterboots.pt\/fr\/produit\/guetres-dequitation-olympia-half-chap-noir\/","title":{"rendered":"Gu\u00eatres d&rsquo;\u00c9quitation Olympia Half Chap Noir"},"content":{"rendered":"<p>Les Olympia Half Chaps sont des gu\u00eatres de \u00e9quitation avec un panneau lat\u00e9ral en TPU et une gravure exclusive CHESTER. Avec une doublure antibact\u00e9rienne et respirante, ce mod\u00e8le doit \u00eatre associ\u00e9 aux bottines en cuir Olympia.<\/p>\n","protected":false},"excerpt":{"rendered":"<p>Les Olympia Half Chaps sont des gu\u00eatres de \u00e9quitation avec un panneau lat\u00e9ral en TPU et une gravure exclusive CHESTER. Avec une doublure antibact\u00e9rienne et respirante, ce mod\u00e8le doit \u00eatre associ\u00e9 aux bottines en cuir Olympia.<\/p>\n","protected":false},"featured_media":1752,"template":"","meta":{"_acf_changed":false},"product_brand":[],"product_cat":[225,227],"product_tag":[],"class_list":{"0":"post-3061","1":"product","2":"type-product","3":"status-publish","4":"has-post-thumbnail","6":"product_cat-ligne-sport","7":"product_cat-guetres","9":"first","10":"instock","11":"shipping-taxable","12":"purchasable","13":"product-type-variable"},"acf":[],"_links":{"self":[{"href":"https:\/\/chesterboots.pt\/fr\/wp-json\/wp\/v2\/product\/3061","targetHints":{"allow":["GET"]}}],"collection":[{"href":"https:\/\/chesterboots.pt\/fr\/wp-json\/wp\/v2\/product"}],"about":[{"href":"https:\/\/chesterboots.pt\/fr\/wp-json\/wp\/v2\/types\/product"}],"wp:featuredmedia":[{"embeddable":true,"href":"https:\/\/chesterboots.pt\/fr\/wp-json\/wp\/v2\/media\/1752"}],"wp:attachment":[{"href":"https:\/\/chesterboots.pt\/fr\/wp-json\/wp\/v2\/media?parent=3061"}],"wp:term":[{"taxonomy":"product_brand","embeddable":true,"href":"https:\/\/chesterboots.pt\/fr\/wp-json\/wp\/v2\/product_brand?post=3061"},{"taxonomy":"product_cat","embeddable":true,"href":"https:\/\/chesterboots.pt\/fr\/wp-json\/wp\/v2\/product_cat?post=3061"},{"taxonomy":"product_tag","embeddable":true,"href":"https:\/\/chesterboots.pt\/fr\/wp-json\/wp\/v2\/product_tag?post=3061"}],"curies":[{"name":"wp","href":"https:\/\/api.w.org\/{rel}","templated":true}]}}