{"id":3069,"date":"2024-08-29T16:35:11","date_gmt":"2024-08-29T16:35:11","guid":{"rendered":"https:\/\/miligram50.miligram.pt\/produto\/polaina-de-equitacao-classic-conhaque\/"},"modified":"2025-11-07T10:17:27","modified_gmt":"2025-11-07T10:17:27","slug":"guetres-dequitation-classic-cognac","status":"publish","type":"product","link":"https:\/\/chesterboots.pt\/fr\/produit\/guetres-dequitation-classic-cognac\/","title":{"rendered":"Gu\u00eatres d\u2019\u00c9quitation Classic Cognac"},"content":{"rendered":"<p>Les gu\u00eatres de \u00e9quitation Classic en cuir pull-up cognac sont le compl\u00e9ment id\u00e9al pour le quotidien du cavalier. Avec une doublure en aniline de porc et un panneau \u00e9lastique pour un meilleur ajustement \u00e0 vos jambes. Vous pouvez \u00e9galement les associer \u00e0 nos bottines Vienna pour un ensemble parfait.<\/p>\n","protected":false},"excerpt":{"rendered":"<p>Les gu\u00eatres de \u00e9quitation Classic en cuir pull-up cognac sont le compl\u00e9ment id\u00e9al pour le quotidien du cavalier. Avec une doublure en aniline de porc et un panneau \u00e9lastique pour un meilleur ajustement \u00e0 vos jambes. Vous pouvez \u00e9galement les associer \u00e0 nos bottines Vienna pour un ensemble parfait.<\/p>\n","protected":false},"featured_media":1745,"template":"","meta":{"_acf_changed":false},"product_brand":[],"product_cat":[223,227],"product_tag":[],"class_list":{"0":"post-3069","1":"product","2":"type-product","3":"status-publish","4":"has-post-thumbnail","6":"product_cat-ligne-high-end","7":"product_cat-guetres","9":"first","10":"instock","11":"shipping-taxable","12":"purchasable","13":"product-type-variable"},"acf":[],"_links":{"self":[{"href":"https:\/\/chesterboots.pt\/fr\/wp-json\/wp\/v2\/product\/3069","targetHints":{"allow":["GET"]}}],"collection":[{"href":"https:\/\/chesterboots.pt\/fr\/wp-json\/wp\/v2\/product"}],"about":[{"href":"https:\/\/chesterboots.pt\/fr\/wp-json\/wp\/v2\/types\/product"}],"wp:featuredmedia":[{"embeddable":true,"href":"https:\/\/chesterboots.pt\/fr\/wp-json\/wp\/v2\/media\/1745"}],"wp:attachment":[{"href":"https:\/\/chesterboots.pt\/fr\/wp-json\/wp\/v2\/media?parent=3069"}],"wp:term":[{"taxonomy":"product_brand","embeddable":true,"href":"https:\/\/chesterboots.pt\/fr\/wp-json\/wp\/v2\/product_brand?post=3069"},{"taxonomy":"product_cat","embeddable":true,"href":"https:\/\/chesterboots.pt\/fr\/wp-json\/wp\/v2\/product_cat?post=3069"},{"taxonomy":"product_tag","embeddable":true,"href":"https:\/\/chesterboots.pt\/fr\/wp-json\/wp\/v2\/product_tag?post=3069"}],"curies":[{"name":"wp","href":"https:\/\/api.w.org\/{rel}","templated":true}]}}