{"id":3085,"date":"2024-08-29T13:29:16","date_gmt":"2024-08-29T13:29:16","guid":{"rendered":"https:\/\/miligram50.miligram.pt\/produto\/botins-em-pele-vienna-conhaque-pull-up\/"},"modified":"2025-10-24T14:50:32","modified_gmt":"2025-10-24T14:50:32","slug":"bottines-en-cuir-vienna-cognac-pull-up","status":"publish","type":"product","link":"https:\/\/chesterboots.pt\/fr\/produit\/bottines-en-cuir-vienna-cognac-pull-up\/","title":{"rendered":"Bottines en cuir Vienna Cognac Pull Up"},"content":{"rendered":"<p>Les bottines Vienna sont fabriqu\u00e9es en cuir pull-up avec diff\u00e9rentes nuances, une caract\u00e9ristique naturelle de ce type de cuir. Elles se distinguent par leur design classique et sophistiqu\u00e9, ainsi que par leur bout perfor\u00e9 et leur d\u00e9tail floral. La fermeture \u00e9clair lat\u00e9rale et les lacets sont une excellente combinaison pour faciliter l&rsquo;enfilage et le retrait.<br \/>\nLa semelle int\u00e9rieure anatomique amovible garantit un confort suppl\u00e9mentaire pour que vous vous sentiez bien et pr\u00eat \u00e0 relever tous les d\u00e9fis.<\/p>\n","protected":false},"excerpt":{"rendered":"<p>Les bottines Vienna sont fabriqu\u00e9es en cuir pull-up avec diff\u00e9rentes nuances, une caract\u00e9ristique naturelle de ce type de cuir. Elles se distinguent par leur design classique et sophistiqu\u00e9, ainsi que par leur bout perfor\u00e9 et leur d\u00e9tail floral. La fermeture \u00e9clair lat\u00e9rale et les lacets sont une excellente combinaison pour faciliter l&rsquo;enfilage et le retrait. [&hellip;]<\/p>\n","protected":false},"featured_media":4471,"template":"","meta":{"_acf_changed":false},"product_brand":[],"product_cat":[223,220],"product_tag":[],"class_list":{"0":"post-3085","1":"product","2":"type-product","3":"status-publish","4":"has-post-thumbnail","6":"product_cat-ligne-high-end","7":"product_cat-bottines","9":"first","10":"instock","11":"shipping-taxable","12":"purchasable","13":"product-type-variable"},"acf":[],"_links":{"self":[{"href":"https:\/\/chesterboots.pt\/fr\/wp-json\/wp\/v2\/product\/3085","targetHints":{"allow":["GET"]}}],"collection":[{"href":"https:\/\/chesterboots.pt\/fr\/wp-json\/wp\/v2\/product"}],"about":[{"href":"https:\/\/chesterboots.pt\/fr\/wp-json\/wp\/v2\/types\/product"}],"wp:featuredmedia":[{"embeddable":true,"href":"https:\/\/chesterboots.pt\/fr\/wp-json\/wp\/v2\/media\/4471"}],"wp:attachment":[{"href":"https:\/\/chesterboots.pt\/fr\/wp-json\/wp\/v2\/media?parent=3085"}],"wp:term":[{"taxonomy":"product_brand","embeddable":true,"href":"https:\/\/chesterboots.pt\/fr\/wp-json\/wp\/v2\/product_brand?post=3085"},{"taxonomy":"product_cat","embeddable":true,"href":"https:\/\/chesterboots.pt\/fr\/wp-json\/wp\/v2\/product_cat?post=3085"},{"taxonomy":"product_tag","embeddable":true,"href":"https:\/\/chesterboots.pt\/fr\/wp-json\/wp\/v2\/product_tag?post=3085"}],"curies":[{"name":"wp","href":"https:\/\/api.w.org\/{rel}","templated":true}]}}