{"id":3149,"date":"2024-08-29T11:28:04","date_gmt":"2024-08-29T11:28:04","guid":{"rendered":"https:\/\/miligram50.miligram.pt\/produto\/botins-em-pele-derby-preto\/"},"modified":"2025-10-24T14:56:13","modified_gmt":"2025-10-24T14:56:13","slug":"bottines-en-cuir-derby-noir","status":"publish","type":"product","link":"https:\/\/chesterboots.pt\/fr\/produit\/bottines-en-cuir-derby-noir\/","title":{"rendered":"Bottines en cuir Derby Noir"},"content":{"rendered":"<p>Bottines noires en cuir avec fermeture \u00e9clair \u00e0 l&rsquo;arri\u00e8re. Les lacets assurent un ajustement parfait au pied du cavalier.<br \/>\nLa semelle en caoutchouc est r\u00e9sistante, et la m\u00e9thode de couture Blake augmente consid\u00e9rablement sa durabilit\u00e9, lui conf\u00e9rant un aspect \u00e9l\u00e9gant.<\/p>\n","protected":false},"excerpt":{"rendered":"<p>Bottines noires en cuir avec fermeture \u00e9clair \u00e0 l&rsquo;arri\u00e8re. Les lacets assurent un ajustement parfait au pied du cavalier. La semelle en caoutchouc est r\u00e9sistante, et la m\u00e9thode de couture Blake augmente consid\u00e9rablement sa durabilit\u00e9, lui conf\u00e9rant un aspect \u00e9l\u00e9gant.<\/p>\n","protected":false},"featured_media":4608,"template":"","meta":{"_acf_changed":false},"product_brand":[],"product_cat":[220,226],"product_tag":[],"class_list":{"0":"post-3149","1":"product","2":"type-product","3":"status-publish","4":"has-post-thumbnail","6":"product_cat-bottines","7":"product_cat-ligne-work","9":"first","10":"instock","11":"shipping-taxable","12":"purchasable","13":"product-type-variable"},"acf":[],"_links":{"self":[{"href":"https:\/\/chesterboots.pt\/fr\/wp-json\/wp\/v2\/product\/3149","targetHints":{"allow":["GET"]}}],"collection":[{"href":"https:\/\/chesterboots.pt\/fr\/wp-json\/wp\/v2\/product"}],"about":[{"href":"https:\/\/chesterboots.pt\/fr\/wp-json\/wp\/v2\/types\/product"}],"wp:featuredmedia":[{"embeddable":true,"href":"https:\/\/chesterboots.pt\/fr\/wp-json\/wp\/v2\/media\/4608"}],"wp:attachment":[{"href":"https:\/\/chesterboots.pt\/fr\/wp-json\/wp\/v2\/media?parent=3149"}],"wp:term":[{"taxonomy":"product_brand","embeddable":true,"href":"https:\/\/chesterboots.pt\/fr\/wp-json\/wp\/v2\/product_brand?post=3149"},{"taxonomy":"product_cat","embeddable":true,"href":"https:\/\/chesterboots.pt\/fr\/wp-json\/wp\/v2\/product_cat?post=3149"},{"taxonomy":"product_tag","embeddable":true,"href":"https:\/\/chesterboots.pt\/fr\/wp-json\/wp\/v2\/product_tag?post=3149"}],"curies":[{"name":"wp","href":"https:\/\/api.w.org\/{rel}","templated":true}]}}