{"id":3165,"date":"2024-08-29T11:10:30","date_gmt":"2024-08-29T11:10:30","guid":{"rendered":"https:\/\/miligram50.miligram.pt\/produto\/botas-de-equitacao-dublin-preto\/"},"modified":"2025-11-12T15:39:14","modified_gmt":"2025-11-12T15:39:14","slug":"bottes-dequitation-dublin-noir","status":"publish","type":"product","link":"https:\/\/chesterboots.pt\/fr\/produit\/bottes-dequitation-dublin-noir\/","title":{"rendered":"Bottes d\u2019\u00c9quitation Dublin Noir"},"content":{"rendered":"<p>Les premi\u00e8res comp\u00e9titions \u00e9questres au monde remontent \u00e0 1864 \u00e0 Dublin.<br \/>\nLes bottes noires Dublin sont fabriqu\u00e9es en cuir de haute qualit\u00e9 et sont id\u00e9ales pour les passionn\u00e9s de saut d&rsquo;obstacles.<br \/>\nLe discret d\u00e9tail en vernis noir au sommet les rend distinctes et \u00e9l\u00e9gantes. Le cuir grip sur le c\u00f4t\u00e9 int\u00e9rieur de la tige augmente le contact avec le cheval, tandis que la doublure vegan, antibact\u00e9rienne et respirante, am\u00e9liore la sensation de fra\u00eecheur.<br \/>\nLa semelle est en caoutchouc r\u00e9sistant. Les lacets assurent un ajustement parfait autour du pied du cavalier. Au niveau du talon, une protection de fermeture assure sa pr\u00e9servation et sa durabilit\u00e9, et notre nouvelle \u00e9peron offre une s\u00e9curit\u00e9 accrue lors de la pratique du jumping.<\/p>\n","protected":false},"excerpt":{"rendered":"<p>Les premi\u00e8res comp\u00e9titions \u00e9questres au monde remontent \u00e0 1864 \u00e0 Dublin. Les bottes noires Dublin sont fabriqu\u00e9es en cuir de haute qualit\u00e9 et sont id\u00e9ales pour les passionn\u00e9s de saut d&rsquo;obstacles. Le discret d\u00e9tail en vernis noir au sommet les rend distinctes et \u00e9l\u00e9gantes. Le cuir grip sur le c\u00f4t\u00e9 int\u00e9rieur de la tige augmente [&hellip;]<\/p>\n","protected":false},"featured_media":8285,"template":"","meta":{"_acf_changed":false},"product_brand":[],"product_cat":[219,225],"product_tag":[724],"class_list":{"0":"post-3165","1":"product","2":"type-product","3":"status-publish","4":"has-post-thumbnail","6":"product_cat-bottes-d-equitation","7":"product_cat-ligne-sport","8":"product_tag-bottes-de-saut","10":"first","11":"instock","12":"shipping-taxable","13":"purchasable","14":"product-type-variable"},"acf":[],"_links":{"self":[{"href":"https:\/\/chesterboots.pt\/fr\/wp-json\/wp\/v2\/product\/3165","targetHints":{"allow":["GET"]}}],"collection":[{"href":"https:\/\/chesterboots.pt\/fr\/wp-json\/wp\/v2\/product"}],"about":[{"href":"https:\/\/chesterboots.pt\/fr\/wp-json\/wp\/v2\/types\/product"}],"wp:featuredmedia":[{"embeddable":true,"href":"https:\/\/chesterboots.pt\/fr\/wp-json\/wp\/v2\/media\/8285"}],"wp:attachment":[{"href":"https:\/\/chesterboots.pt\/fr\/wp-json\/wp\/v2\/media?parent=3165"}],"wp:term":[{"taxonomy":"product_brand","embeddable":true,"href":"https:\/\/chesterboots.pt\/fr\/wp-json\/wp\/v2\/product_brand?post=3165"},{"taxonomy":"product_cat","embeddable":true,"href":"https:\/\/chesterboots.pt\/fr\/wp-json\/wp\/v2\/product_cat?post=3165"},{"taxonomy":"product_tag","embeddable":true,"href":"https:\/\/chesterboots.pt\/fr\/wp-json\/wp\/v2\/product_tag?post=3165"}],"curies":[{"name":"wp","href":"https:\/\/api.w.org\/{rel}","templated":true}]}}