{"id":3181,"date":"2024-08-29T11:07:35","date_gmt":"2024-08-29T11:07:35","guid":{"rendered":"https:\/\/miligram50.miligram.pt\/produto\/botas-de-equitacao-ocala-soft-preto\/"},"modified":"2025-10-24T14:59:14","modified_gmt":"2025-10-24T14:59:14","slug":"bottes-dequitation-ocala-soft-noir","status":"publish","type":"product","link":"https:\/\/chesterboots.pt\/fr\/produit\/bottes-dequitation-ocala-soft-noir\/","title":{"rendered":"Bottes d\u2019\u00c9quitation Ocala Soft Noir"},"content":{"rendered":"<p>En hommage \u00e0 la c\u00e9l\u00e8bre \u00ab\u00a0capitale mondiale du cheval\u00a0\u00bb, ces bottes noires sont id\u00e9ales pour toutes les disciplines \u00e9questres, du saut d&rsquo;obstacles \u00e0 la dressage. Fabriqu\u00e9es en cuir souple de haute qualit\u00e9, elles disposent \u00e9galement de cuir antid\u00e9rapant sur le c\u00f4t\u00e9 int\u00e9rieur de la tige, ce qui am\u00e9liore la sensation de contact avec le cheval. La protection de fermeture au niveau du talon augmente la durabilit\u00e9 de la fermeture, et le support double pour \u00e9perons am\u00e9liore le contr\u00f4le des \u00e9perons et la communication avec le cheval.<\/p>\n","protected":false},"excerpt":{"rendered":"<p>En hommage \u00e0 la c\u00e9l\u00e8bre \u00ab\u00a0capitale mondiale du cheval\u00a0\u00bb, ces bottes noires sont id\u00e9ales pour toutes les disciplines \u00e9questres, du saut d&rsquo;obstacles \u00e0 la dressage. Fabriqu\u00e9es en cuir souple de haute qualit\u00e9, elles disposent \u00e9galement de cuir antid\u00e9rapant sur le c\u00f4t\u00e9 int\u00e9rieur de la tige, ce qui am\u00e9liore la sensation de contact avec le cheval. [&hellip;]<\/p>\n","protected":false},"featured_media":8807,"template":"","meta":{"_acf_changed":false},"product_brand":[],"product_cat":[219,224],"product_tag":[724],"class_list":{"0":"post-3181","1":"product","2":"type-product","3":"status-publish","4":"has-post-thumbnail","6":"product_cat-bottes-d-equitation","7":"product_cat-ligne-soft","8":"product_tag-bottes-de-saut","10":"first","11":"instock","12":"shipping-taxable","13":"purchasable","14":"product-type-variable"},"acf":[],"_links":{"self":[{"href":"https:\/\/chesterboots.pt\/fr\/wp-json\/wp\/v2\/product\/3181","targetHints":{"allow":["GET"]}}],"collection":[{"href":"https:\/\/chesterboots.pt\/fr\/wp-json\/wp\/v2\/product"}],"about":[{"href":"https:\/\/chesterboots.pt\/fr\/wp-json\/wp\/v2\/types\/product"}],"wp:featuredmedia":[{"embeddable":true,"href":"https:\/\/chesterboots.pt\/fr\/wp-json\/wp\/v2\/media\/8807"}],"wp:attachment":[{"href":"https:\/\/chesterboots.pt\/fr\/wp-json\/wp\/v2\/media?parent=3181"}],"wp:term":[{"taxonomy":"product_brand","embeddable":true,"href":"https:\/\/chesterboots.pt\/fr\/wp-json\/wp\/v2\/product_brand?post=3181"},{"taxonomy":"product_cat","embeddable":true,"href":"https:\/\/chesterboots.pt\/fr\/wp-json\/wp\/v2\/product_cat?post=3181"},{"taxonomy":"product_tag","embeddable":true,"href":"https:\/\/chesterboots.pt\/fr\/wp-json\/wp\/v2\/product_tag?post=3181"}],"curies":[{"name":"wp","href":"https:\/\/api.w.org\/{rel}","templated":true}]}}