{"id":3189,"date":"2024-08-29T11:04:47","date_gmt":"2024-08-29T11:04:47","guid":{"rendered":"https:\/\/miligram50.miligram.pt\/produto\/botas-de-equitacao-jumping-soft-ii-castanho\/"},"modified":"2025-12-12T09:44:13","modified_gmt":"2025-12-12T09:44:13","slug":"bottes-dequitation-jumping-soft-marron-ii","status":"publish","type":"product","link":"https:\/\/chesterboots.pt\/fr\/produit\/bottes-dequitation-jumping-soft-marron-ii\/","title":{"rendered":"Bottes d&rsquo;\u00c9quitation Jumping Soft II Marron"},"content":{"rendered":"<p>Fabriqu\u00e9es en cuir de haute qualit\u00e9, ces bottes marron, con\u00e7ues pour le Jumping, permettent un contact s\u00e9curis\u00e9 avec le cheval, gr\u00e2ce au d\u00e9tail en cuir antid\u00e9rapant sur le c\u00f4t\u00e9 int\u00e9rieur de la tige.<br \/>\nLa doublure vegan est antibact\u00e9rienne et respirante, offrant confort tout au long de la journ\u00e9e.<\/p>\n<p>La semelle en caoutchouc offre traction et stabilit\u00e9 ; les lacets assurent un ajustement parfait et la protection de la fermeture \u00e0 glissi\u00e8re au niveau du talon augmente la durabilit\u00e9 de la fermeture. Avec le support double pour \u00e9perons, il y a un meilleur contr\u00f4le des \u00e9perons et une plus grande pr\u00e9cision des mouvements pendant la pratique de l&rsquo;\u00e9quitation.<\/p>\n","protected":false},"excerpt":{"rendered":"<p>Fabriqu\u00e9es en cuir de haute qualit\u00e9, ces bottes marron, con\u00e7ues pour le Jumping, permettent un contact s\u00e9curis\u00e9 avec le cheval, gr\u00e2ce au d\u00e9tail en cuir antid\u00e9rapant sur le c\u00f4t\u00e9 int\u00e9rieur de la tige. La doublure vegan est antibact\u00e9rienne et respirante, offrant confort tout au long de la journ\u00e9e. La semelle en caoutchouc offre traction et [&hellip;]<\/p>\n","protected":false},"featured_media":1496,"template":"","meta":{"_acf_changed":false},"product_brand":[],"product_cat":[224,219],"product_tag":[724],"class_list":{"0":"post-3189","1":"product","2":"type-product","3":"status-publish","4":"has-post-thumbnail","6":"product_cat-ligne-soft","7":"product_cat-bottes-d-equitation","8":"product_tag-bottes-de-saut","10":"first","11":"instock","12":"shipping-taxable","13":"purchasable","14":"product-type-variable"},"acf":[],"_links":{"self":[{"href":"https:\/\/chesterboots.pt\/fr\/wp-json\/wp\/v2\/product\/3189","targetHints":{"allow":["GET"]}}],"collection":[{"href":"https:\/\/chesterboots.pt\/fr\/wp-json\/wp\/v2\/product"}],"about":[{"href":"https:\/\/chesterboots.pt\/fr\/wp-json\/wp\/v2\/types\/product"}],"wp:featuredmedia":[{"embeddable":true,"href":"https:\/\/chesterboots.pt\/fr\/wp-json\/wp\/v2\/media\/1496"}],"wp:attachment":[{"href":"https:\/\/chesterboots.pt\/fr\/wp-json\/wp\/v2\/media?parent=3189"}],"wp:term":[{"taxonomy":"product_brand","embeddable":true,"href":"https:\/\/chesterboots.pt\/fr\/wp-json\/wp\/v2\/product_brand?post=3189"},{"taxonomy":"product_cat","embeddable":true,"href":"https:\/\/chesterboots.pt\/fr\/wp-json\/wp\/v2\/product_cat?post=3189"},{"taxonomy":"product_tag","embeddable":true,"href":"https:\/\/chesterboots.pt\/fr\/wp-json\/wp\/v2\/product_tag?post=3189"}],"curies":[{"name":"wp","href":"https:\/\/api.w.org\/{rel}","templated":true}]}}