{"id":3197,"date":"2024-08-29T09:39:23","date_gmt":"2024-08-29T09:39:23","guid":{"rendered":"https:\/\/miligram50.miligram.pt\/produto\/botas-de-equitacao-jumping-soft-ii-preto\/"},"modified":"2025-12-12T09:44:54","modified_gmt":"2025-12-12T09:44:54","slug":"bottes-dequitation-jumping-soft-noir-ii","status":"publish","type":"product","link":"https:\/\/chesterboots.pt\/fr\/produit\/bottes-dequitation-jumping-soft-noir-ii\/","title":{"rendered":"Bottes d\u2019\u00c9quitation Jumping Soft II Noir"},"content":{"rendered":"<p>Fabriqu\u00e9es en cuir de haute qualit\u00e9, ces bottes noires, con\u00e7ues pour le Jumping, permettent un contact s\u00e9curis\u00e9 avec le cheval, gr\u00e2ce au d\u00e9tail en cuir anti-d\u00e9rapant sur le c\u00f4t\u00e9 int\u00e9rieur de la tige.<\/p>\n<p>La doublure vegan est antibact\u00e9rienne et respirante, offrant un confort tout au long de la journ\u00e9e. La semelle en caoutchouc offre une excellente traction et stabilit\u00e9 ; les lacets assurent un ajustement parfait, et la protection du zip au niveau du talon augmente la durabilit\u00e9 de la fermeture. Avec le support double pour \u00e9perons, il y a un meilleur contr\u00f4le des \u00e9perons et une plus grande pr\u00e9cision des mouvements pendant la pratique de l&rsquo;\u00e9quitation.<\/p>\n","protected":false},"excerpt":{"rendered":"<p>Fabriqu\u00e9es en cuir de haute qualit\u00e9, ces bottes noires, con\u00e7ues pour le Jumping, permettent un contact s\u00e9curis\u00e9 avec le cheval, gr\u00e2ce au d\u00e9tail en cuir anti-d\u00e9rapant sur le c\u00f4t\u00e9 int\u00e9rieur de la tige. La doublure vegan est antibact\u00e9rienne et respirante, offrant un confort tout au long de la journ\u00e9e. La semelle en caoutchouc offre une [&hellip;]<\/p>\n","protected":false},"featured_media":8277,"template":"","meta":{"_acf_changed":false},"product_brand":[],"product_cat":[219,224],"product_tag":[724],"class_list":{"0":"post-3197","1":"product","2":"type-product","3":"status-publish","4":"has-post-thumbnail","6":"product_cat-bottes-d-equitation","7":"product_cat-ligne-soft","8":"product_tag-bottes-de-saut","10":"first","11":"instock","12":"shipping-taxable","13":"purchasable","14":"product-type-variable"},"acf":[],"_links":{"self":[{"href":"https:\/\/chesterboots.pt\/fr\/wp-json\/wp\/v2\/product\/3197","targetHints":{"allow":["GET"]}}],"collection":[{"href":"https:\/\/chesterboots.pt\/fr\/wp-json\/wp\/v2\/product"}],"about":[{"href":"https:\/\/chesterboots.pt\/fr\/wp-json\/wp\/v2\/types\/product"}],"wp:featuredmedia":[{"embeddable":true,"href":"https:\/\/chesterboots.pt\/fr\/wp-json\/wp\/v2\/media\/8277"}],"wp:attachment":[{"href":"https:\/\/chesterboots.pt\/fr\/wp-json\/wp\/v2\/media?parent=3197"}],"wp:term":[{"taxonomy":"product_brand","embeddable":true,"href":"https:\/\/chesterboots.pt\/fr\/wp-json\/wp\/v2\/product_brand?post=3197"},{"taxonomy":"product_cat","embeddable":true,"href":"https:\/\/chesterboots.pt\/fr\/wp-json\/wp\/v2\/product_cat?post=3197"},{"taxonomy":"product_tag","embeddable":true,"href":"https:\/\/chesterboots.pt\/fr\/wp-json\/wp\/v2\/product_tag?post=3197"}],"curies":[{"name":"wp","href":"https:\/\/api.w.org\/{rel}","templated":true}]}}