{"id":3203,"date":"2024-08-28T13:41:36","date_gmt":"2024-08-28T13:41:36","guid":{"rendered":"https:\/\/miligram50.miligram.pt\/produto\/botas-de-equitacao-tokyo-preto\/"},"modified":"2025-11-12T15:32:28","modified_gmt":"2025-11-12T15:32:28","slug":"bottes-dequitation-tokyo-noir","status":"publish","type":"product","link":"https:\/\/chesterboots.pt\/fr\/produit\/bottes-dequitation-tokyo-noir\/","title":{"rendered":"Bottes d\u2019\u00c9quitation Tokyo Noir"},"content":{"rendered":"<p>Ces bottes d&rsquo;\u00e9quitation, con\u00e7ues pour la pratique du saut d&rsquo;obstacles, allient innovation et s\u00e9curit\u00e9, inspir\u00e9es par le confort d&rsquo;une ballerine. Fabriqu\u00e9es en cuir souple de haute qualit\u00e9 et renforc\u00e9es par un panneau lat\u00e9ral en TPU avec gravure CHESTER, elles assurent un contact optimal avec le cheval. La doublure vegan est antibact\u00e9rienne et respirante. La semelle anatomique est amovible et s&rsquo;adapte au pied du cavalier, tandis que la semelle antid\u00e9rapante en TPU \u00e0 injection double offre une plus grande stabilit\u00e9 et un meilleur contr\u00f4le sur toutes les surfaces.<\/p>\n","protected":false},"excerpt":{"rendered":"<p>Ces bottes d&rsquo;\u00e9quitation, con\u00e7ues pour la pratique du saut d&rsquo;obstacles, allient innovation et s\u00e9curit\u00e9, inspir\u00e9es par le confort d&rsquo;une ballerine. Fabriqu\u00e9es en cuir souple de haute qualit\u00e9 et renforc\u00e9es par un panneau lat\u00e9ral en TPU avec gravure CHESTER, elles assurent un contact optimal avec le cheval. La doublure vegan est antibact\u00e9rienne et respirante. La semelle [&hellip;]<\/p>\n","protected":false},"featured_media":8795,"template":"","meta":{"_acf_changed":false},"product_brand":[],"product_cat":[225,219],"product_tag":[724],"class_list":{"0":"post-3203","1":"product","2":"type-product","3":"status-publish","4":"has-post-thumbnail","6":"product_cat-ligne-sport","7":"product_cat-bottes-d-equitation","8":"product_tag-bottes-de-saut","10":"first","11":"instock","12":"shipping-taxable","13":"purchasable","14":"product-type-variable"},"acf":[],"_links":{"self":[{"href":"https:\/\/chesterboots.pt\/fr\/wp-json\/wp\/v2\/product\/3203","targetHints":{"allow":["GET"]}}],"collection":[{"href":"https:\/\/chesterboots.pt\/fr\/wp-json\/wp\/v2\/product"}],"about":[{"href":"https:\/\/chesterboots.pt\/fr\/wp-json\/wp\/v2\/types\/product"}],"wp:featuredmedia":[{"embeddable":true,"href":"https:\/\/chesterboots.pt\/fr\/wp-json\/wp\/v2\/media\/8795"}],"wp:attachment":[{"href":"https:\/\/chesterboots.pt\/fr\/wp-json\/wp\/v2\/media?parent=3203"}],"wp:term":[{"taxonomy":"product_brand","embeddable":true,"href":"https:\/\/chesterboots.pt\/fr\/wp-json\/wp\/v2\/product_brand?post=3203"},{"taxonomy":"product_cat","embeddable":true,"href":"https:\/\/chesterboots.pt\/fr\/wp-json\/wp\/v2\/product_cat?post=3203"},{"taxonomy":"product_tag","embeddable":true,"href":"https:\/\/chesterboots.pt\/fr\/wp-json\/wp\/v2\/product_tag?post=3203"}],"curies":[{"name":"wp","href":"https:\/\/api.w.org\/{rel}","templated":true}]}}